{"id":7934,"date":"2023-12-07T16:39:35","date_gmt":"2023-12-07T15:39:35","guid":{"rendered":"https:\/\/elettrotecnicabc.com\/?page_id=7934"},"modified":"2024-04-04T10:38:03","modified_gmt":"2024-04-04T08:38:03","slug":"trattamento-sottovuoto","status":"publish","type":"page","link":"https:\/\/elettrotecnicabc.com\/it\/forni-umidificatori-e-stabilizzatori\/trattamento-sottovuoto\/","title":{"rendered":"Trattamento sottovuoto"},"content":{"rendered":"\n\n\t<nav id=\"breadcrumbs\" aria-label=\"Breadcrumbs\"><a href=\"https:\/\/elettrotecnicabc.com\/\">Elettrotecnica BC<\/a> | <a href=\"https:\/\/elettrotecnicabc.com\/forni-umidificatori-e-stabilizzatori\/\">Forni, umidificatori e stabilizzatori<\/a> | Trattamento sottovuoto<\/nav><h1>\n\t\tTRATTAMENTO SOTTOVUOTO\n\t<\/h1>\n\tCon 60 anni d&#8217;esperienza di studio, progettazione e produzione di tutte le serie di camere climatiche sino ad oggi progettate,<br \/>\nElettrotecnica B.C. ha<strong> rivoluzionato la tipologia di trattamento termico<\/strong>, per adattarlo al meglio ad ogni tipo di calzatura.<br \/>\nLa nuova generazione di forni e frigo dispone di sistema sottovuoto<strong> power save<\/strong>, quindi, non solo si migliora il trattamento termico della calzatura,<br \/>\nma si implementa <strong>il risparmio energetico che incider\u00e0 notevolmente sui consumi<\/strong> elevati delle aziende del settore.<br \/>\nIl vantaggio di questa nuova tecnologia \u00e8 la possibilit\u00e0 di lavorare<strong> abbinando il nuovo sistema di trattamento sottovuoto a quello termico classico.<\/strong><br \/>\nLa macchina pu\u00f2 eseguire un ciclo di trattamento termico sottovuoto con iniezione diretta di vapore\/freddo e successivamente completare la lavorazione<br \/>\ncon un ciclo termico tradizionale. Oppure, tramite programmazione, vi si pu\u00f2 scegliere se lavorare esclusivamente con nuovo sistema termico,<br \/>\nescludendo il tradizionale, oppure viceversa. La possibilit\u00e0 di combinare le tecnologie termiche tradizionali e nuove nella stessa macchina<br \/>\n\u00e8 un grande passo in avanti per tutte le lavorazioni dei vari stili delle calzature, le quali incontrano sempre pi\u00f9 difficolt\u00e0 dovute ai nuovi tipi di materiali<br \/>\ne componenti della stessa. <strong>Ad oggi queste le uniche macchine al mondo progettate per questo lavoro, in grado di rendere il massimo della qualit\u00e0.<\/strong>\n\t\t\t\t<img loading=\"lazy\" decoding=\"async\" src=\"https:\/\/elettrotecnicabc.com\/wp-content\/uploads\/2023\/11\/4000-e-5000-per-sito-1.png\" alt=\"4000 e 5000 per sito\" itemprop=\"image\" height=\"2000\" width=\"2000\" title=\"4000 e 5000 per sito\" onerror=\"this.style.display='none'\"  \/>\n<h3>\n\t\tModelli\n\t<\/h3>\n\t\t\t\tMod. 5000VACUUM\n\t\t<h4>\n\t\t5000 VACUUM &#8211; FORNO PROGRAMMATO CON SISTEMA DI INIEZIONE VAPORE\n\t<\/h4>\n<img decoding=\"async\" src=\"\/wp-content\/uploads\/\/2021\/06\/linea_top_icon.svg\" \/>\n\t\t\t\t<img decoding=\"async\" src=\"https:\/\/elettrotecnicabc.com\/wp-content\/plugins\/bb-plugin\/img\/pixel.png\" alt=\"\" itemprop=\"image\" onerror=\"this.style.display='none'\"  \/>\n\t<table>\n<thead>\n<tr>\n<th colspan=\"2\">Dati tecnici<\/th>\n<\/tr>\n<\/thead>\n<tbody>\n<tr>\n<td>DIMENSIONI: <\/td>\n<td>120 x 344 x 238<\/td>\n<\/tr>\n<tr>\n<td>PESO NETTO: <\/td>\n<td>Kg 1950<\/td>\n<\/tr>\n<tr>\n<td>POTENZA ELETTRICA: <\/td>\n<td>Kw 12<\/td>\n<\/tr>\n<tr>\n<td>CONSUMO D&#8217;ARIA: <\/td>\n<td>9,5lt\/paio<\/td>\n<\/tr>\n<tr>\n<td>PRODUZIONE GIORNALIERA: <\/td>\n<td>1400 paia<\/td>\n<\/tr>\n<\/tbody>\n<\/table>\n\t<iframe loading=\"lazy\" title=\"Mod. 5000VACUUM\" width=\"500\" height=\"281\" src=\"https:\/\/www.youtube.com\/embed\/T4G4G1W4EhI?feature=oembed\" frameborder=\"0\" allow=\"accelerometer; autoplay; clipboard-write; encrypted-media; gyroscope; picture-in-picture; web-share\" referrerpolicy=\"strict-origin-when-cross-origin\" allowfullscreen><\/iframe>\n\t\t<h3>Contattaci per saperne di pi\u00f9!<\/h3>\n\t\t<p>Vai al modulo per chiedere informazioni sui nostri prodotti!<\/p>\n\t\t\t<a href=\"#cta-moduli\" target=\"_self\" rel=\"noopener\">\n\t\t\t\t\t\t\tCONTATTACI\n\t\t\t\t\t<\/a>\n<h4>\n\t\tGALLERIA FOTO\n\t<\/h4>\n\t\t\t\t\t\t<figure>\n\t\t\t\t\t\t\t<img loading=\"lazy\" decoding=\"async\" src=\"https:\/\/elettrotecnicabc.com\/wp-content\/uploads\/2021\/06\/IMG_6233-1024x683.jpg\" alt=\"\" srcset=\"https:\/\/elettrotecnicabc.com\/wp-content\/uploads\/2021\/06\/IMG_6233-1024x683.jpg 1024w, https:\/\/elettrotecnicabc.com\/wp-content\/uploads\/2021\/06\/IMG_6233-300x200.jpg 300w, https:\/\/elettrotecnicabc.com\/wp-content\/uploads\/2021\/06\/IMG_6233-768x512.jpg 768w, https:\/\/elettrotecnicabc.com\/wp-content\/uploads\/2021\/06\/IMG_6233.jpg 1200w\" width=\"1024\" height=\"683\" \/>\n\t\t\t\t\t\t\t\t\t\t\t\t\t<\/figure>\n\t\t\t\t\t\t<figure>\n\t\t\t\t\t\t\t<img loading=\"lazy\" decoding=\"async\" src=\"https:\/\/elettrotecnicabc.com\/wp-content\/uploads\/2021\/06\/Elettrotecnica-BC-Primo-forno-1024x576.jpg\" alt=\"\" srcset=\"https:\/\/elettrotecnicabc.com\/wp-content\/uploads\/2021\/06\/Elettrotecnica-BC-Primo-forno-1024x576.jpg 1024w, https:\/\/elettrotecnicabc.com\/wp-content\/uploads\/2021\/06\/Elettrotecnica-BC-Primo-forno-300x169.jpg 300w, https:\/\/elettrotecnicabc.com\/wp-content\/uploads\/2021\/06\/Elettrotecnica-BC-Primo-forno-768x432.jpg 768w, https:\/\/elettrotecnicabc.com\/wp-content\/uploads\/2021\/06\/Elettrotecnica-BC-Primo-forno-1536x864.jpg 1536w, https:\/\/elettrotecnicabc.com\/wp-content\/uploads\/2021\/06\/Elettrotecnica-BC-Primo-forno.jpg 1920w\" width=\"1024\" height=\"576\" \/>\n\t\t\t\t\t\t\t\t\t\t\t\t\t<\/figure>\n\t\t\t\t\t\t<figure>\n\t\t\t\t\t\t\t<img loading=\"lazy\" decoding=\"async\" src=\"https:\/\/elettrotecnicabc.com\/wp-content\/uploads\/2023\/12\/IMG_6261-1-1024x683.png\" alt=\"\" srcset=\"https:\/\/elettrotecnicabc.com\/wp-content\/uploads\/2023\/12\/IMG_6261-1-1024x683.png 1024w, https:\/\/elettrotecnicabc.com\/wp-content\/uploads\/2023\/12\/IMG_6261-1-300x200.png 300w, https:\/\/elettrotecnicabc.com\/wp-content\/uploads\/2023\/12\/IMG_6261-1-768x512.png 768w, https:\/\/elettrotecnicabc.com\/wp-content\/uploads\/2023\/12\/IMG_6261-1-1536x1024.png 1536w, https:\/\/elettrotecnicabc.com\/wp-content\/uploads\/2023\/12\/IMG_6261-1-2048x1365.png 2048w\" width=\"1024\" height=\"683\" \/>\n\t\t\t\t\t\t\t\t\t\t\t\t\t<\/figure>\n\t\t\t\t\t\t<figure>\n\t\t\t\t\t\t\t<img loading=\"lazy\" decoding=\"async\" src=\"https:\/\/elettrotecnicabc.com\/wp-content\/uploads\/2023\/12\/IMG_6147-1-1-1-1024x683.jpg\" alt=\"\" srcset=\"https:\/\/elettrotecnicabc.com\/wp-content\/uploads\/2023\/12\/IMG_6147-1-1-1-1024x683.jpg 1024w, https:\/\/elettrotecnicabc.com\/wp-content\/uploads\/2023\/12\/IMG_6147-1-1-1-300x200.jpg 300w, https:\/\/elettrotecnicabc.com\/wp-content\/uploads\/2023\/12\/IMG_6147-1-1-1-768x512.jpg 768w, https:\/\/elettrotecnicabc.com\/wp-content\/uploads\/2023\/12\/IMG_6147-1-1-1-1536x1024.jpg 1536w, https:\/\/elettrotecnicabc.com\/wp-content\/uploads\/2023\/12\/IMG_6147-1-1-1-2048x1365.jpg 2048w\" width=\"1024\" height=\"683\" \/>\n\t\t\t\t\t\t\t\t\t\t\t\t\t<\/figure>\n\t\t\t\t\t\t<figure>\n\t\t\t\t\t\t\t<img loading=\"lazy\" decoding=\"async\" src=\"https:\/\/elettrotecnicabc.com\/wp-content\/uploads\/2021\/07\/Elettrotecnica-BC-Production-System-2017_Moment3-1024x576.jpg\" alt=\"\" srcset=\"https:\/\/elettrotecnicabc.com\/wp-content\/uploads\/2021\/07\/Elettrotecnica-BC-Production-System-2017_Moment3-1024x576.jpg 1024w, https:\/\/elettrotecnicabc.com\/wp-content\/uploads\/2021\/07\/Elettrotecnica-BC-Production-System-2017_Moment3-300x169.jpg 300w, https:\/\/elettrotecnicabc.com\/wp-content\/uploads\/2021\/07\/Elettrotecnica-BC-Production-System-2017_Moment3-768x432.jpg 768w, https:\/\/elettrotecnicabc.com\/wp-content\/uploads\/2021\/07\/Elettrotecnica-BC-Production-System-2017_Moment3-1536x864.jpg 1536w, https:\/\/elettrotecnicabc.com\/wp-content\/uploads\/2021\/07\/Elettrotecnica-BC-Production-System-2017_Moment3.jpg 1920w\" width=\"1024\" height=\"576\" \/>\n\t\t\t\t\t\t\t\t\t\t\t\t\t<\/figure>\n\t\t\t\t\t\t<figure>\n\t\t\t\t\t\t\t<img loading=\"lazy\" decoding=\"async\" src=\"https:\/\/elettrotecnicabc.com\/wp-content\/uploads\/2023\/12\/panoramica-BC.V2-1-1.jpg\" alt=\"\" width=\"10945\" height=\"6255\" \/>\n\t\t\t\t\t\t\t\t\t\t\t\t\t<\/figure>\n\t\t\t\t\t\t\t\t<!-- navigation arrows -->\n\t\t\t<button aria-label=\"Previous slide\" role=\"button\" tabindex=\"0\">\n\t\t\t<\/button>\n\t\t\t<button aria-label=\"Next slide\" role=\"button\" tabindex=\"0\">\n\t\t\t<\/button>\n\t\t\t\t\t\t<!-- pagination -->\n\t<h2>\n\t\tContattaci per maggiori informazioni !\n\t<\/h2>\n\t<p>Compila questo modulo per chiedere informazioni sui nostri prodotti.<\/p>\n\t\n\t\n \n<form action=\"\/?page_id=7934&#038;fl_builder#wpcf7-f172-o1\" method=\"post\" aria-label=\"Modulo di contatto\" novalidate=\"novalidate\" data-status=\"init\">\n<input type=\"hidden\" name=\"_wpcf7\" value=\"172\" \/>\n<input type=\"hidden\" name=\"_wpcf7_version\" value=\"5.8.6\" \/>\n<input type=\"hidden\" name=\"_wpcf7_locale\" value=\"it_IT\" \/>\n<input type=\"hidden\" name=\"_wpcf7_unit_tag\" value=\"wpcf7-f172-o1\" \/>\n<input type=\"hidden\" name=\"_wpcf7_container_post\" value=\"0\" \/>\n<input type=\"hidden\" name=\"_wpcf7_posted_data_hash\" value=\"\" \/>\n<input type=\"hidden\" name=\"_wpcf7_recaptcha_response\" value=\"\" \/>\n\t\t<input size=\"40\" aria-required=\"true\" aria-invalid=\"false\" placeholder=\"Nome e Cognome*\" value=\"\" type=\"text\" name=\"nome\" \/>\n\t\t\n\t\t<input size=\"40\" aria-invalid=\"false\" placeholder=\"Azienda\" value=\"\" type=\"text\" name=\"azienda\" \/>\n\t\t\n\t\t<input size=\"40\" aria-invalid=\"false\" placeholder=\"Telefono\" value=\"\" type=\"tel\" name=\"tel\" \/>\n\t\t\n\t\t<input size=\"40\" aria-required=\"true\" aria-invalid=\"false\" placeholder=\"Email*\" value=\"\" type=\"email\" name=\"indirizzo-mail\" \/>\n\t\t\n\t\t<select aria-required=\"true\" aria-invalid=\"false\" name=\"Richiestainformazioneriguardo\"><option value=\"\">Richiesta informazione riguardo a &#8230;*<\/option><option value=\"Consulenza generale\">Consulenza generale<\/option><option value=\"Preventivo macchina\">Preventivo macchina<\/option><option value=\"Preventivo linea completa\">Preventivo linea completa<\/option><option value=\"Altro\">Altro<\/option><\/select>\n\t\t\n\t\t<textarea cols=\"40\" rows=\"10\" aria-required=\"true\" aria-invalid=\"false\" placeholder=\"Messaggio*\" name=\"messaggio\"><\/textarea>\n\t\t\n\t\t<label><input type=\"checkbox\" name=\"privacy\" value=\"1\" aria-invalid=\"false\" \/><small> Confermo di aver preso visione dell&#8217;informativa sulla <a href=\"https:\/\/elettrotecnicabc.com\/privacy-policy\/\" title=\"Privacy Policy\">Privacy<\/a>.*<\/small><\/label>\n\t\t\n\t\t<label><input type=\"checkbox\" name=\"marketing\" value=\"1\" aria-invalid=\"false\" \/><small> Autorizzo a ricevere informazioni di marketing\/commerciali<\/small><\/label>\n\t\t\n\t\t<input type=\"submit\" value=\"Invia messaggio\" \/>\n\t\t\n\t\t<small>I tuoi dati sono protetti: <a href=\"https:\/\/elettrotecnicabc.com\/privacy-policy\/\" target=\"_blank\" rel=\"noopener\">privacy policy<\/a>. La richiesta di informazioni \u00e8 gratuita e non impegnativa.<\/small>\n\t\t\n\t<p><input type=\"hidden\" name=\"referer-page\" value=\"https:\/\/elettrotecnicabc.com\/forni-umidificatori-e-stabilizzatori\/trattamento-sottovuoto\/?fl_builder&#038;fl_builder_ui_iframe\" data-value=\"https:\/\/elettrotecnicabc.com\/forni-umidificatori-e-stabilizzatori\/trattamento-sottovuoto\/?fl_builder&#038;fl_builder_ui_iframe\" aria-invalid=\"false\"\/><\/p>\n<!-- Chimpmatic extension by Renzo Johnson -->\n<\/form>\n\n","protected":false},"excerpt":{"rendered":"<p>Elettrotecnica BC | Forni, umidificatori e stabilizzatori | Trattamento sottovuoto TRATTAMENTO SOTTOVUOTO Con 60 anni d&#8217;esperienza di studio, progettazione e produzione di tutte le serie di camere climatiche sino ad oggi progettate, Elettrotecnica B.C. ha rivoluzionato la tipologia di trattamento termico, per adattarlo al meglio ad ogni tipo di calzatura. La nuova generazione di forni [&hellip;]<\/p>\n","protected":false},"author":5,"featured_media":7887,"parent":2979,"menu_order":0,"comment_status":"closed","ping_status":"closed","template":"","meta":{"_acf_changed":false,"inline_featured_image":false,"site-sidebar-layout":"no-sidebar","site-content-layout":"page-builder","ast-site-content-layout":"full-width-container","site-content-style":"unboxed","site-sidebar-style":"unboxed","ast-global-header-display":"","ast-banner-title-visibility":"","ast-main-header-display":"","ast-hfb-above-header-display":"","ast-hfb-below-header-display":"","ast-hfb-mobile-header-display":"","site-post-title":"disabled","ast-breadcrumbs-content":"","ast-featured-img":"disabled","footer-sml-layout":"","theme-transparent-header-meta":"default","adv-header-id-meta":"","stick-header-meta":"default","header-above-stick-meta":"","header-main-stick-meta":"","header-below-stick-meta":"","astra-migrate-meta-layouts":"set","ast-page-background-enabled":"default","ast-page-background-meta":{"desktop":{"background-color":"","background-image":"","background-repeat":"repeat","background-position":"center center","background-size":"auto","background-attachment":"scroll","background-type":"","background-media":"","overlay-type":"","overlay-color":"","overlay-opacity":"","overlay-gradient":""},"tablet":{"background-color":"","background-image":"","background-repeat":"repeat","background-position":"center center","background-size":"auto","background-attachment":"scroll","background-type":"","background-media":"","overlay-type":"","overlay-color":"","overlay-opacity":"","overlay-gradient":""},"mobile":{"background-color":"","background-image":"","background-repeat":"repeat","background-position":"center center","background-size":"auto","background-attachment":"scroll","background-type":"","background-media":"","overlay-type":"","overlay-color":"","overlay-opacity":"","overlay-gradient":""}},"ast-content-background-meta":{"desktop":{"background-color":"var(--ast-global-color-5)","background-image":"","background-repeat":"repeat","background-position":"center center","background-size":"auto","background-attachment":"scroll","background-type":"","background-media":"","overlay-type":"","overlay-color":"","overlay-opacity":"","overlay-gradient":""},"tablet":{"background-color":"var(--ast-global-color-5)","background-image":"","background-repeat":"repeat","background-position":"center center","background-size":"auto","background-attachment":"scroll","background-type":"","background-media":"","overlay-type":"","overlay-color":"","overlay-opacity":"","overlay-gradient":""},"mobile":{"background-color":"var(--ast-global-color-5)","background-image":"","background-repeat":"repeat","background-position":"center center","background-size":"auto","background-attachment":"scroll","background-type":"","background-media":"","overlay-type":"","overlay-color":"","overlay-opacity":"","overlay-gradient":""}},"footnotes":""},"tipo-pagine":[63],"categoria-pagine":[89],"class_list":["post-7934","page","type-page","status-publish","has-post-thumbnail","hentry","tipo-pagine-categorie-prodotti","categoria-pagine-forni-umidificatori-e-stabilizzatori"],"acf":[],"yoast_head":"<!-- This site is optimized with the Yoast SEO plugin v26.3 - https:\/\/yoast.com\/wordpress\/plugins\/seo\/ -->\n<title>Trattamento sottovuoto | ElettrotecnicaBC<\/title>\n<meta name=\"description\" content=\"Elettrotecnica BC | Forni, umidificatori e stabilizzatori | Trattamento sottovuoto TRATTAMENTO SOTTOVUOTO Con 60 anni d&#039;esperienza di studio,\" \/>\n<meta name=\"robots\" content=\"index, follow, max-snippet:-1, max-image-preview:large, max-video-preview:-1\" \/>\n<link rel=\"canonical\" href=\"https:\/\/elettrotecnicabc.com\/it\/forni-umidificatori-e-stabilizzatori\/trattamento-sottovuoto\/\" \/>\n<meta property=\"og:locale\" content=\"it_IT\" \/>\n<meta property=\"og:type\" content=\"article\" \/>\n<meta property=\"og:title\" content=\"Trattamento sottovuoto | ElettrotecnicaBC\" \/>\n<meta property=\"og:description\" content=\"Elettrotecnica BC | Forni, umidificatori e stabilizzatori | Trattamento sottovuoto TRATTAMENTO SOTTOVUOTO Con 60 anni d&#039;esperienza di studio,\" \/>\n<meta property=\"og:url\" content=\"https:\/\/elettrotecnicabc.com\/it\/forni-umidificatori-e-stabilizzatori\/trattamento-sottovuoto\/\" \/>\n<meta property=\"og:site_name\" content=\"ElettrotecnicaBC\" \/>\n<meta property=\"article:publisher\" content=\"https:\/\/www.facebook.com\/elettrotecnicabc\/\" \/>\n<meta property=\"article:modified_time\" content=\"2024-04-04T08:38:03+00:00\" \/>\n<meta property=\"og:image\" content=\"https:\/\/elettrotecnicabc.com\/wp-content\/uploads\/2023\/11\/5000-scontornata.png\" \/>\n\t<meta property=\"og:image:width\" content=\"963\" \/>\n\t<meta property=\"og:image:height\" content=\"1311\" \/>\n\t<meta property=\"og:image:type\" content=\"image\/png\" \/>\n<meta name=\"twitter:card\" content=\"summary_large_image\" \/>\n<script type=\"application\/ld+json\" class=\"yoast-schema-graph\">{\"@context\":\"https:\/\/schema.org\",\"@graph\":[{\"@type\":\"WebPage\",\"@id\":\"https:\/\/elettrotecnicabc.com\/it\/forni-umidificatori-e-stabilizzatori\/trattamento-sottovuoto\/\",\"url\":\"https:\/\/elettrotecnicabc.com\/it\/forni-umidificatori-e-stabilizzatori\/trattamento-sottovuoto\/\",\"name\":\"Trattamento sottovuoto | ElettrotecnicaBC\",\"isPartOf\":{\"@id\":\"https:\/\/elettrotecnicabc.com\/it\/#website\"},\"primaryImageOfPage\":{\"@id\":\"https:\/\/elettrotecnicabc.com\/it\/forni-umidificatori-e-stabilizzatori\/trattamento-sottovuoto\/#primaryimage\"},\"image\":{\"@id\":\"https:\/\/elettrotecnicabc.com\/it\/forni-umidificatori-e-stabilizzatori\/trattamento-sottovuoto\/#primaryimage\"},\"thumbnailUrl\":\"https:\/\/elettrotecnicabc.com\/wp-content\/uploads\/2023\/11\/5000-scontornata.png\",\"datePublished\":\"2023-12-07T15:39:35+00:00\",\"dateModified\":\"2024-04-04T08:38:03+00:00\",\"description\":\"Elettrotecnica BC | Forni, umidificatori e stabilizzatori | Trattamento sottovuoto TRATTAMENTO SOTTOVUOTO Con 60 anni d'esperienza di studio,\",\"breadcrumb\":{\"@id\":\"https:\/\/elettrotecnicabc.com\/it\/forni-umidificatori-e-stabilizzatori\/trattamento-sottovuoto\/#breadcrumb\"},\"inLanguage\":\"it-IT\",\"potentialAction\":[{\"@type\":\"ReadAction\",\"target\":[\"https:\/\/elettrotecnicabc.com\/it\/forni-umidificatori-e-stabilizzatori\/trattamento-sottovuoto\/\"]}]},{\"@type\":\"ImageObject\",\"inLanguage\":\"it-IT\",\"@id\":\"https:\/\/elettrotecnicabc.com\/it\/forni-umidificatori-e-stabilizzatori\/trattamento-sottovuoto\/#primaryimage\",\"url\":\"https:\/\/elettrotecnicabc.com\/wp-content\/uploads\/2023\/11\/5000-scontornata.png\",\"contentUrl\":\"https:\/\/elettrotecnicabc.com\/wp-content\/uploads\/2023\/11\/5000-scontornata.png\",\"width\":963,\"height\":1311},{\"@type\":\"BreadcrumbList\",\"@id\":\"https:\/\/elettrotecnicabc.com\/it\/forni-umidificatori-e-stabilizzatori\/trattamento-sottovuoto\/#breadcrumb\",\"itemListElement\":[{\"@type\":\"ListItem\",\"position\":1,\"name\":\"Elettrotecnica BC\",\"item\":\"https:\/\/elettrotecnicabc.com\/it\/\"},{\"@type\":\"ListItem\",\"position\":2,\"name\":\"Forni, umidificatori e stabilizzatori\",\"item\":\"https:\/\/elettrotecnicabc.com\/it\/forni-umidificatori-e-stabilizzatori\/\"},{\"@type\":\"ListItem\",\"position\":3,\"name\":\"Trattamento sottovuoto\"}]},{\"@type\":\"WebSite\",\"@id\":\"https:\/\/elettrotecnicabc.com\/it\/#website\",\"url\":\"https:\/\/elettrotecnicabc.com\/it\/\",\"name\":\"ElettrotecnicaBC\",\"description\":\"Produttori di macchinari per calzature\",\"publisher\":{\"@id\":\"https:\/\/elettrotecnicabc.com\/it\/#organization\"},\"potentialAction\":[{\"@type\":\"SearchAction\",\"target\":{\"@type\":\"EntryPoint\",\"urlTemplate\":\"https:\/\/elettrotecnicabc.com\/it\/?s={search_term_string}\"},\"query-input\":{\"@type\":\"PropertyValueSpecification\",\"valueRequired\":true,\"valueName\":\"search_term_string\"}}],\"inLanguage\":\"it-IT\"},{\"@type\":\"Organization\",\"@id\":\"https:\/\/elettrotecnicabc.com\/it\/#organization\",\"name\":\"Elettrotecnica BC\",\"url\":\"https:\/\/elettrotecnicabc.com\/it\/\",\"logo\":{\"@type\":\"ImageObject\",\"inLanguage\":\"it-IT\",\"@id\":\"https:\/\/elettrotecnicabc.com\/it\/#\/schema\/logo\/image\/\",\"url\":\"https:\/\/elettrotecnicabc.com\/wp-content\/uploads\/2021\/06\/Logo-trasp-rifinito.png\",\"contentUrl\":\"https:\/\/elettrotecnicabc.com\/wp-content\/uploads\/2021\/06\/Logo-trasp-rifinito.png\",\"width\":460,\"height\":365,\"caption\":\"Elettrotecnica BC\"},\"image\":{\"@id\":\"https:\/\/elettrotecnicabc.com\/it\/#\/schema\/logo\/image\/\"},\"sameAs\":[\"https:\/\/www.facebook.com\/elettrotecnicabc\/\",\"https:\/\/www.instagram.com\/elettrotecnica_bc\/\",\"https:\/\/www.linkedin.com\/company\/elettrotecnicabc\/\",\"https:\/\/www.youtube.com\/user\/ElettrotecnicaBC\/videos\"]}]}<\/script>\n<!-- \/ Yoast SEO plugin. -->","yoast_head_json":{"title":"Trattamento sottovuoto | ElettrotecnicaBC","description":"Elettrotecnica BC | Forni, umidificatori e stabilizzatori | Trattamento sottovuoto TRATTAMENTO SOTTOVUOTO Con 60 anni d'esperienza di studio,","robots":{"index":"index","follow":"follow","max-snippet":"max-snippet:-1","max-image-preview":"max-image-preview:large","max-video-preview":"max-video-preview:-1"},"canonical":"https:\/\/elettrotecnicabc.com\/it\/forni-umidificatori-e-stabilizzatori\/trattamento-sottovuoto\/","og_locale":"it_IT","og_type":"article","og_title":"Trattamento sottovuoto | ElettrotecnicaBC","og_description":"Elettrotecnica BC | Forni, umidificatori e stabilizzatori | Trattamento sottovuoto TRATTAMENTO SOTTOVUOTO Con 60 anni d'esperienza di studio,","og_url":"https:\/\/elettrotecnicabc.com\/it\/forni-umidificatori-e-stabilizzatori\/trattamento-sottovuoto\/","og_site_name":"ElettrotecnicaBC","article_publisher":"https:\/\/www.facebook.com\/elettrotecnicabc\/","article_modified_time":"2024-04-04T08:38:03+00:00","og_image":[{"width":963,"height":1311,"url":"https:\/\/elettrotecnicabc.com\/wp-content\/uploads\/2023\/11\/5000-scontornata.png","type":"image\/png"}],"twitter_card":"summary_large_image","schema":{"@context":"https:\/\/schema.org","@graph":[{"@type":"WebPage","@id":"https:\/\/elettrotecnicabc.com\/it\/forni-umidificatori-e-stabilizzatori\/trattamento-sottovuoto\/","url":"https:\/\/elettrotecnicabc.com\/it\/forni-umidificatori-e-stabilizzatori\/trattamento-sottovuoto\/","name":"Trattamento sottovuoto | ElettrotecnicaBC","isPartOf":{"@id":"https:\/\/elettrotecnicabc.com\/it\/#website"},"primaryImageOfPage":{"@id":"https:\/\/elettrotecnicabc.com\/it\/forni-umidificatori-e-stabilizzatori\/trattamento-sottovuoto\/#primaryimage"},"image":{"@id":"https:\/\/elettrotecnicabc.com\/it\/forni-umidificatori-e-stabilizzatori\/trattamento-sottovuoto\/#primaryimage"},"thumbnailUrl":"https:\/\/elettrotecnicabc.com\/wp-content\/uploads\/2023\/11\/5000-scontornata.png","datePublished":"2023-12-07T15:39:35+00:00","dateModified":"2024-04-04T08:38:03+00:00","description":"Elettrotecnica BC | Forni, umidificatori e stabilizzatori | Trattamento sottovuoto TRATTAMENTO SOTTOVUOTO Con 60 anni d'esperienza di studio,","breadcrumb":{"@id":"https:\/\/elettrotecnicabc.com\/it\/forni-umidificatori-e-stabilizzatori\/trattamento-sottovuoto\/#breadcrumb"},"inLanguage":"it-IT","potentialAction":[{"@type":"ReadAction","target":["https:\/\/elettrotecnicabc.com\/it\/forni-umidificatori-e-stabilizzatori\/trattamento-sottovuoto\/"]}]},{"@type":"ImageObject","inLanguage":"it-IT","@id":"https:\/\/elettrotecnicabc.com\/it\/forni-umidificatori-e-stabilizzatori\/trattamento-sottovuoto\/#primaryimage","url":"https:\/\/elettrotecnicabc.com\/wp-content\/uploads\/2023\/11\/5000-scontornata.png","contentUrl":"https:\/\/elettrotecnicabc.com\/wp-content\/uploads\/2023\/11\/5000-scontornata.png","width":963,"height":1311},{"@type":"BreadcrumbList","@id":"https:\/\/elettrotecnicabc.com\/it\/forni-umidificatori-e-stabilizzatori\/trattamento-sottovuoto\/#breadcrumb","itemListElement":[{"@type":"ListItem","position":1,"name":"Elettrotecnica BC","item":"https:\/\/elettrotecnicabc.com\/it\/"},{"@type":"ListItem","position":2,"name":"Forni, umidificatori e stabilizzatori","item":"https:\/\/elettrotecnicabc.com\/it\/forni-umidificatori-e-stabilizzatori\/"},{"@type":"ListItem","position":3,"name":"Trattamento sottovuoto"}]},{"@type":"WebSite","@id":"https:\/\/elettrotecnicabc.com\/it\/#website","url":"https:\/\/elettrotecnicabc.com\/it\/","name":"ElettrotecnicaBC","description":"Produttori di macchinari per calzature","publisher":{"@id":"https:\/\/elettrotecnicabc.com\/it\/#organization"},"potentialAction":[{"@type":"SearchAction","target":{"@type":"EntryPoint","urlTemplate":"https:\/\/elettrotecnicabc.com\/it\/?s={search_term_string}"},"query-input":{"@type":"PropertyValueSpecification","valueRequired":true,"valueName":"search_term_string"}}],"inLanguage":"it-IT"},{"@type":"Organization","@id":"https:\/\/elettrotecnicabc.com\/it\/#organization","name":"Elettrotecnica BC","url":"https:\/\/elettrotecnicabc.com\/it\/","logo":{"@type":"ImageObject","inLanguage":"it-IT","@id":"https:\/\/elettrotecnicabc.com\/it\/#\/schema\/logo\/image\/","url":"https:\/\/elettrotecnicabc.com\/wp-content\/uploads\/2021\/06\/Logo-trasp-rifinito.png","contentUrl":"https:\/\/elettrotecnicabc.com\/wp-content\/uploads\/2021\/06\/Logo-trasp-rifinito.png","width":460,"height":365,"caption":"Elettrotecnica BC"},"image":{"@id":"https:\/\/elettrotecnicabc.com\/it\/#\/schema\/logo\/image\/"},"sameAs":["https:\/\/www.facebook.com\/elettrotecnicabc\/","https:\/\/www.instagram.com\/elettrotecnica_bc\/","https:\/\/www.linkedin.com\/company\/elettrotecnicabc\/","https:\/\/www.youtube.com\/user\/ElettrotecnicaBC\/videos"]}]}},"_links":{"self":[{"href":"https:\/\/elettrotecnicabc.com\/it\/wp-json\/wp\/v2\/pages\/7934","targetHints":{"allow":["GET"]}}],"collection":[{"href":"https:\/\/elettrotecnicabc.com\/it\/wp-json\/wp\/v2\/pages"}],"about":[{"href":"https:\/\/elettrotecnicabc.com\/it\/wp-json\/wp\/v2\/types\/page"}],"author":[{"embeddable":true,"href":"https:\/\/elettrotecnicabc.com\/it\/wp-json\/wp\/v2\/users\/5"}],"replies":[{"embeddable":true,"href":"https:\/\/elettrotecnicabc.com\/it\/wp-json\/wp\/v2\/comments?post=7934"}],"version-history":[{"count":9,"href":"https:\/\/elettrotecnicabc.com\/it\/wp-json\/wp\/v2\/pages\/7934\/revisions"}],"predecessor-version":[{"id":8431,"href":"https:\/\/elettrotecnicabc.com\/it\/wp-json\/wp\/v2\/pages\/7934\/revisions\/8431"}],"up":[{"embeddable":true,"href":"https:\/\/elettrotecnicabc.com\/it\/wp-json\/wp\/v2\/pages\/2979"}],"wp:featuredmedia":[{"embeddable":true,"href":"https:\/\/elettrotecnicabc.com\/it\/wp-json\/wp\/v2\/media\/7887"}],"wp:attachment":[{"href":"https:\/\/elettrotecnicabc.com\/it\/wp-json\/wp\/v2\/media?parent=7934"}],"wp:term":[{"taxonomy":"tipo-pagine","embeddable":true,"href":"https:\/\/elettrotecnicabc.com\/it\/wp-json\/wp\/v2\/tipo-pagine?post=7934"},{"taxonomy":"categoria-pagine","embeddable":true,"href":"https:\/\/elettrotecnicabc.com\/it\/wp-json\/wp\/v2\/categoria-pagine?post=7934"}],"curies":[{"name":"wp","href":"https:\/\/api.w.org\/{rel}","templated":true}]}}