{"id":1199,"date":"2021-06-22T11:35:46","date_gmt":"2021-06-22T09:35:46","guid":{"rendered":"https:\/\/elettrotecnicabc.com\/wp\/?page_id=1199"},"modified":"2024-06-14T17:23:15","modified_gmt":"2024-06-14T15:23:15","slug":"umidificatori-totali","status":"publish","type":"page","link":"https:\/\/elettrotecnicabc.com\/it\/forni-umidificatori-e-stabilizzatori\/umidificatori-totali\/","title":{"rendered":"Umidificatori totali"},"content":{"rendered":"\r\n<p><a href=\"https:\/\/elettrotecnicabc.com\/wp\/\">Elettronica BC<\/a> | Umidificatori totali<\/p>\r\n<h1>Umidificatori totali<\/h1>\r\n<p><strong>Innovazione, funzionalit\u00e0, efficacia<\/strong>: questi sono solo alcuni dei principali criteri che seguiamo per progettare e costruire le macchine che offriamo ai fabbricanti di calzature.<\/p>\r\n<p>Ed \u00e8 proprio cos\u00ec che \u00e8 nata anche la nostra serie di umidificatori: i modelli disponibili, coperti da brevetto, sono gli unici a possedere un <strong>sistema di riciclo aria<\/strong>, oltre ad avere una <strong>quantit\u00e0 di vapore ben superiore<\/strong> rispetto ad altri tipi di macchine.<\/p>\r\n<p>Grazie all&#8217;uso combinato di aria calda e vapore riscaldato, la tomaia viene ammorbidita perfettamente senza rimanere bagnata, caratteristica che permette poi una perfetta garbatura in fase di montaggio.<\/p>\r\n<p>Scopri tutti i modelli di umidificatori disponibili, sfoglia il nostro catalogo!<\/p>\r\n<p><img decoding=\"async\" src=\"https:\/\/elettrotecnicabc.com\/wp-content\/plugins\/bb-plugin\/img\/pixel.png\" alt=\"\" \/><\/p>\r\n<h3>Contattaci per saperne di pi\u00f9!<\/h3>\r\n<p>Lorem ipsum dolor sit amet, consectetur adipiscing elit.<\/p>\r\n<p><a role=\"button\" href=\"#cta-moduli\" target=\"_self\" rel=\"noopener\"> CONTATTACI <\/a><\/p>\r\n<h3>Modelli<\/h3>\r\n<p>Mod. 241<\/p>\r\n<h4>Umidificatore tomaie con carrelli a 2 posti con aria calda\/vapore, con doppia regolazione della velocit\u00e0 dell&#8217;aria &#8211; Brevettato &#8211;<\/h4>\r\n<p><img decoding=\"async\" src=\"https:\/\/elettrotecnicabc.com\/wp-content\/uploads\/2021\/06\/Raggruppa-168.png\" alt=\"Linea Top\" \/> <img decoding=\"async\" src=\"https:\/\/elettrotecnicabc.com\/wp-content\/uploads\/2021\/06\/Umidificatori-totali-241.png\" alt=\"Umidificatori totali 241\" \/> Funzionamento elettropneumatico. Il vapore riscaldato, miscelato all&#8217;aria calda ammorbidisce perfettamente la tomaia senza bagnarla permettendo una perfetta garzatura in fase di montaggio.<\/p>\r\n<ul>\r\n<li>Quantit\u00e0 di vapore regolabile fino a 6,5 m3\/h<\/li>\r\n<li>Temperatura aria regolabile fino a 200\u00b0C<\/li>\r\n<li>Tempi lavoro regolabili fino a 30&#8243;<\/li>\r\n<\/ul>\r\n<table>\r\n<thead>\r\n<tr>\r\n<th colspan=\"2\">Dati tecnici<\/th>\r\n<\/tr>\r\n<\/thead>\r\n<tbody>\r\n<tr>\r\n<td>Produzione massima:<\/td>\r\n<td>175 paia\/ora<\/td>\r\n<\/tr>\r\n<tr>\r\n<td>Consumo Aria 3 BAR:<\/td>\r\n<td>50 Lt\/Min.<\/td>\r\n<\/tr>\r\n<tr>\r\n<td>Potenza Elettrica:<\/td>\r\n<td>7 Kw<\/td>\r\n<\/tr>\r\n<tr>\r\n<td>Dimensioni:<\/td>\r\n<td>cm. 65x85x133<\/td>\r\n<\/tr>\r\n<tr>\r\n<td>Peso Netto:<\/td>\r\n<td>Kg. 125<\/td>\r\n<\/tr>\r\n<tr>\r\n<td>Peso Lordo con Gabbia:<\/td>\r\n<td>Kg. 180<\/td>\r\n<\/tr>\r\n<\/tbody>\r\n<\/table>\r\n<p>Mod. 241\/S<\/p>\r\n<h4>Umidificatore tomaie manuale senza carrelli a 2 posti con aria calda\/vapore, con doppia regolazione della velocit\u00e0 dell&#8217;aria &#8211; Brevettato &#8211;<\/h4>\r\n<p><img decoding=\"async\" src=\"https:\/\/elettrotecnicabc.com\/wp-content\/uploads\/2021\/06\/Raggruppa-168.png\" alt=\"Linea Top\" \/> <img decoding=\"async\" src=\"https:\/\/elettrotecnicabc.com\/wp-content\/uploads\/2021\/06\/Umidificatori-totali-241S.png\" alt=\"Umidificatori totali 241\/S\" \/> Il vapore riscaldato. Miscelato all&#8217;aria calda ammorbidisce perfettamente la tomaia senza bagnarla permettendo una perfetta garbatura in fase di montaggio.<\/p>\r\n<ul>\r\n<li>Quantit\u00e0 di vapore regolabile fino a 6,5 m3\/h<\/li>\r\n<li>Temperatura aria regolabile fino a 200\u00b0C<\/li>\r\n<\/ul>\r\n<table>\r\n<thead>\r\n<tr>\r\n<th colspan=\"2\">Dati tecnici<\/th>\r\n<\/tr>\r\n<\/thead>\r\n<tbody>\r\n<tr>\r\n<td>Produzione massima:<\/td>\r\n<td>175 paia\/ora<\/td>\r\n<\/tr>\r\n<tr>\r\n<td>Consumo Aria 3 BAR:<\/td>\r\n<td>40 Lt\/Min.<\/td>\r\n<\/tr>\r\n<tr>\r\n<td>Potenza Elettrica:<\/td>\r\n<td>7 Kw<\/td>\r\n<\/tr>\r\n<tr>\r\n<td>Dimensioni:<\/td>\r\n<td>cm. 65x77x133<\/td>\r\n<\/tr>\r\n<tr>\r\n<td>Peso Netto:<\/td>\r\n<td>Kg. 115<\/td>\r\n<\/tr>\r\n<tr>\r\n<td>Peso Lordo con Gabbia:<\/td>\r\n<td>Kg. 165<\/td>\r\n<\/tr>\r\n<\/tbody>\r\n<\/table>\r\n<p>Mod. 241\/TS<\/p>\r\n<h4>Macchina a 2 posti programmata con touchscreen per umidificare tutta la tomaia e riattivare puntale e contrafforte prima del montaggio. &#8211; BREVETTATO &#8211;<\/h4>\r\n<p><img decoding=\"async\" src=\"https:\/\/elettrotecnicabc.com\/wp-content\/uploads\/2021\/06\/Raggruppa-168.png\" alt=\"Linea Top\" \/> <img decoding=\"async\" src=\"https:\/\/elettrotecnicabc.com\/wp-content\/uploads\/2021\/06\/Umidificatori-totali-Mod-241-TS.png\" alt=\"Umidificatori totali 241\/TS\" \/> Ciclo di funzionamento auto programmabile peri diversi materiali!. il vapore riscaldato, miscelato all&#8217;aria calda, ammorbidisce perfettamente la tomaia senza bagnarla permettendo una perfetta garbatura in fase di montaggio.<\/p>\r\n<ul>\r\n<li>Quantit\u00e0 di vapore regolabile fino a 6,5 m3\/h<\/li>\r\n<li>Temperatura aria regolabile fino a 200\u00b0C<\/li>\r\n<li>Tempi di lavoro regolabili a seconda dei materiali<\/li>\r\n<\/ul>\r\n<table>\r\n<thead>\r\n<tr>\r\n<th colspan=\"2\">Dati tecnici<\/th>\r\n<\/tr>\r\n<\/thead>\r\n<tbody>\r\n<tr>\r\n<td>Produzione massima:<\/td>\r\n<td>175 paia\/ora<\/td>\r\n<\/tr>\r\n<tr>\r\n<td>Consumo Aria 3 BAR:<\/td>\r\n<td>50 Lt\/Min.<\/td>\r\n<\/tr>\r\n<tr>\r\n<td>Potenza Elettrica:<\/td>\r\n<td>7 Kw<\/td>\r\n<\/tr>\r\n<tr>\r\n<td>Dimensioni:<\/td>\r\n<td>cm 60 x 86 x 157<\/td>\r\n<\/tr>\r\n<tr>\r\n<td>Peso Netto:<\/td>\r\n<td>Kg 125<\/td>\r\n<\/tr>\r\n<tr>\r\n<td>Peso Lordo con Gabbia:<\/td>\r\n<td>Kg. 165<\/td>\r\n<\/tr>\r\n<\/tbody>\r\n<\/table>\r\n<p>Mod. 242<\/p>\r\n<h4>Umidificatore tomaie manuale senza carrelli a 4 posti con aria calda\/vapore, con doppia regolazione della velocit\u00e0 dell&#8217;aria &#8211; Brevettato &#8211;<\/h4>\r\n<p><img decoding=\"async\" src=\"https:\/\/elettrotecnicabc.com\/wp-content\/uploads\/2021\/06\/Raggruppa-168.png\" alt=\"Linea Top\" \/> <img decoding=\"async\" src=\"https:\/\/elettrotecnicabc.com\/wp-content\/uploads\/2021\/06\/Umidificatori-totali-242.png\" alt=\"Umidificatori totali 242\" \/> Il vapore riscaldato miscelato all&#8217;aria calda ammorbidisce perfettamente la tomaia senza bagnarla permettendo una perfetta garbatura in fase di montaggio.<\/p>\r\n<ul>\r\n<li>Quantit\u00e0 di vapore regolabile fino a 13 m3\/h<\/li>\r\n<li>Temperatura aria regolabile fino a 200\u00b0C<\/li>\r\n<\/ul>\r\n<table>\r\n<thead>\r\n<tr>\r\n<th colspan=\"2\">Dati tecnici<\/th>\r\n<\/tr>\r\n<\/thead>\r\n<tbody>\r\n<tr>\r\n<td>Produzione massima:<\/td>\r\n<td>350 paia\/ora<\/td>\r\n<\/tr>\r\n<tr>\r\n<td>Consumo Aria 3 BAR:<\/td>\r\n<td>80 Lt\/Min.<\/td>\r\n<\/tr>\r\n<tr>\r\n<td>Potenza Elettrica:<\/td>\r\n<td>14 Kw<\/td>\r\n<\/tr>\r\n<tr>\r\n<td>Dimensioni:<\/td>\r\n<td>cm. 107x77x133<\/td>\r\n<\/tr>\r\n<tr>\r\n<td>Peso Netto:<\/td>\r\n<td>Kg. 200<\/td>\r\n<\/tr>\r\n<tr>\r\n<td>Peso Lordo con Gabbia:<\/td>\r\n<td>Kg. 280<\/td>\r\n<\/tr>\r\n<\/tbody>\r\n<\/table>\r\n<h4>GALLERIA FOTO<\/h4>\r\n<!-- navigation arrows -->\r\n<p>&nbsp;<\/p>\r\n<!-- pagination -->\r\n<h2>Contattaci per maggiori informazioni !<\/h2>\r\n<p>Lorem ipsum dolor sit amet, consetetur sadipscing elitr, sed diam nonumy eirmod tempor invidunt ut labore et dolore magna aliquyam erat, sed diam voluptua.<\/p>\r\n<h3>\u00a0<\/h3>\r\n<form action=\"\/?page_id=1199&amp;fl_builder#wpcf7-f172-o1\" method=\"post\" novalidate=\"novalidate\" data-status=\"init\"><input name=\"_wpcf7\" type=\"hidden\" value=\"172\" \/> <input name=\"_wpcf7_version\" type=\"hidden\" value=\"5.4.1\" \/> <input name=\"_wpcf7_locale\" type=\"hidden\" value=\"it_IT\" \/> <input name=\"_wpcf7_unit_tag\" type=\"hidden\" value=\"wpcf7-f172-o1\" \/> <input name=\"_wpcf7_container_post\" type=\"hidden\" value=\"0\" \/> <input name=\"_wpcf7_posted_data_hash\" type=\"hidden\" value=\"\" \/> <input name=\"nome\" size=\"40\" type=\"text\" value=\"\" placeholder=\"Nome e Cognome*\" aria-required=\"true\" aria-invalid=\"false\" \/> <input name=\"azienda\" size=\"40\" type=\"text\" value=\"\" placeholder=\"Azienda\" aria-invalid=\"false\" \/> <input name=\"tel\" size=\"40\" type=\"tel\" value=\"\" placeholder=\"Telefono*\" aria-invalid=\"false\" \/> <input name=\"indirizzo-mail\" size=\"40\" type=\"email\" value=\"\" placeholder=\"Email*\" aria-required=\"true\" aria-invalid=\"false\" \/> <textarea cols=\"40\" name=\"messaggio\" rows=\"10\" placeholder=\"Messaggio\" aria-required=\"true\" aria-invalid=\"false\"><\/textarea> <label><input name=\"privacy\" type=\"checkbox\" value=\"1\" aria-invalid=\"false\" \/><small> Confermo di aver preso visione dell&#8217;informativa sulla <a title=\"Privacy Policy\" href=\"#\">Privacy<\/a>.*<\/small><\/label> <input type=\"submit\" value=\"Invia messaggio\" \/><\/form>","protected":false},"excerpt":{"rendered":"<p>Elettronica BC | Umidificatori totali Umidificatori totali Innovazione, funzionalit\u00e0, efficacia: questi sono solo alcuni dei principali criteri che seguiamo per progettare e costruire le macchine che offriamo ai fabbricanti di calzature. Ed \u00e8 proprio cos\u00ec che \u00e8 nata anche la nostra serie di umidificatori: i modelli disponibili, coperti da brevetto, sono gli unici a possedere [&hellip;]<\/p>\n","protected":false},"author":1,"featured_media":8490,"parent":2979,"menu_order":0,"comment_status":"closed","ping_status":"closed","template":"","meta":{"_acf_changed":false,"inline_featured_image":false,"site-sidebar-layout":"no-sidebar","site-content-layout":"page-builder","ast-site-content-layout":"full-width-container","site-content-style":"unboxed","site-sidebar-style":"unboxed","ast-global-header-display":"","ast-banner-title-visibility":"","ast-main-header-display":"","ast-hfb-above-header-display":"","ast-hfb-below-header-display":"","ast-hfb-mobile-header-display":"","site-post-title":"disabled","ast-breadcrumbs-content":"","ast-featured-img":"disabled","footer-sml-layout":"","theme-transparent-header-meta":"default","adv-header-id-meta":"","stick-header-meta":"default","header-above-stick-meta":"","header-main-stick-meta":"","header-below-stick-meta":"","astra-migrate-meta-layouts":"set","ast-page-background-enabled":"default","ast-page-background-meta":{"desktop":{"background-color":"","background-image":"","background-repeat":"repeat","background-position":"center center","background-size":"auto","background-attachment":"scroll","background-type":"","background-media":"","overlay-type":"","overlay-color":"","overlay-opacity":"","overlay-gradient":""},"tablet":{"background-color":"","background-image":"","background-repeat":"repeat","background-position":"center center","background-size":"auto","background-attachment":"scroll","background-type":"","background-media":"","overlay-type":"","overlay-color":"","overlay-opacity":"","overlay-gradient":""},"mobile":{"background-color":"","background-image":"","background-repeat":"repeat","background-position":"center center","background-size":"auto","background-attachment":"scroll","background-type":"","background-media":"","overlay-type":"","overlay-color":"","overlay-opacity":"","overlay-gradient":""}},"ast-content-background-meta":{"desktop":{"background-color":"var(--ast-global-color-5)","background-image":"","background-repeat":"repeat","background-position":"center center","background-size":"auto","background-attachment":"scroll","background-type":"","background-media":"","overlay-type":"","overlay-color":"","overlay-opacity":"","overlay-gradient":""},"tablet":{"background-color":"var(--ast-global-color-5)","background-image":"","background-repeat":"repeat","background-position":"center center","background-size":"auto","background-attachment":"scroll","background-type":"","background-media":"","overlay-type":"","overlay-color":"","overlay-opacity":"","overlay-gradient":""},"mobile":{"background-color":"var(--ast-global-color-5)","background-image":"","background-repeat":"repeat","background-position":"center center","background-size":"auto","background-attachment":"scroll","background-type":"","background-media":"","overlay-type":"","overlay-color":"","overlay-opacity":"","overlay-gradient":""}},"footnotes":""},"tipo-pagine":[63],"categoria-pagine":[89],"class_list":["post-1199","page","type-page","status-publish","has-post-thumbnail","hentry","tipo-pagine-categorie-prodotti","categoria-pagine-forni-umidificatori-e-stabilizzatori"],"acf":[],"yoast_head":"<!-- This site is optimized with the Yoast SEO plugin v26.3 - https:\/\/yoast.com\/wordpress\/plugins\/seo\/ -->\n<title>Umidificatori totali | ElettrotecnicaBC<\/title>\n<meta name=\"description\" content=\"Elettronica BC | Umidificatori totali Umidificatori totali Innovazione, funzionalit\u00e0, efficacia: questi sono solo alcuni dei principali criteri che\" \/>\n<meta name=\"robots\" content=\"index, follow, max-snippet:-1, max-image-preview:large, max-video-preview:-1\" \/>\n<link rel=\"canonical\" href=\"https:\/\/elettrotecnicabc.com\/it\/forni-umidificatori-e-stabilizzatori\/umidificatori-totali\/\" \/>\n<meta property=\"og:locale\" content=\"it_IT\" \/>\n<meta property=\"og:type\" content=\"article\" \/>\n<meta property=\"og:title\" content=\"Umidificatori totali | ElettrotecnicaBC\" \/>\n<meta property=\"og:description\" content=\"Elettronica BC | Umidificatori totali Umidificatori totali Innovazione, funzionalit\u00e0, efficacia: questi sono solo alcuni dei principali criteri che\" \/>\n<meta property=\"og:url\" content=\"https:\/\/elettrotecnicabc.com\/it\/forni-umidificatori-e-stabilizzatori\/umidificatori-totali\/\" \/>\n<meta property=\"og:site_name\" content=\"ElettrotecnicaBC\" \/>\n<meta property=\"article:publisher\" content=\"https:\/\/www.facebook.com\/elettrotecnicabc\/\" \/>\n<meta property=\"article:modified_time\" content=\"2024-06-14T15:23:15+00:00\" \/>\n<meta property=\"og:image\" content=\"https:\/\/elettrotecnicabc.com\/wp-content\/uploads\/2024\/06\/1241-SCONTORNATA-1.png\" \/>\n\t<meta property=\"og:image:width\" content=\"611\" \/>\n\t<meta property=\"og:image:height\" content=\"1359\" \/>\n\t<meta property=\"og:image:type\" content=\"image\/png\" \/>\n<meta name=\"twitter:card\" content=\"summary_large_image\" \/>\n<script type=\"application\/ld+json\" class=\"yoast-schema-graph\">{\"@context\":\"https:\/\/schema.org\",\"@graph\":[{\"@type\":\"WebPage\",\"@id\":\"https:\/\/elettrotecnicabc.com\/it\/forni-umidificatori-e-stabilizzatori\/umidificatori-totali\/\",\"url\":\"https:\/\/elettrotecnicabc.com\/it\/forni-umidificatori-e-stabilizzatori\/umidificatori-totali\/\",\"name\":\"Umidificatori totali | ElettrotecnicaBC\",\"isPartOf\":{\"@id\":\"https:\/\/elettrotecnicabc.com\/it\/#website\"},\"primaryImageOfPage\":{\"@id\":\"https:\/\/elettrotecnicabc.com\/it\/forni-umidificatori-e-stabilizzatori\/umidificatori-totali\/#primaryimage\"},\"image\":{\"@id\":\"https:\/\/elettrotecnicabc.com\/it\/forni-umidificatori-e-stabilizzatori\/umidificatori-totali\/#primaryimage\"},\"thumbnailUrl\":\"https:\/\/elettrotecnicabc.com\/wp-content\/uploads\/2024\/06\/1241-SCONTORNATA-1.png\",\"datePublished\":\"2021-06-22T09:35:46+00:00\",\"dateModified\":\"2024-06-14T15:23:15+00:00\",\"description\":\"Elettronica BC | Umidificatori totali Umidificatori totali Innovazione, funzionalit\u00e0, efficacia: questi sono solo alcuni dei principali criteri che\",\"breadcrumb\":{\"@id\":\"https:\/\/elettrotecnicabc.com\/it\/forni-umidificatori-e-stabilizzatori\/umidificatori-totali\/#breadcrumb\"},\"inLanguage\":\"it-IT\",\"potentialAction\":[{\"@type\":\"ReadAction\",\"target\":[\"https:\/\/elettrotecnicabc.com\/it\/forni-umidificatori-e-stabilizzatori\/umidificatori-totali\/\"]}]},{\"@type\":\"ImageObject\",\"inLanguage\":\"it-IT\",\"@id\":\"https:\/\/elettrotecnicabc.com\/it\/forni-umidificatori-e-stabilizzatori\/umidificatori-totali\/#primaryimage\",\"url\":\"https:\/\/elettrotecnicabc.com\/wp-content\/uploads\/2024\/06\/1241-SCONTORNATA-1.png\",\"contentUrl\":\"https:\/\/elettrotecnicabc.com\/wp-content\/uploads\/2024\/06\/1241-SCONTORNATA-1.png\",\"width\":611,\"height\":1359},{\"@type\":\"BreadcrumbList\",\"@id\":\"https:\/\/elettrotecnicabc.com\/it\/forni-umidificatori-e-stabilizzatori\/umidificatori-totali\/#breadcrumb\",\"itemListElement\":[{\"@type\":\"ListItem\",\"position\":1,\"name\":\"Elettrotecnica BC\",\"item\":\"https:\/\/elettrotecnicabc.com\/it\/\"},{\"@type\":\"ListItem\",\"position\":2,\"name\":\"Forni, umidificatori e stabilizzatori\",\"item\":\"https:\/\/elettrotecnicabc.com\/it\/forni-umidificatori-e-stabilizzatori\/\"},{\"@type\":\"ListItem\",\"position\":3,\"name\":\"Umidificatori totali\"}]},{\"@type\":\"WebSite\",\"@id\":\"https:\/\/elettrotecnicabc.com\/it\/#website\",\"url\":\"https:\/\/elettrotecnicabc.com\/it\/\",\"name\":\"ElettrotecnicaBC\",\"description\":\"Produttori di macchinari per calzature\",\"publisher\":{\"@id\":\"https:\/\/elettrotecnicabc.com\/it\/#organization\"},\"potentialAction\":[{\"@type\":\"SearchAction\",\"target\":{\"@type\":\"EntryPoint\",\"urlTemplate\":\"https:\/\/elettrotecnicabc.com\/it\/?s={search_term_string}\"},\"query-input\":{\"@type\":\"PropertyValueSpecification\",\"valueRequired\":true,\"valueName\":\"search_term_string\"}}],\"inLanguage\":\"it-IT\"},{\"@type\":\"Organization\",\"@id\":\"https:\/\/elettrotecnicabc.com\/it\/#organization\",\"name\":\"Elettrotecnica BC\",\"url\":\"https:\/\/elettrotecnicabc.com\/it\/\",\"logo\":{\"@type\":\"ImageObject\",\"inLanguage\":\"it-IT\",\"@id\":\"https:\/\/elettrotecnicabc.com\/it\/#\/schema\/logo\/image\/\",\"url\":\"https:\/\/elettrotecnicabc.com\/wp-content\/uploads\/2021\/06\/Logo-trasp-rifinito.png\",\"contentUrl\":\"https:\/\/elettrotecnicabc.com\/wp-content\/uploads\/2021\/06\/Logo-trasp-rifinito.png\",\"width\":460,\"height\":365,\"caption\":\"Elettrotecnica BC\"},\"image\":{\"@id\":\"https:\/\/elettrotecnicabc.com\/it\/#\/schema\/logo\/image\/\"},\"sameAs\":[\"https:\/\/www.facebook.com\/elettrotecnicabc\/\",\"https:\/\/www.instagram.com\/elettrotecnica_bc\/\",\"https:\/\/www.linkedin.com\/company\/elettrotecnicabc\/\",\"https:\/\/www.youtube.com\/user\/ElettrotecnicaBC\/videos\"]}]}<\/script>\n<!-- \/ Yoast SEO plugin. -->","yoast_head_json":{"title":"Umidificatori totali | ElettrotecnicaBC","description":"Elettronica BC | Umidificatori totali Umidificatori totali Innovazione, funzionalit\u00e0, efficacia: questi sono solo alcuni dei principali criteri che","robots":{"index":"index","follow":"follow","max-snippet":"max-snippet:-1","max-image-preview":"max-image-preview:large","max-video-preview":"max-video-preview:-1"},"canonical":"https:\/\/elettrotecnicabc.com\/it\/forni-umidificatori-e-stabilizzatori\/umidificatori-totali\/","og_locale":"it_IT","og_type":"article","og_title":"Umidificatori totali | ElettrotecnicaBC","og_description":"Elettronica BC | Umidificatori totali Umidificatori totali Innovazione, funzionalit\u00e0, efficacia: questi sono solo alcuni dei principali criteri che","og_url":"https:\/\/elettrotecnicabc.com\/it\/forni-umidificatori-e-stabilizzatori\/umidificatori-totali\/","og_site_name":"ElettrotecnicaBC","article_publisher":"https:\/\/www.facebook.com\/elettrotecnicabc\/","article_modified_time":"2024-06-14T15:23:15+00:00","og_image":[{"width":611,"height":1359,"url":"https:\/\/elettrotecnicabc.com\/wp-content\/uploads\/2024\/06\/1241-SCONTORNATA-1.png","type":"image\/png"}],"twitter_card":"summary_large_image","schema":{"@context":"https:\/\/schema.org","@graph":[{"@type":"WebPage","@id":"https:\/\/elettrotecnicabc.com\/it\/forni-umidificatori-e-stabilizzatori\/umidificatori-totali\/","url":"https:\/\/elettrotecnicabc.com\/it\/forni-umidificatori-e-stabilizzatori\/umidificatori-totali\/","name":"Umidificatori totali | ElettrotecnicaBC","isPartOf":{"@id":"https:\/\/elettrotecnicabc.com\/it\/#website"},"primaryImageOfPage":{"@id":"https:\/\/elettrotecnicabc.com\/it\/forni-umidificatori-e-stabilizzatori\/umidificatori-totali\/#primaryimage"},"image":{"@id":"https:\/\/elettrotecnicabc.com\/it\/forni-umidificatori-e-stabilizzatori\/umidificatori-totali\/#primaryimage"},"thumbnailUrl":"https:\/\/elettrotecnicabc.com\/wp-content\/uploads\/2024\/06\/1241-SCONTORNATA-1.png","datePublished":"2021-06-22T09:35:46+00:00","dateModified":"2024-06-14T15:23:15+00:00","description":"Elettronica BC | Umidificatori totali Umidificatori totali Innovazione, funzionalit\u00e0, efficacia: questi sono solo alcuni dei principali criteri che","breadcrumb":{"@id":"https:\/\/elettrotecnicabc.com\/it\/forni-umidificatori-e-stabilizzatori\/umidificatori-totali\/#breadcrumb"},"inLanguage":"it-IT","potentialAction":[{"@type":"ReadAction","target":["https:\/\/elettrotecnicabc.com\/it\/forni-umidificatori-e-stabilizzatori\/umidificatori-totali\/"]}]},{"@type":"ImageObject","inLanguage":"it-IT","@id":"https:\/\/elettrotecnicabc.com\/it\/forni-umidificatori-e-stabilizzatori\/umidificatori-totali\/#primaryimage","url":"https:\/\/elettrotecnicabc.com\/wp-content\/uploads\/2024\/06\/1241-SCONTORNATA-1.png","contentUrl":"https:\/\/elettrotecnicabc.com\/wp-content\/uploads\/2024\/06\/1241-SCONTORNATA-1.png","width":611,"height":1359},{"@type":"BreadcrumbList","@id":"https:\/\/elettrotecnicabc.com\/it\/forni-umidificatori-e-stabilizzatori\/umidificatori-totali\/#breadcrumb","itemListElement":[{"@type":"ListItem","position":1,"name":"Elettrotecnica BC","item":"https:\/\/elettrotecnicabc.com\/it\/"},{"@type":"ListItem","position":2,"name":"Forni, umidificatori e stabilizzatori","item":"https:\/\/elettrotecnicabc.com\/it\/forni-umidificatori-e-stabilizzatori\/"},{"@type":"ListItem","position":3,"name":"Umidificatori totali"}]},{"@type":"WebSite","@id":"https:\/\/elettrotecnicabc.com\/it\/#website","url":"https:\/\/elettrotecnicabc.com\/it\/","name":"ElettrotecnicaBC","description":"Produttori di macchinari per calzature","publisher":{"@id":"https:\/\/elettrotecnicabc.com\/it\/#organization"},"potentialAction":[{"@type":"SearchAction","target":{"@type":"EntryPoint","urlTemplate":"https:\/\/elettrotecnicabc.com\/it\/?s={search_term_string}"},"query-input":{"@type":"PropertyValueSpecification","valueRequired":true,"valueName":"search_term_string"}}],"inLanguage":"it-IT"},{"@type":"Organization","@id":"https:\/\/elettrotecnicabc.com\/it\/#organization","name":"Elettrotecnica BC","url":"https:\/\/elettrotecnicabc.com\/it\/","logo":{"@type":"ImageObject","inLanguage":"it-IT","@id":"https:\/\/elettrotecnicabc.com\/it\/#\/schema\/logo\/image\/","url":"https:\/\/elettrotecnicabc.com\/wp-content\/uploads\/2021\/06\/Logo-trasp-rifinito.png","contentUrl":"https:\/\/elettrotecnicabc.com\/wp-content\/uploads\/2021\/06\/Logo-trasp-rifinito.png","width":460,"height":365,"caption":"Elettrotecnica BC"},"image":{"@id":"https:\/\/elettrotecnicabc.com\/it\/#\/schema\/logo\/image\/"},"sameAs":["https:\/\/www.facebook.com\/elettrotecnicabc\/","https:\/\/www.instagram.com\/elettrotecnica_bc\/","https:\/\/www.linkedin.com\/company\/elettrotecnicabc\/","https:\/\/www.youtube.com\/user\/ElettrotecnicaBC\/videos"]}]}},"_links":{"self":[{"href":"https:\/\/elettrotecnicabc.com\/it\/wp-json\/wp\/v2\/pages\/1199","targetHints":{"allow":["GET"]}}],"collection":[{"href":"https:\/\/elettrotecnicabc.com\/it\/wp-json\/wp\/v2\/pages"}],"about":[{"href":"https:\/\/elettrotecnicabc.com\/it\/wp-json\/wp\/v2\/types\/page"}],"author":[{"embeddable":true,"href":"https:\/\/elettrotecnicabc.com\/it\/wp-json\/wp\/v2\/users\/1"}],"replies":[{"embeddable":true,"href":"https:\/\/elettrotecnicabc.com\/it\/wp-json\/wp\/v2\/comments?post=1199"}],"version-history":[{"count":1,"href":"https:\/\/elettrotecnicabc.com\/it\/wp-json\/wp\/v2\/pages\/1199\/revisions"}],"predecessor-version":[{"id":8008,"href":"https:\/\/elettrotecnicabc.com\/it\/wp-json\/wp\/v2\/pages\/1199\/revisions\/8008"}],"up":[{"embeddable":true,"href":"https:\/\/elettrotecnicabc.com\/it\/wp-json\/wp\/v2\/pages\/2979"}],"wp:featuredmedia":[{"embeddable":true,"href":"https:\/\/elettrotecnicabc.com\/it\/wp-json\/wp\/v2\/media\/8490"}],"wp:attachment":[{"href":"https:\/\/elettrotecnicabc.com\/it\/wp-json\/wp\/v2\/media?parent=1199"}],"wp:term":[{"taxonomy":"tipo-pagine","embeddable":true,"href":"https:\/\/elettrotecnicabc.com\/it\/wp-json\/wp\/v2\/tipo-pagine?post=1199"},{"taxonomy":"categoria-pagine","embeddable":true,"href":"https:\/\/elettrotecnicabc.com\/it\/wp-json\/wp\/v2\/categoria-pagine?post=1199"}],"curies":[{"name":"wp","href":"https:\/\/api.w.org\/{rel}","templated":true}]}}