{"id":1193,"date":"2021-06-22T11:32:49","date_gmt":"2021-06-22T09:32:49","guid":{"rendered":"https:\/\/elettrotecnicabc.com\/wp\/?page_id=1193"},"modified":"2021-07-09T18:57:38","modified_gmt":"2021-07-09T16:57:38","slug":"sterilizzazione","status":"publish","type":"page","link":"https:\/\/elettrotecnicabc.com\/it\/essicazioneriattivazione\/sterilizzazione\/","title":{"rendered":"Sterilizzazione"},"content":{"rendered":"\r\n\r\n\t<a href=\"https:\/\/elettrotecnicabc.com\/wp\/\">Elettronica BC<\/a> | Sterilizzazione<h1>\r\n\t\tSterilizzazione\r\n\t<\/h1>\r\n\t<p>Innovazione vuol dire essere sempre un passo avanti rispetto a ci\u00f2 che il mercato e i clienti possono richiedere. Noi di Elettrotecnica B.C. cerchiamo di esprimere sempre il nostro concetto di innovazione tramite le tecnologie che progettiamo e proponiamo: fra di queste, occupano un posto particolare le nostre macchine per la sterilizzazione.<\/p>\r\n<p>Per assicurare igiene e pulizia a ogni persona che vuole provare un paio di scarpe, abbiamo ideato diversi modelli per poter sterilizzare la calzatura: dopo una prima fase, in cui dei raggi infrarossi agiscono per <strong>stabilizzare rapidamente e in modo uniforme la temperatura<\/strong>, entrano in azione delle speciali lampade con <strong>raggi UV battericidi che completano il processo di sterilizzazione<\/strong>.<\/p>\r\n<p>Coperta da brevetto, questa serie \u00e8 l&#8217;ideale <strong>sia per sterilizzare grandi quantit\u00e0 di calzature<\/strong>, grazie al nastro trasportatore automatico con velocit\u00e0 regolabile, <strong>sia per dare ai clienti che entrano in un negozio di scarpe la certezza di provare e indossare una calzatura pulita e sterilizzata<\/strong>, utilizzando il modello manuale.<\/p>\r\n<p>Scopri le macchine sterilizzatrici di Elettrotecnica B.C. presenti nel catalogo!<\/p>\r\n\t\t\t\t<img decoding=\"async\" src=\"https:\/\/elettrotecnicabc.com\/wp-content\/plugins\/bb-plugin\/img\/pixel.png\" alt=\"\" itemprop=\"image\" onerror=\"this.style.display='none'\"  \/>\r\n\t\t<h3>Contattaci per saperne di pi\u00f9!<\/h3>\r\n\t\t<p>Lorem ipsum dolor sit amet, consectetur adipiscing elit.<\/p>\r\n\t\t\t<a href=\"#cta-moduli\" target=\"_self\" role=\"button\" rel=\"noopener\">\r\n\t\t\t\t\t\t\tCONTATTACI\r\n\t\t\t\t\t<\/a>\r\n<h3>\r\n\t\tModelli\r\n\t<\/h3>\r\n\t\t\t\t\t\t\t\tMod. 101\r\n<h4>Sterilizzatrice per scarpe\/scatole a nastro trasportatore &#8211; Patent Pending &#8211;<\/h4>\r\n<img decoding=\"async\" src=\"https:\/\/elettrotecnicabc.com\/wp-content\/uploads\/2021\/06\/Raggruppa-168.png\" alt=\"Linea Top\" \/>\r\n<img decoding=\"async\" src=\"https:\/\/elettrotecnicabc.com\/wp-content\/uploads\/2021\/06\/Sterilizzazione-101-BIANCA.png\" alt=\"Sterilizzazione 101 BIANCA\" \/>\r\nTrattamento di sterilizzazione di calzatura in scatola con doppio trattamento combinato:\r\n<ul>\r\n\t<li>Prima parte; calore da IR per stabilizzare rapidamente e in forma omogenea la temperatura della calzatura<\/li>\r\n\t<li>Seconda parte; con lampade UV battericidi.<\/li>\r\n<\/ul>\r\nQuesto trattamento elimina tutti quei batteri che formano muffe sulla pelle o tessuti di calzature, in particolare il batterio Aspergillus Niger che \u00e8 anche causa di allergie polmonari alle persone. Per le calzature, infatti, \u00e8 molto frequente che dopo i viaggi in container o lunghi stoccaggi nei magazzini, negozi ecc., la scarpa perde la brillantezza originale, mostrando ombreggiature bianche e opache (muffe). Con il mod. 101 si eliminano i batteri che in certe condizioni climatiche favorevoli iniziano un processo di moltiplicazione dando cos\u00ec inizio alle muffe, molto antiestetiche. Il mod. 101 garantisce nello stesso tempo un prodotto molto pi\u00f9 igienico. Dotato di nastro trasportatore automatico, con regolazione velocit\u00e0 per le diverse esigenze produttive.\r\n<table>\r\n   <thead>\r\n      <tr><th colspan=\"2\">Dati tecnici<\/th><\/tr>\r\n   <\/thead>\r\n   <tbody>\r\n      <tr>\r\n      <td>Dimensioni:<\/td>\r\n      <td>cm 100 x 240 x 160<\/td>\r\n      <\/tr>\r\n      <tr>\r\n      <td>Peso netto:<\/td>\r\n      <td>Kg 200<\/td>\r\n      <\/tr>\r\n      <tr>\r\n      <td>Alimentazione<\/td>\r\n      <td>V220<\/td>\r\n      <\/tr>\r\n      <tr>\r\n      <td>Potenzia totale: <\/td>\r\n      <td>Kw 3.2<\/td>\r\n      <\/tr>\r\n      <tr>\r\n      <td>Potenza lampade UV: <\/td>\r\n      <td>Kw 0.12 (6 x 20W)<\/td>\r\n      <\/tr>\r\n      <tr>\r\n      <td>Potenza Lampade IR: <\/td>\r\n      <td>Kw 3.0 (3 x 1000W)<\/td>\r\n      <\/tr>\r\n      <tr>\r\n      <td>Produzione giornaliera: <\/td>\r\n      <td>600 paia in 8 ore.<\/td>\r\n      <\/tr>\r\n   <\/tbody>\r\n<\/table>\r\n\t\t\t\t\t\t\t\tMod. 1000\r\n<h4>Sterilizzatrice per scarpe\/scatole manuale da negozio &#8211; Patent Pending &#8211;<\/h4>\r\n<img decoding=\"async\" src=\"https:\/\/elettrotecnicabc.com\/wp-content\/uploads\/2021\/06\/Raggruppa-168.png\" alt=\"Linea Top\" \/>\r\n<img decoding=\"async\" src=\"https:\/\/elettrotecnicabc.com\/wp-content\/uploads\/2021\/06\/Sterilizzazione-1000.png\" alt=\"Sterilizzazione 1000\" \/>\r\n\tPI\u00d9 IGIENE<ul><li>\r\nCon la sterilizzatrice ELETTROTECNICA B.C. il cliente ha la certezza di provare una scarpa pulita e sterilizzata!<\/li>\r\n<\/ul>\r\n\tPI\u00d9 COMFORT<ul><li>\r\nDurante il ciclo automatico di sterilizzatura uno speciale sistema di riscaldamento porta la scarpa alla temperatura ideale, facendo risaltare le caratteristiche di comfort della scarpa provata.<\/li>\r\n<\/ul>\r\nFUNZIONAMENTO:\r\n<ol>\r\n\t<li>Con una semplice operazione si inserisce nella macchina la calzatura scelta dal cliente.<\/li>\r\n\t<li>Chiudendo lo sportello inizia un ciclo di riscaldamento, effettuato per mezzo di uno speciale sistema di riscaldamento, in pochi secondi la calzatura viene portata alla giusta temperatura.<\/li>\r\n\t<li>Quando la calzatura ha raggiunto la giusta temperatura, speciali lampade &#8220;UVC&#8221; danno inizio al ciclo di sterilizzazione.<\/li>\r\n\t<li>Quando la spia rossa si spegne la calzatura sar\u00e0 perfettamente sterilizzata e calda.<\/li>\r\n<\/ol>\r\n<table>\r\n   <thead>\r\n      <tr><th colspan=\"2\">Dati tecnici<\/th><\/tr>\r\n   <\/thead>\r\n   <tbody>\r\n      <tr>\r\n      <td>Dimensioni:<\/td>\r\n      <td>cm 50 x 60 x 125<\/td>\r\n      <\/tr>\r\n      <tr>\r\n      <td>Peso netto:<\/td>\r\n      <td>Kg 90<\/td>\r\n      <\/tr>\r\n      <tr>\r\n      <td>Consumo<\/td>\r\n      <td>Kw 2.<\/td>\r\n      <\/tr>\r\n   <\/tbody>\r\n<\/table>\r\n<h4>\r\n\t\tGALLERIA FOTO\r\n\t<\/h4>\r\n\t\t\t\t\t\t\t\t<!-- navigation arrows -->\r\n\t\t\t<button aria-label=\"Previous slide\" role=\"button\" tabindex=\"0\">\r\n\t\t\t<\/button>\r\n\t\t\t<button aria-label=\"Next slide\" role=\"button\" tabindex=\"0\">\r\n\t\t\t<\/button>\r\n\t\t\t\t\t\t<!-- pagination -->\r\n\t<h2>\r\n\t\tContattaci per maggiori informazioni !\r\n\t<\/h2>\r\n\t<p>Lorem ipsum dolor sit amet, consetetur sadipscing elitr, sed diam nonumy eirmod tempor invidunt ut labore et dolore magna aliquyam erat, sed diam voluptua.<\/p>\r\n\t<h3>\r\n\t\t<\/h3>\r\n\t\r\n\t\t\r\n <ul><\/ul>\r\n<form action=\"\/?page_id=1193&#038;fl_builder#wpcf7-f172-o1\" method=\"post\" novalidate=\"novalidate\" data-status=\"init\">\r\n<input type=\"hidden\" name=\"_wpcf7\" value=\"172\" \/>\r\n<input type=\"hidden\" name=\"_wpcf7_version\" value=\"5.4.1\" \/>\r\n<input type=\"hidden\" name=\"_wpcf7_locale\" value=\"it_IT\" \/>\r\n<input type=\"hidden\" name=\"_wpcf7_unit_tag\" value=\"wpcf7-f172-o1\" \/>\r\n<input type=\"hidden\" name=\"_wpcf7_container_post\" value=\"0\" \/>\r\n<input type=\"hidden\" name=\"_wpcf7_posted_data_hash\" value=\"\" \/>\r\n      <input type=\"text\" name=\"nome\" value=\"\" size=\"40\" aria-required=\"true\" aria-invalid=\"false\" placeholder=\"Nome e Cognome*\" \/>\r\n      <input type=\"text\" name=\"azienda\" value=\"\" size=\"40\" aria-invalid=\"false\" placeholder=\"Azienda\" \/>\r\n      <input type=\"tel\" name=\"tel\" value=\"\" size=\"40\" aria-invalid=\"false\" placeholder=\"Telefono*\" \/>\r\n      <input type=\"email\" name=\"indirizzo-mail\" value=\"\" size=\"40\" aria-required=\"true\" aria-invalid=\"false\" placeholder=\"Email*\" \/>\r\n      <textarea name=\"messaggio\" cols=\"40\" rows=\"10\" aria-required=\"true\" aria-invalid=\"false\" placeholder=\"Messaggio\"><\/textarea>\r\n      <label><input type=\"checkbox\" name=\"privacy\" value=\"1\" aria-invalid=\"false\" \/><small> Confermo di aver preso visione dell&#8217;informativa sulla <a href=\"#\" title=\"Privacy Policy\">Privacy<\/a>.*<\/small><\/label>\r\n      <input type=\"submit\" value=\"Invia messaggio\" \/>\r\n<\/form>\r\n\r\n","protected":false},"excerpt":{"rendered":"<p>Elettronica BC | Sterilizzazione Sterilizzazione Innovazione vuol dire essere sempre un passo avanti rispetto a ci\u00f2 che il mercato e i clienti possono richiedere. Noi di Elettrotecnica B.C. cerchiamo di esprimere sempre il nostro concetto di innovazione tramite le tecnologie che progettiamo e proponiamo: fra di queste, occupano un posto particolare le nostre macchine per [&hellip;]<\/p>\n","protected":false},"author":1,"featured_media":1438,"parent":3004,"menu_order":0,"comment_status":"closed","ping_status":"closed","template":"","meta":{"_acf_changed":false,"inline_featured_image":false,"site-sidebar-layout":"no-sidebar","site-content-layout":"page-builder","ast-site-content-layout":"default","site-content-style":"default","site-sidebar-style":"default","ast-global-header-display":"","ast-banner-title-visibility":"","ast-main-header-display":"","ast-hfb-above-header-display":"","ast-hfb-below-header-display":"","ast-hfb-mobile-header-display":"","site-post-title":"disabled","ast-breadcrumbs-content":"","ast-featured-img":"disabled","footer-sml-layout":"","theme-transparent-header-meta":"default","adv-header-id-meta":"","stick-header-meta":"default","header-above-stick-meta":"","header-main-stick-meta":"","header-below-stick-meta":"","astra-migrate-meta-layouts":"default","ast-page-background-enabled":"default","ast-page-background-meta":{"desktop":{"background-color":"","background-image":"","background-repeat":"repeat","background-position":"center center","background-size":"auto","background-attachment":"scroll","background-type":"","background-media":"","overlay-type":"","overlay-color":"","overlay-opacity":"","overlay-gradient":""},"tablet":{"background-color":"","background-image":"","background-repeat":"repeat","background-position":"center center","background-size":"auto","background-attachment":"scroll","background-type":"","background-media":"","overlay-type":"","overlay-color":"","overlay-opacity":"","overlay-gradient":""},"mobile":{"background-color":"","background-image":"","background-repeat":"repeat","background-position":"center center","background-size":"auto","background-attachment":"scroll","background-type":"","background-media":"","overlay-type":"","overlay-color":"","overlay-opacity":"","overlay-gradient":""}},"ast-content-background-meta":{"desktop":{"background-color":"var(--ast-global-color-5)","background-image":"","background-repeat":"repeat","background-position":"center center","background-size":"auto","background-attachment":"scroll","background-type":"","background-media":"","overlay-type":"","overlay-color":"","overlay-opacity":"","overlay-gradient":""},"tablet":{"background-color":"var(--ast-global-color-5)","background-image":"","background-repeat":"repeat","background-position":"center center","background-size":"auto","background-attachment":"scroll","background-type":"","background-media":"","overlay-type":"","overlay-color":"","overlay-opacity":"","overlay-gradient":""},"mobile":{"background-color":"var(--ast-global-color-5)","background-image":"","background-repeat":"repeat","background-position":"center center","background-size":"auto","background-attachment":"scroll","background-type":"","background-media":"","overlay-type":"","overlay-color":"","overlay-opacity":"","overlay-gradient":""}},"footnotes":""},"tipo-pagine":[63],"categoria-pagine":[87],"class_list":["post-1193","page","type-page","status-publish","has-post-thumbnail","hentry","tipo-pagine-categorie-prodotti","categoria-pagine-trattamento-superficie"],"acf":[],"yoast_head":"<!-- This site is optimized with the Yoast SEO plugin v26.3 - https:\/\/yoast.com\/wordpress\/plugins\/seo\/ -->\n<title>Sterilizzazione | ElettrotecnicaBC<\/title>\n<meta name=\"description\" content=\"Elettronica BC | Sterilizzazione Sterilizzazione Innovazione vuol dire essere sempre un passo avanti rispetto a ci\u00f2 che il mercato e i clienti possono\" \/>\n<meta name=\"robots\" content=\"index, follow, max-snippet:-1, max-image-preview:large, max-video-preview:-1\" \/>\n<link rel=\"canonical\" href=\"https:\/\/elettrotecnicabc.com\/it\/essicazioneriattivazione\/sterilizzazione\/\" \/>\n<meta property=\"og:locale\" content=\"it_IT\" \/>\n<meta property=\"og:type\" content=\"article\" \/>\n<meta property=\"og:title\" content=\"Sterilizzazione | ElettrotecnicaBC\" \/>\n<meta property=\"og:description\" content=\"Elettronica BC | Sterilizzazione Sterilizzazione Innovazione vuol dire essere sempre un passo avanti rispetto a ci\u00f2 che il mercato e i clienti possono\" \/>\n<meta property=\"og:url\" content=\"https:\/\/elettrotecnicabc.com\/it\/essicazioneriattivazione\/sterilizzazione\/\" \/>\n<meta property=\"og:site_name\" content=\"ElettrotecnicaBC\" \/>\n<meta property=\"article:publisher\" content=\"https:\/\/www.facebook.com\/elettrotecnicabc\/\" \/>\n<meta property=\"article:modified_time\" content=\"2021-07-09T16:57:38+00:00\" \/>\n<meta property=\"og:image\" content=\"https:\/\/elettrotecnicabc.com\/wp-content\/uploads\/2021\/06\/Sterilizzazione-101-BIANCA.png\" \/>\n\t<meta property=\"og:image:width\" content=\"450\" \/>\n\t<meta property=\"og:image:height\" content=\"404\" \/>\n\t<meta property=\"og:image:type\" content=\"image\/png\" \/>\n<meta name=\"twitter:card\" content=\"summary_large_image\" \/>\n<script type=\"application\/ld+json\" class=\"yoast-schema-graph\">{\"@context\":\"https:\/\/schema.org\",\"@graph\":[{\"@type\":\"WebPage\",\"@id\":\"https:\/\/elettrotecnicabc.com\/it\/essicazioneriattivazione\/sterilizzazione\/\",\"url\":\"https:\/\/elettrotecnicabc.com\/it\/essicazioneriattivazione\/sterilizzazione\/\",\"name\":\"Sterilizzazione | ElettrotecnicaBC\",\"isPartOf\":{\"@id\":\"https:\/\/elettrotecnicabc.com\/it\/#website\"},\"primaryImageOfPage\":{\"@id\":\"https:\/\/elettrotecnicabc.com\/it\/essicazioneriattivazione\/sterilizzazione\/#primaryimage\"},\"image\":{\"@id\":\"https:\/\/elettrotecnicabc.com\/it\/essicazioneriattivazione\/sterilizzazione\/#primaryimage\"},\"thumbnailUrl\":\"https:\/\/elettrotecnicabc.com\/wp-content\/uploads\/2021\/06\/Sterilizzazione-101-BIANCA.png\",\"datePublished\":\"2021-06-22T09:32:49+00:00\",\"dateModified\":\"2021-07-09T16:57:38+00:00\",\"description\":\"Elettronica BC | Sterilizzazione Sterilizzazione Innovazione vuol dire essere sempre un passo avanti rispetto a ci\u00f2 che il mercato e i clienti possono\",\"breadcrumb\":{\"@id\":\"https:\/\/elettrotecnicabc.com\/it\/essicazioneriattivazione\/sterilizzazione\/#breadcrumb\"},\"inLanguage\":\"it-IT\",\"potentialAction\":[{\"@type\":\"ReadAction\",\"target\":[\"https:\/\/elettrotecnicabc.com\/it\/essicazioneriattivazione\/sterilizzazione\/\"]}]},{\"@type\":\"ImageObject\",\"inLanguage\":\"it-IT\",\"@id\":\"https:\/\/elettrotecnicabc.com\/it\/essicazioneriattivazione\/sterilizzazione\/#primaryimage\",\"url\":\"https:\/\/elettrotecnicabc.com\/wp-content\/uploads\/2021\/06\/Sterilizzazione-101-BIANCA.png\",\"contentUrl\":\"https:\/\/elettrotecnicabc.com\/wp-content\/uploads\/2021\/06\/Sterilizzazione-101-BIANCA.png\",\"width\":450,\"height\":404},{\"@type\":\"BreadcrumbList\",\"@id\":\"https:\/\/elettrotecnicabc.com\/it\/essicazioneriattivazione\/sterilizzazione\/#breadcrumb\",\"itemListElement\":[{\"@type\":\"ListItem\",\"position\":1,\"name\":\"Elettrotecnica BC\",\"item\":\"https:\/\/elettrotecnicabc.com\/it\/\"},{\"@type\":\"ListItem\",\"position\":2,\"name\":\"Essicazione e riattivazione\",\"item\":\"https:\/\/elettrotecnicabc.com\/it\/essicazioneriattivazione\/\"},{\"@type\":\"ListItem\",\"position\":3,\"name\":\"Sterilizzazione\"}]},{\"@type\":\"WebSite\",\"@id\":\"https:\/\/elettrotecnicabc.com\/it\/#website\",\"url\":\"https:\/\/elettrotecnicabc.com\/it\/\",\"name\":\"ElettrotecnicaBC\",\"description\":\"Produttori di macchinari per calzature\",\"publisher\":{\"@id\":\"https:\/\/elettrotecnicabc.com\/it\/#organization\"},\"potentialAction\":[{\"@type\":\"SearchAction\",\"target\":{\"@type\":\"EntryPoint\",\"urlTemplate\":\"https:\/\/elettrotecnicabc.com\/it\/?s={search_term_string}\"},\"query-input\":{\"@type\":\"PropertyValueSpecification\",\"valueRequired\":true,\"valueName\":\"search_term_string\"}}],\"inLanguage\":\"it-IT\"},{\"@type\":\"Organization\",\"@id\":\"https:\/\/elettrotecnicabc.com\/it\/#organization\",\"name\":\"Elettrotecnica BC\",\"url\":\"https:\/\/elettrotecnicabc.com\/it\/\",\"logo\":{\"@type\":\"ImageObject\",\"inLanguage\":\"it-IT\",\"@id\":\"https:\/\/elettrotecnicabc.com\/it\/#\/schema\/logo\/image\/\",\"url\":\"https:\/\/elettrotecnicabc.com\/wp-content\/uploads\/2021\/06\/Logo-trasp-rifinito.png\",\"contentUrl\":\"https:\/\/elettrotecnicabc.com\/wp-content\/uploads\/2021\/06\/Logo-trasp-rifinito.png\",\"width\":460,\"height\":365,\"caption\":\"Elettrotecnica BC\"},\"image\":{\"@id\":\"https:\/\/elettrotecnicabc.com\/it\/#\/schema\/logo\/image\/\"},\"sameAs\":[\"https:\/\/www.facebook.com\/elettrotecnicabc\/\",\"https:\/\/www.instagram.com\/elettrotecnica_bc\/\",\"https:\/\/www.linkedin.com\/company\/elettrotecnicabc\/\",\"https:\/\/www.youtube.com\/user\/ElettrotecnicaBC\/videos\"]}]}<\/script>\n<!-- \/ Yoast SEO plugin. -->","yoast_head_json":{"title":"Sterilizzazione | ElettrotecnicaBC","description":"Elettronica BC | Sterilizzazione Sterilizzazione Innovazione vuol dire essere sempre un passo avanti rispetto a ci\u00f2 che il mercato e i clienti possono","robots":{"index":"index","follow":"follow","max-snippet":"max-snippet:-1","max-image-preview":"max-image-preview:large","max-video-preview":"max-video-preview:-1"},"canonical":"https:\/\/elettrotecnicabc.com\/it\/essicazioneriattivazione\/sterilizzazione\/","og_locale":"it_IT","og_type":"article","og_title":"Sterilizzazione | ElettrotecnicaBC","og_description":"Elettronica BC | Sterilizzazione Sterilizzazione Innovazione vuol dire essere sempre un passo avanti rispetto a ci\u00f2 che il mercato e i clienti possono","og_url":"https:\/\/elettrotecnicabc.com\/it\/essicazioneriattivazione\/sterilizzazione\/","og_site_name":"ElettrotecnicaBC","article_publisher":"https:\/\/www.facebook.com\/elettrotecnicabc\/","article_modified_time":"2021-07-09T16:57:38+00:00","og_image":[{"width":450,"height":404,"url":"https:\/\/elettrotecnicabc.com\/wp-content\/uploads\/2021\/06\/Sterilizzazione-101-BIANCA.png","type":"image\/png"}],"twitter_card":"summary_large_image","schema":{"@context":"https:\/\/schema.org","@graph":[{"@type":"WebPage","@id":"https:\/\/elettrotecnicabc.com\/it\/essicazioneriattivazione\/sterilizzazione\/","url":"https:\/\/elettrotecnicabc.com\/it\/essicazioneriattivazione\/sterilizzazione\/","name":"Sterilizzazione | ElettrotecnicaBC","isPartOf":{"@id":"https:\/\/elettrotecnicabc.com\/it\/#website"},"primaryImageOfPage":{"@id":"https:\/\/elettrotecnicabc.com\/it\/essicazioneriattivazione\/sterilizzazione\/#primaryimage"},"image":{"@id":"https:\/\/elettrotecnicabc.com\/it\/essicazioneriattivazione\/sterilizzazione\/#primaryimage"},"thumbnailUrl":"https:\/\/elettrotecnicabc.com\/wp-content\/uploads\/2021\/06\/Sterilizzazione-101-BIANCA.png","datePublished":"2021-06-22T09:32:49+00:00","dateModified":"2021-07-09T16:57:38+00:00","description":"Elettronica BC | Sterilizzazione Sterilizzazione Innovazione vuol dire essere sempre un passo avanti rispetto a ci\u00f2 che il mercato e i clienti possono","breadcrumb":{"@id":"https:\/\/elettrotecnicabc.com\/it\/essicazioneriattivazione\/sterilizzazione\/#breadcrumb"},"inLanguage":"it-IT","potentialAction":[{"@type":"ReadAction","target":["https:\/\/elettrotecnicabc.com\/it\/essicazioneriattivazione\/sterilizzazione\/"]}]},{"@type":"ImageObject","inLanguage":"it-IT","@id":"https:\/\/elettrotecnicabc.com\/it\/essicazioneriattivazione\/sterilizzazione\/#primaryimage","url":"https:\/\/elettrotecnicabc.com\/wp-content\/uploads\/2021\/06\/Sterilizzazione-101-BIANCA.png","contentUrl":"https:\/\/elettrotecnicabc.com\/wp-content\/uploads\/2021\/06\/Sterilizzazione-101-BIANCA.png","width":450,"height":404},{"@type":"BreadcrumbList","@id":"https:\/\/elettrotecnicabc.com\/it\/essicazioneriattivazione\/sterilizzazione\/#breadcrumb","itemListElement":[{"@type":"ListItem","position":1,"name":"Elettrotecnica BC","item":"https:\/\/elettrotecnicabc.com\/it\/"},{"@type":"ListItem","position":2,"name":"Essicazione e riattivazione","item":"https:\/\/elettrotecnicabc.com\/it\/essicazioneriattivazione\/"},{"@type":"ListItem","position":3,"name":"Sterilizzazione"}]},{"@type":"WebSite","@id":"https:\/\/elettrotecnicabc.com\/it\/#website","url":"https:\/\/elettrotecnicabc.com\/it\/","name":"ElettrotecnicaBC","description":"Produttori di macchinari per calzature","publisher":{"@id":"https:\/\/elettrotecnicabc.com\/it\/#organization"},"potentialAction":[{"@type":"SearchAction","target":{"@type":"EntryPoint","urlTemplate":"https:\/\/elettrotecnicabc.com\/it\/?s={search_term_string}"},"query-input":{"@type":"PropertyValueSpecification","valueRequired":true,"valueName":"search_term_string"}}],"inLanguage":"it-IT"},{"@type":"Organization","@id":"https:\/\/elettrotecnicabc.com\/it\/#organization","name":"Elettrotecnica BC","url":"https:\/\/elettrotecnicabc.com\/it\/","logo":{"@type":"ImageObject","inLanguage":"it-IT","@id":"https:\/\/elettrotecnicabc.com\/it\/#\/schema\/logo\/image\/","url":"https:\/\/elettrotecnicabc.com\/wp-content\/uploads\/2021\/06\/Logo-trasp-rifinito.png","contentUrl":"https:\/\/elettrotecnicabc.com\/wp-content\/uploads\/2021\/06\/Logo-trasp-rifinito.png","width":460,"height":365,"caption":"Elettrotecnica BC"},"image":{"@id":"https:\/\/elettrotecnicabc.com\/it\/#\/schema\/logo\/image\/"},"sameAs":["https:\/\/www.facebook.com\/elettrotecnicabc\/","https:\/\/www.instagram.com\/elettrotecnica_bc\/","https:\/\/www.linkedin.com\/company\/elettrotecnicabc\/","https:\/\/www.youtube.com\/user\/ElettrotecnicaBC\/videos"]}]}},"_links":{"self":[{"href":"https:\/\/elettrotecnicabc.com\/it\/wp-json\/wp\/v2\/pages\/1193","targetHints":{"allow":["GET"]}}],"collection":[{"href":"https:\/\/elettrotecnicabc.com\/it\/wp-json\/wp\/v2\/pages"}],"about":[{"href":"https:\/\/elettrotecnicabc.com\/it\/wp-json\/wp\/v2\/types\/page"}],"author":[{"embeddable":true,"href":"https:\/\/elettrotecnicabc.com\/it\/wp-json\/wp\/v2\/users\/1"}],"replies":[{"embeddable":true,"href":"https:\/\/elettrotecnicabc.com\/it\/wp-json\/wp\/v2\/comments?post=1193"}],"version-history":[{"count":0,"href":"https:\/\/elettrotecnicabc.com\/it\/wp-json\/wp\/v2\/pages\/1193\/revisions"}],"up":[{"embeddable":true,"href":"https:\/\/elettrotecnicabc.com\/it\/wp-json\/wp\/v2\/pages\/3004"}],"wp:featuredmedia":[{"embeddable":true,"href":"https:\/\/elettrotecnicabc.com\/it\/wp-json\/wp\/v2\/media\/1438"}],"wp:attachment":[{"href":"https:\/\/elettrotecnicabc.com\/it\/wp-json\/wp\/v2\/media?parent=1193"}],"wp:term":[{"taxonomy":"tipo-pagine","embeddable":true,"href":"https:\/\/elettrotecnicabc.com\/it\/wp-json\/wp\/v2\/tipo-pagine?post=1193"},{"taxonomy":"categoria-pagine","embeddable":true,"href":"https:\/\/elettrotecnicabc.com\/it\/wp-json\/wp\/v2\/categoria-pagine?post=1193"}],"curies":[{"name":"wp","href":"https:\/\/api.w.org\/{rel}","templated":true}]}}