{"id":1187,"date":"2021-06-22T11:29:25","date_gmt":"2021-06-22T09:29:25","guid":{"rendered":"https:\/\/elettrotecnicabc.com\/wp\/?page_id=1187"},"modified":"2021-07-09T18:57:38","modified_gmt":"2021-07-09T16:57:38","slug":"spazzolatrici","status":"publish","type":"page","link":"https:\/\/elettrotecnicabc.com\/it\/essicazioneriattivazione\/spazzolatrici\/","title":{"rendered":"Spazzolatrici"},"content":{"rendered":"\r\n\r\n\t<a href=\"https:\/\/elettrotecnicabc.com\/wp\/\">Elettronica BC<\/a> | Spazzolatrici<h1>\r\n\t\tSpazzolatrici\r\n\t<\/h1>\r\n\t<p>Il settore della produzione di calzature \u00e8 molto complesso: uno dei motivi \u00e8 la grande variet\u00e0 di modelli di scarpe esistenti, ognuno con le sue particolarit\u00e0 ed esigenze di lavorazione.<\/p>\r\n<p>Noi di Elettrotecnica B.C., in sessant&#8217;anni di storia e di esperienza, siamo venuti a contatto con moltissimi fabbricanti e, di conseguenza, con tanti diversi tipi di calzature e di modelli; sappiamo quanto sia importante riuscire a trovare delle tecnologie che riescano a soddisfare il maggior numero di esigenze. Per questo, le nostre macchine sono sempre <strong>costruite in maniera da essere molto adattabili<\/strong>: le nostre spazzolatrici, per esempio, sono uniche al mondo per la loro capacit\u00e0 di spazzolare sia le scarpe sia gli stivali. Potendo utilizzare una sola tecnologia per portare a termine questa fase del processo di produzione, il fabbricante avr\u00e0 un <strong>grosso risparmio in termini di costi e di tempo<\/strong>.<\/p>\r\n<p>La nostra serie di spazzolatrici \u00e8 <strong>brevettata per la linea ergonomica<\/strong>: scopri il modello che pi\u00f9 si adatta alle tue esigenze, sfoglia il nostro catalogo!<\/p>\r\n\t\t\t\t<img decoding=\"async\" src=\"https:\/\/elettrotecnicabc.com\/wp-content\/plugins\/bb-plugin\/img\/pixel.png\" alt=\"\" itemprop=\"image\" onerror=\"this.style.display='none'\"  \/>\r\n\t\t<h3>Contattaci per saperne di pi\u00f9!<\/h3>\r\n\t\t<p>Lorem ipsum dolor sit amet, consectetur adipiscing elit.<\/p>\r\n\t\t\t<a href=\"#cta-moduli\" target=\"_self\" role=\"button\" rel=\"noopener\">\r\n\t\t\t\t\t\t\tCONTATTACI\r\n\t\t\t\t\t<\/a>\r\n<h3>\r\n\t\tModelli\r\n\t<\/h3>\r\n\t\t\t\t\t\t\t\tMod. 70\r\n<h4>Spazzolatrice con 2 raccoglitori a vortice, con inverter digitale, sistema a doppia velocit\u00e0, motore 3hp, assenza di motore centrale per stivali, illuminazione integrata &#8211; Brevettata &#8211;<\/h4>\r\n<img decoding=\"async\" src=\"https:\/\/elettrotecnicabc.com\/wp-content\/uploads\/2021\/06\/Raggruppa-168.png\" alt=\"Linea Top\" \/>\r\n<img decoding=\"async\" src=\"https:\/\/elettrotecnicabc.com\/wp-content\/uploads\/2021\/06\/Spazzolatrici-70-71-72-73-P1.png\" alt=\"Spazzolatrici 70 - 71 - 72 - 73 P1\" \/>\r\nSpazzolatrici con 2 raccoglitori a vortice (solo per modo 70), con inverter digitale, sistema a doppia velocita, motore da 3hp, assenza del motore centrale per favorire la lavorazione degli stivali, illuminazione integrata. Mod 72 &#8211; 73 Spazzolatrici con 2 raccoglitori a vortice (solo per modo 72), con motore a 2 velocita, motore da 3 hp, assenza del motore centrale per favorire la lavorazione degli stivali, illuminazione integrata\r\n<table>\r\n   <thead>\r\n      <tr><th colspan=\"2\">Dati tecnici<\/th><\/tr>\r\n   <\/thead>\r\n   <tbody>\r\n      <tr>\r\n      <td>Produzione Massima:<\/td>\r\n      <td>200 Paia\/Ora<\/td>\r\n      <\/tr>\r\n      <tr>\r\n      <td>Potenza Elettrica:<\/td>\r\n      <td>3,3 Kw<\/td>\r\n      <\/tr>\r\n      <tr>\r\n      <td>Dimensioni:<\/td>\r\n      <td>Cm. 115 X 124 X 142<\/td>\r\n      <\/tr>\r\n      <tr>\r\n      <td>Peso Netto:<\/td>\r\n      <td>Kg. 220<\/td>\r\n      <\/tr>\r\n      <tr>\r\n      <td>Peso Lordo Con Gabbia:<\/td>\r\n      <td>Kg. 310<\/td>\r\n      <\/tr>\r\n   <\/tbody>\r\n<\/table>\r\n\t\t\t\t\t\t\t\tMod. 70TS\r\n<h4>Spazzolatrice con 2 raccoglitori a vortice, con inverter digitale, sistema a doppia velocit\u00e0, motore 3hp, insonorizzata, assenza di motore centrale per stivali, illuminazione integrata, con sistema 4.0 e touchscreen<\/h4>\r\n<img decoding=\"async\" src=\"https:\/\/elettrotecnicabc.com\/wp-content\/uploads\/2021\/06\/Raggruppa-168.png\" alt=\"Linea Top\" \/>\r\n<img decoding=\"async\" src=\"https:\/\/elettrotecnicabc.com\/wp-content\/uploads\/2021\/04\/Logo-trasp.png\" alt=\"Mod. 70TS\" \/>\r\n<table>\r\n   <thead>\r\n      <tr><th colspan=\"2\">Dati tecnici<\/th><\/tr>\r\n   <\/thead>\r\n   <tbody>\r\n      <tr>\r\n      <td>Produzione Massima:<\/td>\r\n      <td><\/td>\r\n      <\/tr>\r\n      <tr>\r\n      <td>Potenza Elettrica:<\/td>\r\n      <td><\/td>\r\n      <\/tr>\r\n      <tr>\r\n      <td>Dimensioni:<\/td>\r\n      <td><\/td>\r\n      <\/tr>\r\n      <tr>\r\n      <td>Peso Netto:<\/td>\r\n      <td><\/td>\r\n      <\/tr>\r\n      <tr>\r\n      <td>Peso Lordo Con Gabbia:<\/td>\r\n      <td><\/td>\r\n      <\/tr>\r\n   <\/tbody>\r\n<\/table>\r\n\t\t\t\t\t\t\t\tMod. 71\r\n<h4>Spazzolatrice senza raccoglitori, con inverter digitale, sistema a doppia velocit\u00e0, motore 3hp, assenza di motore centrale per stivali, illuminazione integrata &#8211; Brevettata &#8211;<\/h4>\r\n<img decoding=\"async\" src=\"https:\/\/elettrotecnicabc.com\/wp-content\/uploads\/2021\/06\/Raggruppa-168.png\" alt=\"Linea Top\" \/>\r\n<img decoding=\"async\" src=\"https:\/\/elettrotecnicabc.com\/wp-content\/uploads\/2021\/06\/Spazzolatrici-70-71-72-73-P1.png\" alt=\"Spazzolatrici 70 - 71 - 72 - 73 P1\" \/>\r\nSpazzolatrici con 2 raccoglitori a vortice (solo per modo 70), con inverter digitale, sistema a doppia velocita, motore da 3hp, assenza del motore centrale per favorire la lavorazione degli stivali, illuminazione integrata. Mod 72 &#8211; 73 Spazzolatrici con 2 raccoglitori a vortice (solo per modo 72), con motore a 2 velocita, motore da 3 hp, assenza del motore centrale per favorire la lavorazione degli stivali, illuminazione integrata\r\n<table>\r\n   <thead>\r\n      <tr><th colspan=\"2\">Dati tecnici<\/th><\/tr>\r\n   <\/thead>\r\n   <tbody>\r\n      <tr>\r\n      <td>Produzione Massima:<\/td>\r\n      <td>200 Paia\/Ora<\/td>\r\n      <\/tr>\r\n      <tr>\r\n      <td>Potenza Elettrica:<\/td>\r\n      <td>3,3 Kw<\/td>\r\n      <\/tr>\r\n      <tr>\r\n      <td>Dimensioni:<\/td>\r\n      <td>Cm. 115 X 124 X 142<\/td>\r\n      <\/tr>\r\n      <tr>\r\n      <td>Peso Netto:<\/td>\r\n      <td>Kg. 220<\/td>\r\n      <\/tr>\r\n      <tr>\r\n      <td>Peso Lordo Con Gabbia:<\/td>\r\n      <td>Kg. 310<\/td>\r\n      <\/tr>\r\n   <\/tbody>\r\n<\/table>\r\n\t\t\t\t\t\t\t\tMod. 74\r\n<h4>Spazzolatrice a 3 alberi con inverter e aspirazione (possibilit\u00e0 di montare 6 spazzole) &#8211; Patent Pending &#8211;<\/h4>\r\n<img decoding=\"async\" src=\"https:\/\/elettrotecnicabc.com\/wp-content\/uploads\/2021\/06\/Raggruppa-168.png\" alt=\"Linea Top\" \/>\r\n<img decoding=\"async\" src=\"https:\/\/elettrotecnicabc.com\/wp-content\/uploads\/2021\/06\/Spazzolatrici-74.png\" alt=\"Spazzolatrici 74\" \/>\r\nMacchina a 3 alberi rotanti, con invertir variatore di velocita elettronico. Completa di aspiratore a vortice. Macchina ideata per il cambio delle spazzole senza interruzione della fase lavorativa; premendo il pedale si libera l&#8217;Albero motore, abbassando la manopola l&#8217;Albero ruota e si ha il cambio delle spazzole. Macchina predisposta per lucidatura delle tomaie e della suola di colori diversi.\r\n<table>\r\n   <thead>\r\n      <tr><th colspan=\"2\">Dati tecnici<\/th><\/tr>\r\n   <\/thead>\r\n   <tbody>\r\n      <tr>\r\n      <td>Dimensioni:<\/td>\r\n      <td>cm 130 x 85 x 175<\/td>\r\n      <\/tr>\r\n      <tr>\r\n      <td>Peso Netto:<\/td>\r\n      <td>Kg 350<\/td>\r\n      <\/tr>\r\n      <tr>\r\n      <td>Potenza Motore: <\/td>\r\n      <td>: HP 1.5<\/td>\r\n      <\/tr>\r\n      <tr>\r\n      <td>Potenza aspiratore: <\/td>\r\n      <td>HP 1,5<\/td>\r\n      <\/tr>\r\n   <\/tbody>\r\n<\/table>\r\n\t\t\t\t\t\t\t\tMod. 842\r\n<h4>Spazzolino di pulizia con inverter e aspiratore, a 1 posto<\/h4>\r\n<img decoding=\"async\" src=\"https:\/\/elettrotecnicabc.com\/wp-content\/uploads\/2021\/06\/Raggruppa-168.png\" alt=\"Linea Top\" \/>\r\n<img decoding=\"async\" src=\"https:\/\/elettrotecnicabc.com\/wp-content\/uploads\/2021\/06\/Spazzolatrici-842.png\" alt=\"Spazzolatrici 842\" \/>\r\nSpazzolino per la lucidatura del punto e il bordo della calzatura con controllo elettronico della velocit\u00e0.\r\nCaratteristiche tecniche:\r\n<ul>\r\n\t<li>Motore 0,5 Hp da 0 a 2800 giri<\/li>\r\n\t<li>Motore aspiratore 0,75 Hp 2800 giri<\/li>\r\n<\/ul>\r\n<table>\r\n   <thead>\r\n      <tr><th colspan=\"2\">Dati tecnici<\/th><\/tr>\r\n   <\/thead>\r\n   <tbody>\r\n      <tr>\r\n      <td>Produzione Massima:<\/td>\r\n      <td>200 Paia\/Ora<\/td>\r\n      <\/tr>\r\n      <tr>\r\n      <td>Consumo Aria 4 Bar:<\/td>\r\n      <td>20 Lt\/Min.<\/td>\r\n      <\/tr>\r\n      <tr>\r\n      <td>Potenza Elettrica: <\/td>\r\n      <td>1 Kw<\/td>\r\n      <\/tr>\r\n      <tr>\r\n      <td>Dimensioni: <\/td>\r\n      <td>Cm. 78 X 50 X 160<\/td>\r\n      <\/tr>\r\n      <tr>\r\n      <td>Peso Netto: <\/td>\r\n      <td>Kg. 85<\/td>\r\n      <\/tr>\r\n      <tr>\r\n      <td>Peso Lordo Con Gabbia:<\/td>\r\n      <td>Kg. 100<\/td>\r\n      <\/tr>\r\n   <\/tbody>\r\n<\/table>\r\n\t\t\t\t\t\t\t\tMod. 842 TS\r\n<h4>Spazzolino di pulizia con inverter e aspiratore, a 1 posto, illuminazione integrata; sistema doppia velocit\u00e0 con pedale, con sistema 4.0 e touchscreen<\/h4>\r\n<img decoding=\"async\" src=\"https:\/\/elettrotecnicabc.com\/wp-content\/uploads\/2021\/06\/Raggruppa-168.png\" alt=\"Linea Top\" \/>\r\n<img decoding=\"async\" src=\"https:\/\/elettrotecnicabc.com\/wp-content\/uploads\/2021\/04\/Logo-trasp.png\" alt=\"Spazzolatrici 842 TS\" \/>\r\n<table>\r\n   <thead>\r\n      <tr><th colspan=\"2\">Dati tecnici<\/th><\/tr>\r\n   <\/thead>\r\n   <tbody>\r\n      <tr>\r\n      <td>Produzione Massima:<\/td>\r\n      <td><\/td>\r\n      <\/tr>\r\n      <tr>\r\n      <td>Consumo Aria 4 Bar:<\/td>\r\n      <td><\/td>\r\n      <\/tr>\r\n      <tr>\r\n      <td>Potenza Elettrica: <\/td>\r\n      <td><\/td>\r\n      <\/tr>\r\n      <tr>\r\n      <td>Dimensioni: <\/td>\r\n      <td><\/td>\r\n      <\/tr>\r\n      <tr>\r\n      <td>Peso Netto: <\/td>\r\n      <td><\/td>\r\n      <\/tr>\r\n      <tr>\r\n      <td>Peso Lordo Con Gabbia:<\/td>\r\n      <td><\/td>\r\n      <\/tr>\r\n   <\/tbody>\r\n<\/table>\r\n<h4>\r\n\t\tGALLERIA FOTO\r\n\t<\/h4>\r\n\t\t\t\t\t\t\t\t<!-- navigation arrows -->\r\n\t\t\t<button aria-label=\"Previous slide\" role=\"button\" tabindex=\"0\">\r\n\t\t\t<\/button>\r\n\t\t\t<button aria-label=\"Next slide\" role=\"button\" tabindex=\"0\">\r\n\t\t\t<\/button>\r\n\t\t\t\t\t\t<!-- pagination -->\r\n\t<h2>\r\n\t\tContattaci per maggiori informazioni !\r\n\t<\/h2>\r\n\t<p>Lorem ipsum dolor sit amet, consetetur sadipscing elitr, sed diam nonumy eirmod tempor invidunt ut labore et dolore magna aliquyam erat, sed diam voluptua.<\/p>\r\n\t<h3>\r\n\t\t<\/h3>\r\n\t\r\n\t\t\r\n <ul><\/ul>\r\n<form action=\"\/?page_id=1187&#038;fl_builder#wpcf7-f172-o1\" method=\"post\" novalidate=\"novalidate\" data-status=\"init\">\r\n<input type=\"hidden\" name=\"_wpcf7\" value=\"172\" \/>\r\n<input type=\"hidden\" name=\"_wpcf7_version\" value=\"5.4.1\" \/>\r\n<input type=\"hidden\" name=\"_wpcf7_locale\" value=\"it_IT\" \/>\r\n<input type=\"hidden\" name=\"_wpcf7_unit_tag\" value=\"wpcf7-f172-o1\" \/>\r\n<input type=\"hidden\" name=\"_wpcf7_container_post\" value=\"0\" \/>\r\n<input type=\"hidden\" name=\"_wpcf7_posted_data_hash\" value=\"\" \/>\r\n      <input type=\"text\" name=\"nome\" value=\"\" size=\"40\" aria-required=\"true\" aria-invalid=\"false\" placeholder=\"Nome e Cognome*\" \/>\r\n      <input type=\"text\" name=\"azienda\" value=\"\" size=\"40\" aria-invalid=\"false\" placeholder=\"Azienda\" \/>\r\n      <input type=\"tel\" name=\"tel\" value=\"\" size=\"40\" aria-invalid=\"false\" placeholder=\"Telefono*\" \/>\r\n      <input type=\"email\" name=\"indirizzo-mail\" value=\"\" size=\"40\" aria-required=\"true\" aria-invalid=\"false\" placeholder=\"Email*\" \/>\r\n      <textarea name=\"messaggio\" cols=\"40\" rows=\"10\" aria-required=\"true\" aria-invalid=\"false\" placeholder=\"Messaggio\"><\/textarea>\r\n      <label><input type=\"checkbox\" name=\"privacy\" value=\"1\" aria-invalid=\"false\" \/><small> Confermo di aver preso visione dell&#8217;informativa sulla <a href=\"#\" title=\"Privacy Policy\">Privacy<\/a>.*<\/small><\/label>\r\n      <input type=\"submit\" value=\"Invia messaggio\" \/>\r\n<\/form>\r\n\r\n","protected":false},"excerpt":{"rendered":"<p>Elettronica BC | Spazzolatrici Spazzolatrici Il settore della produzione di calzature \u00e8 molto complesso: uno dei motivi \u00e8 la grande variet\u00e0 di modelli di scarpe esistenti, ognuno con le sue particolarit\u00e0 ed esigenze di lavorazione. Noi di Elettrotecnica B.C., in sessant&#8217;anni di storia e di esperienza, siamo venuti a contatto con moltissimi fabbricanti e, di [&hellip;]<\/p>\n","protected":false},"author":1,"featured_media":1434,"parent":3004,"menu_order":0,"comment_status":"closed","ping_status":"closed","template":"","meta":{"_acf_changed":false,"inline_featured_image":false,"site-sidebar-layout":"no-sidebar","site-content-layout":"page-builder","ast-site-content-layout":"default","site-content-style":"default","site-sidebar-style":"default","ast-global-header-display":"","ast-banner-title-visibility":"","ast-main-header-display":"","ast-hfb-above-header-display":"","ast-hfb-below-header-display":"","ast-hfb-mobile-header-display":"","site-post-title":"disabled","ast-breadcrumbs-content":"","ast-featured-img":"disabled","footer-sml-layout":"","theme-transparent-header-meta":"default","adv-header-id-meta":"","stick-header-meta":"default","header-above-stick-meta":"","header-main-stick-meta":"","header-below-stick-meta":"","astra-migrate-meta-layouts":"default","ast-page-background-enabled":"default","ast-page-background-meta":{"desktop":{"background-color":"","background-image":"","background-repeat":"repeat","background-position":"center center","background-size":"auto","background-attachment":"scroll","background-type":"","background-media":"","overlay-type":"","overlay-color":"","overlay-opacity":"","overlay-gradient":""},"tablet":{"background-color":"","background-image":"","background-repeat":"repeat","background-position":"center center","background-size":"auto","background-attachment":"scroll","background-type":"","background-media":"","overlay-type":"","overlay-color":"","overlay-opacity":"","overlay-gradient":""},"mobile":{"background-color":"","background-image":"","background-repeat":"repeat","background-position":"center center","background-size":"auto","background-attachment":"scroll","background-type":"","background-media":"","overlay-type":"","overlay-color":"","overlay-opacity":"","overlay-gradient":""}},"ast-content-background-meta":{"desktop":{"background-color":"var(--ast-global-color-5)","background-image":"","background-repeat":"repeat","background-position":"center center","background-size":"auto","background-attachment":"scroll","background-type":"","background-media":"","overlay-type":"","overlay-color":"","overlay-opacity":"","overlay-gradient":""},"tablet":{"background-color":"var(--ast-global-color-5)","background-image":"","background-repeat":"repeat","background-position":"center center","background-size":"auto","background-attachment":"scroll","background-type":"","background-media":"","overlay-type":"","overlay-color":"","overlay-opacity":"","overlay-gradient":""},"mobile":{"background-color":"var(--ast-global-color-5)","background-image":"","background-repeat":"repeat","background-position":"center center","background-size":"auto","background-attachment":"scroll","background-type":"","background-media":"","overlay-type":"","overlay-color":"","overlay-opacity":"","overlay-gradient":""}},"footnotes":""},"tipo-pagine":[63],"categoria-pagine":[87],"class_list":["post-1187","page","type-page","status-publish","has-post-thumbnail","hentry","tipo-pagine-categorie-prodotti","categoria-pagine-trattamento-superficie"],"acf":[],"yoast_head":"<!-- This site is optimized with the Yoast SEO plugin v26.3 - https:\/\/yoast.com\/wordpress\/plugins\/seo\/ -->\n<title>Spazzolatrici | ElettrotecnicaBC<\/title>\n<meta name=\"description\" content=\"Elettronica BC | Spazzolatrici Spazzolatrici Il settore della produzione di calzature \u00e8 molto complesso: uno dei motivi \u00e8 la grande variet\u00e0 di modelli di\" \/>\n<meta name=\"robots\" content=\"index, follow, max-snippet:-1, max-image-preview:large, max-video-preview:-1\" \/>\n<link rel=\"canonical\" href=\"https:\/\/elettrotecnicabc.com\/it\/essicazioneriattivazione\/spazzolatrici\/\" \/>\n<meta property=\"og:locale\" content=\"it_IT\" \/>\n<meta property=\"og:type\" content=\"article\" \/>\n<meta property=\"og:title\" content=\"Spazzolatrici | ElettrotecnicaBC\" \/>\n<meta property=\"og:description\" content=\"Elettronica BC | Spazzolatrici Spazzolatrici Il settore della produzione di calzature \u00e8 molto complesso: uno dei motivi \u00e8 la grande variet\u00e0 di modelli di\" \/>\n<meta property=\"og:url\" content=\"https:\/\/elettrotecnicabc.com\/it\/essicazioneriattivazione\/spazzolatrici\/\" \/>\n<meta property=\"og:site_name\" content=\"ElettrotecnicaBC\" \/>\n<meta property=\"article:publisher\" content=\"https:\/\/www.facebook.com\/elettrotecnicabc\/\" \/>\n<meta property=\"article:modified_time\" content=\"2021-07-09T16:57:38+00:00\" \/>\n<meta property=\"og:image\" content=\"https:\/\/elettrotecnicabc.com\/wp-content\/uploads\/2021\/06\/Spazzolatrici-74.png\" \/>\n\t<meta property=\"og:image:width\" content=\"297\" \/>\n\t<meta property=\"og:image:height\" content=\"515\" \/>\n\t<meta property=\"og:image:type\" content=\"image\/png\" \/>\n<meta name=\"twitter:card\" content=\"summary_large_image\" \/>\n<script type=\"application\/ld+json\" class=\"yoast-schema-graph\">{\"@context\":\"https:\/\/schema.org\",\"@graph\":[{\"@type\":\"WebPage\",\"@id\":\"https:\/\/elettrotecnicabc.com\/it\/essicazioneriattivazione\/spazzolatrici\/\",\"url\":\"https:\/\/elettrotecnicabc.com\/it\/essicazioneriattivazione\/spazzolatrici\/\",\"name\":\"Spazzolatrici | ElettrotecnicaBC\",\"isPartOf\":{\"@id\":\"https:\/\/elettrotecnicabc.com\/it\/#website\"},\"primaryImageOfPage\":{\"@id\":\"https:\/\/elettrotecnicabc.com\/it\/essicazioneriattivazione\/spazzolatrici\/#primaryimage\"},\"image\":{\"@id\":\"https:\/\/elettrotecnicabc.com\/it\/essicazioneriattivazione\/spazzolatrici\/#primaryimage\"},\"thumbnailUrl\":\"https:\/\/elettrotecnicabc.com\/wp-content\/uploads\/2021\/06\/Spazzolatrici-74.png\",\"datePublished\":\"2021-06-22T09:29:25+00:00\",\"dateModified\":\"2021-07-09T16:57:38+00:00\",\"description\":\"Elettronica BC | Spazzolatrici Spazzolatrici Il settore della produzione di calzature \u00e8 molto complesso: uno dei motivi \u00e8 la grande variet\u00e0 di modelli di\",\"breadcrumb\":{\"@id\":\"https:\/\/elettrotecnicabc.com\/it\/essicazioneriattivazione\/spazzolatrici\/#breadcrumb\"},\"inLanguage\":\"it-IT\",\"potentialAction\":[{\"@type\":\"ReadAction\",\"target\":[\"https:\/\/elettrotecnicabc.com\/it\/essicazioneriattivazione\/spazzolatrici\/\"]}]},{\"@type\":\"ImageObject\",\"inLanguage\":\"it-IT\",\"@id\":\"https:\/\/elettrotecnicabc.com\/it\/essicazioneriattivazione\/spazzolatrici\/#primaryimage\",\"url\":\"https:\/\/elettrotecnicabc.com\/wp-content\/uploads\/2021\/06\/Spazzolatrici-74.png\",\"contentUrl\":\"https:\/\/elettrotecnicabc.com\/wp-content\/uploads\/2021\/06\/Spazzolatrici-74.png\",\"width\":297,\"height\":515},{\"@type\":\"BreadcrumbList\",\"@id\":\"https:\/\/elettrotecnicabc.com\/it\/essicazioneriattivazione\/spazzolatrici\/#breadcrumb\",\"itemListElement\":[{\"@type\":\"ListItem\",\"position\":1,\"name\":\"Elettrotecnica BC\",\"item\":\"https:\/\/elettrotecnicabc.com\/it\/\"},{\"@type\":\"ListItem\",\"position\":2,\"name\":\"Essicazione e riattivazione\",\"item\":\"https:\/\/elettrotecnicabc.com\/it\/essicazioneriattivazione\/\"},{\"@type\":\"ListItem\",\"position\":3,\"name\":\"Spazzolatrici\"}]},{\"@type\":\"WebSite\",\"@id\":\"https:\/\/elettrotecnicabc.com\/it\/#website\",\"url\":\"https:\/\/elettrotecnicabc.com\/it\/\",\"name\":\"ElettrotecnicaBC\",\"description\":\"Produttori di macchinari per calzature\",\"publisher\":{\"@id\":\"https:\/\/elettrotecnicabc.com\/it\/#organization\"},\"potentialAction\":[{\"@type\":\"SearchAction\",\"target\":{\"@type\":\"EntryPoint\",\"urlTemplate\":\"https:\/\/elettrotecnicabc.com\/it\/?s={search_term_string}\"},\"query-input\":{\"@type\":\"PropertyValueSpecification\",\"valueRequired\":true,\"valueName\":\"search_term_string\"}}],\"inLanguage\":\"it-IT\"},{\"@type\":\"Organization\",\"@id\":\"https:\/\/elettrotecnicabc.com\/it\/#organization\",\"name\":\"Elettrotecnica BC\",\"url\":\"https:\/\/elettrotecnicabc.com\/it\/\",\"logo\":{\"@type\":\"ImageObject\",\"inLanguage\":\"it-IT\",\"@id\":\"https:\/\/elettrotecnicabc.com\/it\/#\/schema\/logo\/image\/\",\"url\":\"https:\/\/elettrotecnicabc.com\/wp-content\/uploads\/2021\/06\/Logo-trasp-rifinito.png\",\"contentUrl\":\"https:\/\/elettrotecnicabc.com\/wp-content\/uploads\/2021\/06\/Logo-trasp-rifinito.png\",\"width\":460,\"height\":365,\"caption\":\"Elettrotecnica BC\"},\"image\":{\"@id\":\"https:\/\/elettrotecnicabc.com\/it\/#\/schema\/logo\/image\/\"},\"sameAs\":[\"https:\/\/www.facebook.com\/elettrotecnicabc\/\",\"https:\/\/www.instagram.com\/elettrotecnica_bc\/\",\"https:\/\/www.linkedin.com\/company\/elettrotecnicabc\/\",\"https:\/\/www.youtube.com\/user\/ElettrotecnicaBC\/videos\"]}]}<\/script>\n<!-- \/ Yoast SEO plugin. -->","yoast_head_json":{"title":"Spazzolatrici | ElettrotecnicaBC","description":"Elettronica BC | Spazzolatrici Spazzolatrici Il settore della produzione di calzature \u00e8 molto complesso: uno dei motivi \u00e8 la grande variet\u00e0 di modelli di","robots":{"index":"index","follow":"follow","max-snippet":"max-snippet:-1","max-image-preview":"max-image-preview:large","max-video-preview":"max-video-preview:-1"},"canonical":"https:\/\/elettrotecnicabc.com\/it\/essicazioneriattivazione\/spazzolatrici\/","og_locale":"it_IT","og_type":"article","og_title":"Spazzolatrici | ElettrotecnicaBC","og_description":"Elettronica BC | Spazzolatrici Spazzolatrici Il settore della produzione di calzature \u00e8 molto complesso: uno dei motivi \u00e8 la grande variet\u00e0 di modelli di","og_url":"https:\/\/elettrotecnicabc.com\/it\/essicazioneriattivazione\/spazzolatrici\/","og_site_name":"ElettrotecnicaBC","article_publisher":"https:\/\/www.facebook.com\/elettrotecnicabc\/","article_modified_time":"2021-07-09T16:57:38+00:00","og_image":[{"width":297,"height":515,"url":"https:\/\/elettrotecnicabc.com\/wp-content\/uploads\/2021\/06\/Spazzolatrici-74.png","type":"image\/png"}],"twitter_card":"summary_large_image","schema":{"@context":"https:\/\/schema.org","@graph":[{"@type":"WebPage","@id":"https:\/\/elettrotecnicabc.com\/it\/essicazioneriattivazione\/spazzolatrici\/","url":"https:\/\/elettrotecnicabc.com\/it\/essicazioneriattivazione\/spazzolatrici\/","name":"Spazzolatrici | ElettrotecnicaBC","isPartOf":{"@id":"https:\/\/elettrotecnicabc.com\/it\/#website"},"primaryImageOfPage":{"@id":"https:\/\/elettrotecnicabc.com\/it\/essicazioneriattivazione\/spazzolatrici\/#primaryimage"},"image":{"@id":"https:\/\/elettrotecnicabc.com\/it\/essicazioneriattivazione\/spazzolatrici\/#primaryimage"},"thumbnailUrl":"https:\/\/elettrotecnicabc.com\/wp-content\/uploads\/2021\/06\/Spazzolatrici-74.png","datePublished":"2021-06-22T09:29:25+00:00","dateModified":"2021-07-09T16:57:38+00:00","description":"Elettronica BC | Spazzolatrici Spazzolatrici Il settore della produzione di calzature \u00e8 molto complesso: uno dei motivi \u00e8 la grande variet\u00e0 di modelli di","breadcrumb":{"@id":"https:\/\/elettrotecnicabc.com\/it\/essicazioneriattivazione\/spazzolatrici\/#breadcrumb"},"inLanguage":"it-IT","potentialAction":[{"@type":"ReadAction","target":["https:\/\/elettrotecnicabc.com\/it\/essicazioneriattivazione\/spazzolatrici\/"]}]},{"@type":"ImageObject","inLanguage":"it-IT","@id":"https:\/\/elettrotecnicabc.com\/it\/essicazioneriattivazione\/spazzolatrici\/#primaryimage","url":"https:\/\/elettrotecnicabc.com\/wp-content\/uploads\/2021\/06\/Spazzolatrici-74.png","contentUrl":"https:\/\/elettrotecnicabc.com\/wp-content\/uploads\/2021\/06\/Spazzolatrici-74.png","width":297,"height":515},{"@type":"BreadcrumbList","@id":"https:\/\/elettrotecnicabc.com\/it\/essicazioneriattivazione\/spazzolatrici\/#breadcrumb","itemListElement":[{"@type":"ListItem","position":1,"name":"Elettrotecnica BC","item":"https:\/\/elettrotecnicabc.com\/it\/"},{"@type":"ListItem","position":2,"name":"Essicazione e riattivazione","item":"https:\/\/elettrotecnicabc.com\/it\/essicazioneriattivazione\/"},{"@type":"ListItem","position":3,"name":"Spazzolatrici"}]},{"@type":"WebSite","@id":"https:\/\/elettrotecnicabc.com\/it\/#website","url":"https:\/\/elettrotecnicabc.com\/it\/","name":"ElettrotecnicaBC","description":"Produttori di macchinari per calzature","publisher":{"@id":"https:\/\/elettrotecnicabc.com\/it\/#organization"},"potentialAction":[{"@type":"SearchAction","target":{"@type":"EntryPoint","urlTemplate":"https:\/\/elettrotecnicabc.com\/it\/?s={search_term_string}"},"query-input":{"@type":"PropertyValueSpecification","valueRequired":true,"valueName":"search_term_string"}}],"inLanguage":"it-IT"},{"@type":"Organization","@id":"https:\/\/elettrotecnicabc.com\/it\/#organization","name":"Elettrotecnica BC","url":"https:\/\/elettrotecnicabc.com\/it\/","logo":{"@type":"ImageObject","inLanguage":"it-IT","@id":"https:\/\/elettrotecnicabc.com\/it\/#\/schema\/logo\/image\/","url":"https:\/\/elettrotecnicabc.com\/wp-content\/uploads\/2021\/06\/Logo-trasp-rifinito.png","contentUrl":"https:\/\/elettrotecnicabc.com\/wp-content\/uploads\/2021\/06\/Logo-trasp-rifinito.png","width":460,"height":365,"caption":"Elettrotecnica BC"},"image":{"@id":"https:\/\/elettrotecnicabc.com\/it\/#\/schema\/logo\/image\/"},"sameAs":["https:\/\/www.facebook.com\/elettrotecnicabc\/","https:\/\/www.instagram.com\/elettrotecnica_bc\/","https:\/\/www.linkedin.com\/company\/elettrotecnicabc\/","https:\/\/www.youtube.com\/user\/ElettrotecnicaBC\/videos"]}]}},"_links":{"self":[{"href":"https:\/\/elettrotecnicabc.com\/it\/wp-json\/wp\/v2\/pages\/1187","targetHints":{"allow":["GET"]}}],"collection":[{"href":"https:\/\/elettrotecnicabc.com\/it\/wp-json\/wp\/v2\/pages"}],"about":[{"href":"https:\/\/elettrotecnicabc.com\/it\/wp-json\/wp\/v2\/types\/page"}],"author":[{"embeddable":true,"href":"https:\/\/elettrotecnicabc.com\/it\/wp-json\/wp\/v2\/users\/1"}],"replies":[{"embeddable":true,"href":"https:\/\/elettrotecnicabc.com\/it\/wp-json\/wp\/v2\/comments?post=1187"}],"version-history":[{"count":0,"href":"https:\/\/elettrotecnicabc.com\/it\/wp-json\/wp\/v2\/pages\/1187\/revisions"}],"up":[{"embeddable":true,"href":"https:\/\/elettrotecnicabc.com\/it\/wp-json\/wp\/v2\/pages\/3004"}],"wp:featuredmedia":[{"embeddable":true,"href":"https:\/\/elettrotecnicabc.com\/it\/wp-json\/wp\/v2\/media\/1434"}],"wp:attachment":[{"href":"https:\/\/elettrotecnicabc.com\/it\/wp-json\/wp\/v2\/media?parent=1187"}],"wp:term":[{"taxonomy":"tipo-pagine","embeddable":true,"href":"https:\/\/elettrotecnicabc.com\/it\/wp-json\/wp\/v2\/tipo-pagine?post=1187"},{"taxonomy":"categoria-pagine","embeddable":true,"href":"https:\/\/elettrotecnicabc.com\/it\/wp-json\/wp\/v2\/categoria-pagine?post=1187"}],"curies":[{"name":"wp","href":"https:\/\/api.w.org\/{rel}","templated":true}]}}