{"id":1153,"date":"2021-06-22T11:10:52","date_gmt":"2021-06-22T09:10:52","guid":{"rendered":"https:\/\/elettrotecnicabc.com\/wp\/?page_id=1153"},"modified":"2024-10-31T09:03:03","modified_gmt":"2024-10-31T08:03:03","slug":"riattivatori","status":"publish","type":"page","link":"https:\/\/elettrotecnicabc.com\/it\/macchine\/riattivatori\/","title":{"rendered":"Riattivatori"},"content":{"rendered":"\n\n\t<nav id=\"breadcrumbs\" aria-label=\"Breadcrumbs\"><a href=\"https:\/\/elettrotecnicabc.com\/\">Elettrotecnica BC<\/a> | <a href=\"https:\/\/elettrotecnicabc.com\/macchine\/\">Macchine<\/a> | Riattivatori<\/nav><h1>\n\t\tRiattivatori\n\t<\/h1>\n\t<p>La qualit\u00e0 di un prodotto, quando \u00e8 di livello elevato, si vede: la nostra missione \u00e8 impegnarci nell&#8217;aiutare i nostri clienti a raggiungere contemporaneamente uno <strong>standard sempre pi\u00f9 alto<\/strong> e una <strong>fluidit\u00e0 nei processi lavorativi sempre pi\u00f9 efficiente<\/strong>.<\/p>\n<p>I nostri modelli di macchine riattivatori\/termorinvenitrici sono ideate e progettate esattamente con questo scopo: fornire <strong>precisione assoluta e minor tempo nel processo di fabbricazione<\/strong>. Vengono utilizzate delle lampade a raggi infrarossi che permettono di riscaldare rapidamente la parte incollata della suola e della scarpa: la tecnologia \u00e8 pensata per fare in modo che la suola non si ammorbidisca troppo, soprattutto se costruita in materiali come il PVC.<\/p>\n<p>Vi sono inoltre delle caratteristiche tecniche che rendono i nostri riattivatori ancora pi\u00f9 efficienti, come il <strong>sistema di appoggio scarpa e suola autoadattante<\/strong>. Il comfort lavorativo e la precisione sono ulteriormente garantiti grazie a una serie di parametri che possono essere comodamente regolati a seconda delle proprie esigenze, come per esempio il tempo di accensione delle lampade o l&#8217;inclinazione del carrello porta suola.<\/p>\n<p>Scopri tutti i modelli di macchine riattivatrici \/ termorinvenitrici presenti nel nostro catalogo!<\/p>\n\t\t\t\t<img decoding=\"async\" src=\"https:\/\/elettrotecnicabc.com\/wp-content\/plugins\/bb-plugin\/img\/pixel.png\" alt=\"\" itemprop=\"image\" onerror=\"this.style.display='none'\"  \/>\n<h3>\n\t\tModelli\n\t<\/h3>\n\t\t\t\tMod 234\n\t\t<h4>\n\t\tRiattivatore per collanti a base solvente e a base d&#8217;acqua\n\t<\/h4>\n<img decoding=\"async\" src=\"\/wp-content\/uploads\/\/2021\/06\/linea_top_icon.svg\" \/>\n\t\t\t\t<img decoding=\"async\" src=\"https:\/\/elettrotecnicabc.com\/wp-content\/plugins\/bb-plugin\/img\/pixel.png\" alt=\"\" itemprop=\"image\" onerror=\"this.style.display='none'\"  \/>\n\t<table>\n<thead>\n<tr>\n<th colspan=\"2\">Dati tecnici<\/th>\n<\/tr>\n<\/thead>\n<tbody>\n<tr>\n<td>Dimensioni: <\/td>\n<td>Cm 80 x 80 x 160<\/td>\n<\/tr>\n<tr>\n<td>Peso netto: <\/td>\n<td>Kg 95<\/td>\n<\/tr>\n<tr>\n<td>Peso Lordo con gabbia: <\/td>\n<td>Kg 140<\/td>\n<\/tr>\n<tr>\n<td>Peso Lordo con cassa: <\/td>\n<td>Kg 165<\/td>\n<\/tr>\n<\/tbody>\n<\/table>\n\t\t\t\tMod 325 NWPS\n\t\t<h4>\n\t\tRiattivatore colla programmato con sistema opanka &#8211; Patented &#8211;\n\t<\/h4>\n<img decoding=\"async\" src=\"\/wp-content\/uploads\/\/2021\/06\/linea_top_icon.svg\" \/>\n\t\t\t\t<img decoding=\"async\" src=\"https:\/\/elettrotecnicabc.com\/wp-content\/plugins\/bb-plugin\/img\/pixel.png\" alt=\"\" itemprop=\"image\" onerror=\"this.style.display='none'\"  \/>\n\t<table>\n<thead>\n<tr>\n<th colspan=\"2\">Dati tecnici<\/th>\n<\/tr>\n<\/thead>\n<tbody>\n<tr>\n<td>Produzione massima: <\/td>\n<td>1500 paia circa in 8 ore<\/td>\n<\/tr>\n<tr>\n<td>Dimensioni: <\/td>\n<td>Cm 91 x 106,5 x h 159<\/td>\n<\/tr>\n<tr>\n<td>Peso netto: <\/td>\n<td>Kg 95  <\/td>\n<\/tr>\n<tr>\n<td>Potenza assorbita: <\/td>\n<td>16 kW<\/td>\n<\/tr>\n<\/tbody>\n<\/table>\n\t\t\t\tMod 133 OP\n\t\t<h4>\n\t\tRiattivatrice colla tipo Opanka\n\t<\/h4>\n\t\t\t\t<img decoding=\"async\" src=\"https:\/\/elettrotecnicabc.com\/wp-content\/plugins\/bb-plugin\/img\/pixel.png\" alt=\"\" itemprop=\"image\" onerror=\"this.style.display='none'\"  \/>\n\t<table>\n<thead>\n<tr>\n<th colspan=\"2\">Dati tecnici<\/th>\n<\/tr>\n<\/thead>\n<tbody>\n<tr>\n<td>Dimensioni: <\/td>\n<td>cm 77 x 64 x 139<\/td>\n<\/tr>\n<tr>\n<td>Peso netto: <\/td>\n<td>Kg 102<\/td>\n<\/tr>\n<tr>\n<td>Consumo Aria a 5 Bar: <\/td>\n<td>4 lt\/min<\/td>\n<\/tr>\n<tr>\n<td>Potenza assorbita: <\/td>\n<td>6,4 Kw<\/td>\n<\/tr>\n<\/tbody>\n<\/table>\n\t\t\t\tMod 133\n\t\t<h4>\n\t\tRiattivartice colla\n\t<\/h4>\n\t\t\t\t<img decoding=\"async\" src=\"https:\/\/elettrotecnicabc.com\/wp-content\/plugins\/bb-plugin\/img\/pixel.png\" alt=\"\" itemprop=\"image\" onerror=\"this.style.display='none'\"  \/>\n\t<table>\n<thead>\n<tr>\n<th colspan=\"2\">Dati tecnici<\/th>\n<\/tr>\n<\/thead>\n<tbody>\n<tr>\n<td>Dimensioni: <\/td>\n<td>cm 77 x 64 x 118<\/td>\n<\/tr>\n<tr>\n<td>Peso netto: <\/td>\n<td>Kg 88<\/td>\n<\/tr>\n<tr>\n<td>Potenza elettrica: <\/td>\n<td>4,2 Kw<\/td>\n<\/tr>\n<\/tbody>\n<\/table>\n\t\t\t\tMod. 133OPTS\n\t\t<h4>\n\t\tMACCHINA PROGRAMMATA PER RIATTIVARE IL COLLANTE CON LAMPADE A RAGGI INFRAROSSI SENZA INERZIA CHE PERMETTONO DI RISCALDARE RAPIDAMENTE IL COLLANTE SULLA SCARPA E SULLA SUOLA\n\t<\/h4>\n<img decoding=\"async\" src=\"\/wp-content\/uploads\/\/2021\/06\/linea_top_icon.svg\" \/>\n\t\t\t\t<img decoding=\"async\" src=\"https:\/\/elettrotecnicabc.com\/wp-content\/plugins\/bb-plugin\/img\/pixel.png\" alt=\"\" itemprop=\"image\" onerror=\"this.style.display='none'\"  \/>\n\t<table>\n<thead>\n<tr>\n<th colspan=\"2\">Dati tecnici<\/th>\n<\/tr>\n<\/thead>\n<tbody>\n<tr>\n<td>Dimensioni: <\/td>\n<td>77 x 64 x 139<\/td>\n<\/tr>\n<tr>\n<td>Peso Netto: <\/td>\n<td>Kg 102<\/td>\n<\/tr>\n<tr>\n<td>Potenza Assorbita: <\/td>\n<td>6,4 Kw<\/td>\n<\/tr>\n<\/tbody>\n<\/table>\n\t\t<h3>Contattaci per saperne di pi\u00f9!<\/h3>\n\t\t<p>Vai al modulo per chiedere informazioni sui nostri prodotti!<\/p>\n\t\t\t<a href=\"#cta-moduli\" target=\"_self\" rel=\"noopener\">\n\t\t\t\t\t\t\tCONTATTACI\n\t\t\t\t\t<\/a>\n<h4>\n\t\tGALLERIA FOTO\n\t<\/h4>\n\t\t\t\t\t\t<figure>\n\t\t\t\t\t\t\t<img loading=\"lazy\" decoding=\"async\" src=\"https:\/\/elettrotecnicabc.com\/wp-content\/uploads\/2021\/06\/Mod-484.png\" alt=\"\" srcset=\"https:\/\/elettrotecnicabc.com\/wp-content\/uploads\/2021\/06\/Mod-484.png 650w, https:\/\/elettrotecnicabc.com\/wp-content\/uploads\/2021\/06\/Mod-484-300x259.png 300w\" width=\"650\" height=\"562\" \/>\n\t\t\t\t\t\t\t\t\t\t\t\t\t<\/figure>\n\t\t\t\t\t\t<figure>\n\t\t\t\t\t\t\t<img loading=\"lazy\" decoding=\"async\" src=\"https:\/\/elettrotecnicabc.com\/wp-content\/uploads\/2021\/06\/MOD.60-removebg-preview.png\" alt=\"\" srcset=\"https:\/\/elettrotecnicabc.com\/wp-content\/uploads\/2021\/06\/MOD.60-removebg-preview.png 523w, https:\/\/elettrotecnicabc.com\/wp-content\/uploads\/2021\/06\/MOD.60-removebg-preview-300x274.png 300w\" width=\"523\" height=\"477\" \/>\n\t\t\t\t\t\t\t\t\t\t\t\t\t<\/figure>\n\t\t\t\t\t\t<figure>\n\t\t\t\t\t\t\t<img loading=\"lazy\" decoding=\"async\" src=\"https:\/\/elettrotecnicabc.com\/wp-content\/uploads\/2021\/06\/forni-stabilizzatori-Mod510-LV.png\" alt=\"\" srcset=\"https:\/\/elettrotecnicabc.com\/wp-content\/uploads\/2021\/06\/forni-stabilizzatori-Mod510-LV.png 450w, https:\/\/elettrotecnicabc.com\/wp-content\/uploads\/2021\/06\/forni-stabilizzatori-Mod510-LV-300x281.png 300w\" width=\"450\" height=\"421\" \/>\n\t\t\t\t\t\t\t\t\t\t\t\t\t<\/figure>\n\t\t\t\t\t\t<figure>\n\t\t\t\t\t\t\t<img loading=\"lazy\" decoding=\"async\" src=\"https:\/\/elettrotecnicabc.com\/wp-content\/uploads\/2021\/06\/IMG_6233-1024x683.jpg\" alt=\"\" srcset=\"https:\/\/elettrotecnicabc.com\/wp-content\/uploads\/2021\/06\/IMG_6233-1024x683.jpg 1024w, https:\/\/elettrotecnicabc.com\/wp-content\/uploads\/2021\/06\/IMG_6233-300x200.jpg 300w, https:\/\/elettrotecnicabc.com\/wp-content\/uploads\/2021\/06\/IMG_6233-768x512.jpg 768w, https:\/\/elettrotecnicabc.com\/wp-content\/uploads\/2021\/06\/IMG_6233.jpg 1200w\" width=\"1024\" height=\"683\" \/>\n\t\t\t\t\t\t\t\t\t\t\t\t\t<\/figure>\n\t\t\t\t\t\t<figure>\n\t\t\t\t\t\t\t<img loading=\"lazy\" decoding=\"async\" src=\"https:\/\/elettrotecnicabc.com\/wp-content\/uploads\/2021\/06\/Elettrotecnica-BC-Primo-forno-1024x576.jpg\" alt=\"\" srcset=\"https:\/\/elettrotecnicabc.com\/wp-content\/uploads\/2021\/06\/Elettrotecnica-BC-Primo-forno-1024x576.jpg 1024w, https:\/\/elettrotecnicabc.com\/wp-content\/uploads\/2021\/06\/Elettrotecnica-BC-Primo-forno-300x169.jpg 300w, https:\/\/elettrotecnicabc.com\/wp-content\/uploads\/2021\/06\/Elettrotecnica-BC-Primo-forno-768x432.jpg 768w, https:\/\/elettrotecnicabc.com\/wp-content\/uploads\/2021\/06\/Elettrotecnica-BC-Primo-forno-1536x864.jpg 1536w, https:\/\/elettrotecnicabc.com\/wp-content\/uploads\/2021\/06\/Elettrotecnica-BC-Primo-forno.jpg 1920w\" width=\"1024\" height=\"576\" \/>\n\t\t\t\t\t\t\t\t\t\t\t\t\t<\/figure>\n\t\t\t\t\t\t<figure>\n\t\t\t\t\t\t\t<img loading=\"lazy\" decoding=\"async\" src=\"https:\/\/elettrotecnicabc.com\/wp-content\/uploads\/2021\/06\/600.png\" alt=\"\" srcset=\"https:\/\/elettrotecnicabc.com\/wp-content\/uploads\/2021\/06\/600.png 546w, https:\/\/elettrotecnicabc.com\/wp-content\/uploads\/2021\/06\/600-300x251.png 300w\" width=\"546\" height=\"457\" \/>\n\t\t\t\t\t\t\t\t\t\t\t\t\t<\/figure>\n\t\t\t\t\t\t\t\t<!-- navigation arrows -->\n\t\t\t<button aria-label=\"Previous slide\" role=\"button\" tabindex=\"0\">\n\t\t\t<\/button>\n\t\t\t<button aria-label=\"Next slide\" role=\"button\" tabindex=\"0\">\n\t\t\t<\/button>\n\t\t\t\t\t\t<!-- pagination -->\n\t<h2>\n\t\tContattaci per maggiori informazioni !\n\t<\/h2>\n\t<p>Compila questo modulo per chiedere informazioni sui nostri prodotti.<\/p>\n\t\n\t\n \n<form action=\"\/?page_id=1153&#038;fl_builder#wpcf7-f172-o1\" method=\"post\" aria-label=\"Modulo di contatto\" novalidate=\"novalidate\" data-status=\"init\">\n<input type=\"hidden\" name=\"_wpcf7\" value=\"172\" \/>\n<input type=\"hidden\" name=\"_wpcf7_version\" value=\"5.9.4\" \/>\n<input type=\"hidden\" name=\"_wpcf7_locale\" value=\"it_IT\" \/>\n<input type=\"hidden\" name=\"_wpcf7_unit_tag\" value=\"wpcf7-f172-o1\" \/>\n<input type=\"hidden\" name=\"_wpcf7_container_post\" value=\"0\" \/>\n<input type=\"hidden\" name=\"_wpcf7_posted_data_hash\" value=\"\" \/>\n<input type=\"hidden\" name=\"_wpcf7_recaptcha_response\" value=\"\" \/>\n\t\t<input size=\"40\" aria-required=\"true\" aria-invalid=\"false\" placeholder=\"Nome e Cognome*\" value=\"\" type=\"text\" name=\"nome\" \/>\n\t\t\n\t\t<input size=\"40\" aria-invalid=\"false\" placeholder=\"Azienda\" value=\"\" type=\"text\" name=\"azienda\" \/>\n\t\t\n\t\t<input size=\"40\" aria-invalid=\"false\" placeholder=\"Telefono\" value=\"\" type=\"tel\" name=\"tel\" \/>\n\t\t\n\t\t<input size=\"40\" aria-required=\"true\" aria-invalid=\"false\" placeholder=\"Email*\" value=\"\" type=\"email\" name=\"indirizzo-mail\" \/>\n\t\t\n\t\t<select aria-required=\"true\" aria-invalid=\"false\" name=\"Richiestainformazioneriguardo\"><option value=\"\">Richiesta informazione riguardo a &#8230;*<\/option><option value=\"Consulenza generale\">Consulenza generale<\/option><option value=\"Preventivo macchina\">Preventivo macchina<\/option><option value=\"Preventivo linea completa\">Preventivo linea completa<\/option><option value=\"Altro\">Altro<\/option><\/select>\n\t\t\n\t\t<textarea cols=\"40\" rows=\"10\" aria-required=\"true\" aria-invalid=\"false\" placeholder=\"Messaggio*\" name=\"messaggio\"><\/textarea>\n\t\t\n\t\t<label><input type=\"checkbox\" name=\"privacy\" value=\"1\" aria-invalid=\"false\" \/><small> Confermo di aver preso visione dell&#8217;informativa sulla <a href=\"https:\/\/elettrotecnicabc.com\/privacy-policy\/\" title=\"Privacy Policy\">Privacy<\/a>.*<\/small><\/label>\n\t\t\n\t\t<label><input type=\"checkbox\" name=\"marketing\" value=\"1\" aria-invalid=\"false\" \/><small> Autorizzo a ricevere informazioni di marketing\/commerciali<\/small><\/label>\n\t\t\n\t\t<input type=\"submit\" value=\"Invia messaggio\" \/>\n\t\t\n\t\t<small>I tuoi dati sono protetti: <a href=\"https:\/\/elettrotecnicabc.com\/privacy-policy\/\" target=\"_blank\" rel=\"noopener\">privacy policy<\/a>. La richiesta di informazioni \u00e8 gratuita e non impegnativa.<\/small>\n\t\t\n\t<p><input type=\"hidden\" name=\"referer-page\" value=\"https:\/\/elettrotecnicabc.com\/macchine\/riattivatori\/?fl_builder&#038;fl_builder_ui_iframe\" data-value=\"https:\/\/elettrotecnicabc.com\/macchine\/riattivatori\/?fl_builder&#038;fl_builder_ui_iframe\" aria-invalid=\"false\"\/><\/p>\n<!-- Chimpmatic extension by Renzo Johnson -->\n<\/form>\n\n","protected":false},"excerpt":{"rendered":"<p>Elettrotecnica BC | Macchine | Riattivatori Riattivatori La qualit\u00e0 di un prodotto, quando \u00e8 di livello elevato, si vede: la nostra missione \u00e8 impegnarci nell&#8217;aiutare i nostri clienti a raggiungere contemporaneamente uno standard sempre pi\u00f9 alto e una fluidit\u00e0 nei processi lavorativi sempre pi\u00f9 efficiente. I nostri modelli di macchine riattivatori\/termorinvenitrici sono ideate e progettate [&hellip;]<\/p>\n","protected":false},"author":1,"featured_media":1385,"parent":2991,"menu_order":0,"comment_status":"closed","ping_status":"closed","template":"","meta":{"_acf_changed":false,"inline_featured_image":false,"site-sidebar-layout":"no-sidebar","site-content-layout":"page-builder","ast-site-content-layout":"full-width-container","site-content-style":"unboxed","site-sidebar-style":"unboxed","ast-global-header-display":"","ast-banner-title-visibility":"","ast-main-header-display":"","ast-hfb-above-header-display":"","ast-hfb-below-header-display":"","ast-hfb-mobile-header-display":"","site-post-title":"disabled","ast-breadcrumbs-content":"","ast-featured-img":"disabled","footer-sml-layout":"","theme-transparent-header-meta":"default","adv-header-id-meta":"","stick-header-meta":"default","header-above-stick-meta":"","header-main-stick-meta":"","header-below-stick-meta":"","astra-migrate-meta-layouts":"set","ast-page-background-enabled":"default","ast-page-background-meta":{"desktop":{"background-color":"","background-image":"","background-repeat":"repeat","background-position":"center center","background-size":"auto","background-attachment":"scroll","background-type":"","background-media":"","overlay-type":"","overlay-color":"","overlay-opacity":"","overlay-gradient":""},"tablet":{"background-color":"","background-image":"","background-repeat":"repeat","background-position":"center center","background-size":"auto","background-attachment":"scroll","background-type":"","background-media":"","overlay-type":"","overlay-color":"","overlay-opacity":"","overlay-gradient":""},"mobile":{"background-color":"","background-image":"","background-repeat":"repeat","background-position":"center center","background-size":"auto","background-attachment":"scroll","background-type":"","background-media":"","overlay-type":"","overlay-color":"","overlay-opacity":"","overlay-gradient":""}},"ast-content-background-meta":{"desktop":{"background-color":"var(--ast-global-color-5)","background-image":"","background-repeat":"repeat","background-position":"center center","background-size":"auto","background-attachment":"scroll","background-type":"","background-media":"","overlay-type":"","overlay-color":"","overlay-opacity":"","overlay-gradient":""},"tablet":{"background-color":"var(--ast-global-color-5)","background-image":"","background-repeat":"repeat","background-position":"center center","background-size":"auto","background-attachment":"scroll","background-type":"","background-media":"","overlay-type":"","overlay-color":"","overlay-opacity":"","overlay-gradient":""},"mobile":{"background-color":"var(--ast-global-color-5)","background-image":"","background-repeat":"repeat","background-position":"center center","background-size":"auto","background-attachment":"scroll","background-type":"","background-media":"","overlay-type":"","overlay-color":"","overlay-opacity":"","overlay-gradient":""}},"footnotes":""},"tipo-pagine":[63],"categoria-pagine":[86],"class_list":["post-1153","page","type-page","status-publish","has-post-thumbnail","hentry","tipo-pagine-categorie-prodotti","categoria-pagine-macchine"],"acf":[],"yoast_head":"<!-- This site is optimized with the Yoast SEO plugin v26.3 - https:\/\/yoast.com\/wordpress\/plugins\/seo\/ -->\n<title>Riattivatori | ElettrotecnicaBC<\/title>\n<meta name=\"description\" content=\"Elettrotecnica BC | Macchine | Riattivatori Riattivatori La qualit\u00e0 di un prodotto, quando \u00e8 di livello elevato, si vede: la nostra missione \u00e8 impegnarci\" \/>\n<meta name=\"robots\" content=\"index, follow, max-snippet:-1, max-image-preview:large, max-video-preview:-1\" \/>\n<link rel=\"canonical\" href=\"https:\/\/elettrotecnicabc.com\/it\/macchine\/riattivatori\/\" \/>\n<meta property=\"og:locale\" content=\"it_IT\" \/>\n<meta property=\"og:type\" content=\"article\" \/>\n<meta property=\"og:title\" content=\"Riattivatori | ElettrotecnicaBC\" \/>\n<meta property=\"og:description\" content=\"Elettrotecnica BC | Macchine | Riattivatori Riattivatori La qualit\u00e0 di un prodotto, quando \u00e8 di livello elevato, si vede: la nostra missione \u00e8 impegnarci\" \/>\n<meta property=\"og:url\" content=\"https:\/\/elettrotecnicabc.com\/it\/macchine\/riattivatori\/\" \/>\n<meta property=\"og:site_name\" content=\"ElettrotecnicaBC\" \/>\n<meta property=\"article:publisher\" content=\"https:\/\/www.facebook.com\/elettrotecnicabc\/\" \/>\n<meta property=\"article:modified_time\" content=\"2024-10-31T08:03:03+00:00\" \/>\n<meta property=\"og:image\" content=\"https:\/\/elettrotecnicabc.com\/wp-content\/uploads\/2021\/06\/Macchine-termorinvenitrici-234.png\" \/>\n\t<meta property=\"og:image:width\" content=\"250\" \/>\n\t<meta property=\"og:image:height\" content=\"423\" \/>\n\t<meta property=\"og:image:type\" content=\"image\/png\" \/>\n<meta name=\"twitter:card\" content=\"summary_large_image\" \/>\n<script type=\"application\/ld+json\" class=\"yoast-schema-graph\">{\"@context\":\"https:\/\/schema.org\",\"@graph\":[{\"@type\":\"WebPage\",\"@id\":\"https:\/\/elettrotecnicabc.com\/it\/macchine\/riattivatori\/\",\"url\":\"https:\/\/elettrotecnicabc.com\/it\/macchine\/riattivatori\/\",\"name\":\"Riattivatori | ElettrotecnicaBC\",\"isPartOf\":{\"@id\":\"https:\/\/elettrotecnicabc.com\/it\/#website\"},\"primaryImageOfPage\":{\"@id\":\"https:\/\/elettrotecnicabc.com\/it\/macchine\/riattivatori\/#primaryimage\"},\"image\":{\"@id\":\"https:\/\/elettrotecnicabc.com\/it\/macchine\/riattivatori\/#primaryimage\"},\"thumbnailUrl\":\"https:\/\/elettrotecnicabc.com\/wp-content\/uploads\/2021\/06\/Macchine-termorinvenitrici-234.png\",\"datePublished\":\"2021-06-22T09:10:52+00:00\",\"dateModified\":\"2024-10-31T08:03:03+00:00\",\"description\":\"Elettrotecnica BC | Macchine | Riattivatori Riattivatori La qualit\u00e0 di un prodotto, quando \u00e8 di livello elevato, si vede: la nostra missione \u00e8 impegnarci\",\"breadcrumb\":{\"@id\":\"https:\/\/elettrotecnicabc.com\/it\/macchine\/riattivatori\/#breadcrumb\"},\"inLanguage\":\"it-IT\",\"potentialAction\":[{\"@type\":\"ReadAction\",\"target\":[\"https:\/\/elettrotecnicabc.com\/it\/macchine\/riattivatori\/\"]}]},{\"@type\":\"ImageObject\",\"inLanguage\":\"it-IT\",\"@id\":\"https:\/\/elettrotecnicabc.com\/it\/macchine\/riattivatori\/#primaryimage\",\"url\":\"https:\/\/elettrotecnicabc.com\/wp-content\/uploads\/2021\/06\/Macchine-termorinvenitrici-234.png\",\"contentUrl\":\"https:\/\/elettrotecnicabc.com\/wp-content\/uploads\/2021\/06\/Macchine-termorinvenitrici-234.png\",\"width\":250,\"height\":423},{\"@type\":\"BreadcrumbList\",\"@id\":\"https:\/\/elettrotecnicabc.com\/it\/macchine\/riattivatori\/#breadcrumb\",\"itemListElement\":[{\"@type\":\"ListItem\",\"position\":1,\"name\":\"Elettrotecnica BC\",\"item\":\"https:\/\/elettrotecnicabc.com\/it\/\"},{\"@type\":\"ListItem\",\"position\":2,\"name\":\"Macchine\",\"item\":\"https:\/\/elettrotecnicabc.com\/it\/macchine\/\"},{\"@type\":\"ListItem\",\"position\":3,\"name\":\"Riattivatori\"}]},{\"@type\":\"WebSite\",\"@id\":\"https:\/\/elettrotecnicabc.com\/it\/#website\",\"url\":\"https:\/\/elettrotecnicabc.com\/it\/\",\"name\":\"ElettrotecnicaBC\",\"description\":\"Produttori di macchinari per calzature\",\"publisher\":{\"@id\":\"https:\/\/elettrotecnicabc.com\/it\/#organization\"},\"potentialAction\":[{\"@type\":\"SearchAction\",\"target\":{\"@type\":\"EntryPoint\",\"urlTemplate\":\"https:\/\/elettrotecnicabc.com\/it\/?s={search_term_string}\"},\"query-input\":{\"@type\":\"PropertyValueSpecification\",\"valueRequired\":true,\"valueName\":\"search_term_string\"}}],\"inLanguage\":\"it-IT\"},{\"@type\":\"Organization\",\"@id\":\"https:\/\/elettrotecnicabc.com\/it\/#organization\",\"name\":\"Elettrotecnica BC\",\"url\":\"https:\/\/elettrotecnicabc.com\/it\/\",\"logo\":{\"@type\":\"ImageObject\",\"inLanguage\":\"it-IT\",\"@id\":\"https:\/\/elettrotecnicabc.com\/it\/#\/schema\/logo\/image\/\",\"url\":\"https:\/\/elettrotecnicabc.com\/wp-content\/uploads\/2021\/06\/Logo-trasp-rifinito.png\",\"contentUrl\":\"https:\/\/elettrotecnicabc.com\/wp-content\/uploads\/2021\/06\/Logo-trasp-rifinito.png\",\"width\":460,\"height\":365,\"caption\":\"Elettrotecnica BC\"},\"image\":{\"@id\":\"https:\/\/elettrotecnicabc.com\/it\/#\/schema\/logo\/image\/\"},\"sameAs\":[\"https:\/\/www.facebook.com\/elettrotecnicabc\/\",\"https:\/\/www.instagram.com\/elettrotecnica_bc\/\",\"https:\/\/www.linkedin.com\/company\/elettrotecnicabc\/\",\"https:\/\/www.youtube.com\/user\/ElettrotecnicaBC\/videos\"]}]}<\/script>\n<!-- \/ Yoast SEO plugin. -->","yoast_head_json":{"title":"Riattivatori | ElettrotecnicaBC","description":"Elettrotecnica BC | Macchine | Riattivatori Riattivatori La qualit\u00e0 di un prodotto, quando \u00e8 di livello elevato, si vede: la nostra missione \u00e8 impegnarci","robots":{"index":"index","follow":"follow","max-snippet":"max-snippet:-1","max-image-preview":"max-image-preview:large","max-video-preview":"max-video-preview:-1"},"canonical":"https:\/\/elettrotecnicabc.com\/it\/macchine\/riattivatori\/","og_locale":"it_IT","og_type":"article","og_title":"Riattivatori | ElettrotecnicaBC","og_description":"Elettrotecnica BC | Macchine | Riattivatori Riattivatori La qualit\u00e0 di un prodotto, quando \u00e8 di livello elevato, si vede: la nostra missione \u00e8 impegnarci","og_url":"https:\/\/elettrotecnicabc.com\/it\/macchine\/riattivatori\/","og_site_name":"ElettrotecnicaBC","article_publisher":"https:\/\/www.facebook.com\/elettrotecnicabc\/","article_modified_time":"2024-10-31T08:03:03+00:00","og_image":[{"width":250,"height":423,"url":"https:\/\/elettrotecnicabc.com\/wp-content\/uploads\/2021\/06\/Macchine-termorinvenitrici-234.png","type":"image\/png"}],"twitter_card":"summary_large_image","schema":{"@context":"https:\/\/schema.org","@graph":[{"@type":"WebPage","@id":"https:\/\/elettrotecnicabc.com\/it\/macchine\/riattivatori\/","url":"https:\/\/elettrotecnicabc.com\/it\/macchine\/riattivatori\/","name":"Riattivatori | ElettrotecnicaBC","isPartOf":{"@id":"https:\/\/elettrotecnicabc.com\/it\/#website"},"primaryImageOfPage":{"@id":"https:\/\/elettrotecnicabc.com\/it\/macchine\/riattivatori\/#primaryimage"},"image":{"@id":"https:\/\/elettrotecnicabc.com\/it\/macchine\/riattivatori\/#primaryimage"},"thumbnailUrl":"https:\/\/elettrotecnicabc.com\/wp-content\/uploads\/2021\/06\/Macchine-termorinvenitrici-234.png","datePublished":"2021-06-22T09:10:52+00:00","dateModified":"2024-10-31T08:03:03+00:00","description":"Elettrotecnica BC | Macchine | Riattivatori Riattivatori La qualit\u00e0 di un prodotto, quando \u00e8 di livello elevato, si vede: la nostra missione \u00e8 impegnarci","breadcrumb":{"@id":"https:\/\/elettrotecnicabc.com\/it\/macchine\/riattivatori\/#breadcrumb"},"inLanguage":"it-IT","potentialAction":[{"@type":"ReadAction","target":["https:\/\/elettrotecnicabc.com\/it\/macchine\/riattivatori\/"]}]},{"@type":"ImageObject","inLanguage":"it-IT","@id":"https:\/\/elettrotecnicabc.com\/it\/macchine\/riattivatori\/#primaryimage","url":"https:\/\/elettrotecnicabc.com\/wp-content\/uploads\/2021\/06\/Macchine-termorinvenitrici-234.png","contentUrl":"https:\/\/elettrotecnicabc.com\/wp-content\/uploads\/2021\/06\/Macchine-termorinvenitrici-234.png","width":250,"height":423},{"@type":"BreadcrumbList","@id":"https:\/\/elettrotecnicabc.com\/it\/macchine\/riattivatori\/#breadcrumb","itemListElement":[{"@type":"ListItem","position":1,"name":"Elettrotecnica BC","item":"https:\/\/elettrotecnicabc.com\/it\/"},{"@type":"ListItem","position":2,"name":"Macchine","item":"https:\/\/elettrotecnicabc.com\/it\/macchine\/"},{"@type":"ListItem","position":3,"name":"Riattivatori"}]},{"@type":"WebSite","@id":"https:\/\/elettrotecnicabc.com\/it\/#website","url":"https:\/\/elettrotecnicabc.com\/it\/","name":"ElettrotecnicaBC","description":"Produttori di macchinari per calzature","publisher":{"@id":"https:\/\/elettrotecnicabc.com\/it\/#organization"},"potentialAction":[{"@type":"SearchAction","target":{"@type":"EntryPoint","urlTemplate":"https:\/\/elettrotecnicabc.com\/it\/?s={search_term_string}"},"query-input":{"@type":"PropertyValueSpecification","valueRequired":true,"valueName":"search_term_string"}}],"inLanguage":"it-IT"},{"@type":"Organization","@id":"https:\/\/elettrotecnicabc.com\/it\/#organization","name":"Elettrotecnica BC","url":"https:\/\/elettrotecnicabc.com\/it\/","logo":{"@type":"ImageObject","inLanguage":"it-IT","@id":"https:\/\/elettrotecnicabc.com\/it\/#\/schema\/logo\/image\/","url":"https:\/\/elettrotecnicabc.com\/wp-content\/uploads\/2021\/06\/Logo-trasp-rifinito.png","contentUrl":"https:\/\/elettrotecnicabc.com\/wp-content\/uploads\/2021\/06\/Logo-trasp-rifinito.png","width":460,"height":365,"caption":"Elettrotecnica BC"},"image":{"@id":"https:\/\/elettrotecnicabc.com\/it\/#\/schema\/logo\/image\/"},"sameAs":["https:\/\/www.facebook.com\/elettrotecnicabc\/","https:\/\/www.instagram.com\/elettrotecnica_bc\/","https:\/\/www.linkedin.com\/company\/elettrotecnicabc\/","https:\/\/www.youtube.com\/user\/ElettrotecnicaBC\/videos"]}]}},"_links":{"self":[{"href":"https:\/\/elettrotecnicabc.com\/it\/wp-json\/wp\/v2\/pages\/1153","targetHints":{"allow":["GET"]}}],"collection":[{"href":"https:\/\/elettrotecnicabc.com\/it\/wp-json\/wp\/v2\/pages"}],"about":[{"href":"https:\/\/elettrotecnicabc.com\/it\/wp-json\/wp\/v2\/types\/page"}],"author":[{"embeddable":true,"href":"https:\/\/elettrotecnicabc.com\/it\/wp-json\/wp\/v2\/users\/1"}],"replies":[{"embeddable":true,"href":"https:\/\/elettrotecnicabc.com\/it\/wp-json\/wp\/v2\/comments?post=1153"}],"version-history":[{"count":3,"href":"https:\/\/elettrotecnicabc.com\/it\/wp-json\/wp\/v2\/pages\/1153\/revisions"}],"predecessor-version":[{"id":8593,"href":"https:\/\/elettrotecnicabc.com\/it\/wp-json\/wp\/v2\/pages\/1153\/revisions\/8593"}],"up":[{"embeddable":true,"href":"https:\/\/elettrotecnicabc.com\/it\/wp-json\/wp\/v2\/pages\/2991"}],"wp:featuredmedia":[{"embeddable":true,"href":"https:\/\/elettrotecnicabc.com\/it\/wp-json\/wp\/v2\/media\/1385"}],"wp:attachment":[{"href":"https:\/\/elettrotecnicabc.com\/it\/wp-json\/wp\/v2\/media?parent=1153"}],"wp:term":[{"taxonomy":"tipo-pagine","embeddable":true,"href":"https:\/\/elettrotecnicabc.com\/it\/wp-json\/wp\/v2\/tipo-pagine?post=1153"},{"taxonomy":"categoria-pagine","embeddable":true,"href":"https:\/\/elettrotecnicabc.com\/it\/wp-json\/wp\/v2\/categoria-pagine?post=1153"}],"curies":[{"name":"wp","href":"https:\/\/api.w.org\/{rel}","templated":true}]}}