{"id":1144,"date":"2021-06-22T11:06:23","date_gmt":"2021-06-22T09:06:23","guid":{"rendered":"https:\/\/elettrotecnicabc.com\/wp\/?page_id=1144"},"modified":"2021-07-09T18:54:15","modified_gmt":"2021-07-09T16:54:15","slug":"macchine-sagomatrici","status":"publish","type":"page","link":"https:\/\/elettrotecnicabc.com\/it\/macchine\/macchine-sagomatrici\/","title":{"rendered":"Macchine sagomatrici"},"content":{"rendered":"\r\n\r\n\t<a href=\"https:\/\/elettrotecnicabc.com\/wp\/\">Elettronica BC<\/a> | Macchine sagomatrici<h1>\r\n\t\tMacchine sagomatrici\r\n\t<\/h1>\r\n\t<p>Un esperto del settore delle calzature lo sa: le fasi del processo lavorativo sono numerose, l&#8217;attenzione ai dettagli \u00e8 un elemento importantissimo e le problematiche che si incontrano nella produzione devono essere risolte con velocit\u00e0, trovando delle soluzioni serie e definitive.<\/p>\r\n<p>Ecco perch\u00e9 il nostro team mette la seriet\u00e0 e l&#8217;affidabilit\u00e0 al primo posto: comprendiamo bene quanto sia necessario avere un <strong>partner pronto a intervenire tempestivamente<\/strong> e a fornire delle tecnologie che possano supportare la fabbricazione in modo che non insorgano problematiche nell&#8217;attivit\u00e0 quotidiana.<\/p>\r\n<p>Nel nostro catalogo, proponiamo delle macchine sagomatrici per tomaie, capaci di realizzare un <strong>lavoro eccellente senza danneggiare gli accessori gi\u00e0 presenti<\/strong>. L&#8217;estrema precisione \u00e8 assicurata dalla presenza di un display digitale per il controllo della temperatura e del tempo di riscaldamento.<\/p>\r\n<p>Scopri i nostri modelli di macchine sagomatrici!<\/p>\r\n\t\t\t\t<img decoding=\"async\" src=\"https:\/\/elettrotecnicabc.com\/wp-content\/plugins\/bb-plugin\/img\/pixel.png\" alt=\"\" itemprop=\"image\" onerror=\"this.style.display='none'\"  \/>\r\n\t\t<h3>Contattaci per saperne di pi\u00f9!<\/h3>\r\n\t\t<p>Lorem ipsum dolor sit amet, consectetur adipiscing elit.<\/p>\r\n\t\t\t<a href=\"#cta-moduli\" target=\"_self\" role=\"button\" rel=\"noopener\">\r\n\t\t\t\t\t\t\tCONTATTACI\r\n\t\t\t\t\t<\/a>\r\n<h3>\r\n\t\tModelli\r\n\t<\/h3>\r\n\t\t\t\t\t\t\t\tMod. 201\r\n<h4>Macchina per sagomare e stirare la tomaia completa, con regolazione inclinazione testa<\/h4>\r\n<img decoding=\"async\" src=\"https:\/\/elettrotecnicabc.com\/wp-content\/uploads\/2021\/06\/Raggruppa-168.png\" alt=\"Linea Top\" \/>\r\n<img decoding=\"async\" src=\"https:\/\/elettrotecnicabc.com\/wp-content\/uploads\/2021\/06\/Macchine-Sagomatrici-201.png\" alt=\"Macchine Sagomatrici 201\" \/>\r\nIl sagomatore di supporto tomaia e teflonato per non danneggiare fibbie ed accessori presenti sulla tomaia e indicare l&#8217;esatta sistemazione in fase di insellatura, inoltre si pu\u00f2 regolare l&#8217;inclinazione. Il neon permette una esatta collocazione della tomaia sullo stampo. Il polmone in silicone e universale per sagomare la tomaia e riattivare il puntale prima del montaggio. Display digitali per il controllo della temperatura e del tempo.\r\n<table>\r\n   <thead>\r\n      <tr><th colspan=\"2\">Dati tecnici<\/th><\/tr>\r\n   <\/thead>\r\n   <tbody>\r\n      <tr>\r\n      <td>Produzione massima:<\/td>\r\n      <td>150 paia\/ora<\/td>\r\n      <\/tr>\r\n      <tr>\r\n      <td>Potenza Elettrica: <\/td>\r\n      <td>1 Kw<\/td>\r\n      <\/tr>\r\n      <tr>\r\n      <td>Consumo aria 6 bar: <\/td>\r\n      <td>20 lt\/min<\/td>\r\n      <\/tr>\r\n      <tr>\r\n      <td>Dimensioni:<\/td>\r\n      <td>cm 63 x 84 x 144<\/td>\r\n      <\/tr>\r\n      <tr>\r\n      <td>Peso netto: <\/td>\r\n      <td>Kg 133<\/td>\r\n      <\/tr>\r\n      <tr>\r\n      <td>Peso lordo con Gabbia: <\/td>\r\n      <td>Kg 173<\/td>\r\n      <\/tr>\r\n   <\/tbody>\r\n<\/table>\r\n\t\t\t\t\t\t\t\tMod. 334\r\n<h4>Macchina sagomatrice per modelleria<\/h4>\r\n<img decoding=\"async\" src=\"https:\/\/elettrotecnicabc.com\/wp-content\/uploads\/2021\/06\/Raggruppa-168.png\" alt=\"Linea Top\" \/>\r\n<img decoding=\"async\" src=\"https:\/\/elettrotecnicabc.com\/wp-content\/uploads\/2021\/06\/Macchine-Sagomatrici-334.png\" alt=\"Macchine Sagomatrici 334\" \/>\r\nUtilizzando un apposito materiale plastico in fogli, il Mod 334 \u00e8 in grado copiare tridimensionalmente qualsiasi oggetto (forme, tacchi, accessori, ecc.) Questa macchina \u00e8 molto usata per disegnare il modello di calzature sulla sagoma ottenuta. Inoltre \u00e8 possibile produrre espositori merceologici per vetrine. Si possono utilizzare sagome da copiare di qualsiasi materiale) legno, plastica, alluminio, ferro, leghe, ecc).\r\n<ul>\r\n\t<li>Potenziometro per regolare la temperatura di riscaldamento.<\/li>\r\n\t<li>Timer per regolare il tempo di riscaldamento.<\/li>\r\n<\/ul>\r\n<table>\r\n   <thead>\r\n      <tr><th colspan=\"2\">Dati tecnici<\/th><\/tr>\r\n   <\/thead>\r\n   <tbody>\r\n      <tr>\r\n      <td>Potenza elettrica:<\/td>\r\n      <td>1,7 kW<\/td>\r\n      <\/tr>\r\n      <tr>\r\n      <td>Dimensioni:<\/td>\r\n      <td>cm 32 x 67 x35<\/td>\r\n      <\/tr>\r\n      <tr>\r\n      <td>Peso Netto:<\/td>\r\n      <td>kg 15<\/td>\r\n      <\/tr>\r\n      <tr>\r\n      <td>Peso Lordo con Gabbia:<\/td>\r\n      <td>kg 20<\/td>\r\n      <\/tr>\r\n   <\/tbody>\r\n<\/table>\r\n<h4>\r\n\t\tGALLERIA FOTO\r\n\t<\/h4>\r\n\t\t\t\t\t\t\t\t<!-- navigation arrows -->\r\n\t\t\t<button aria-label=\"Previous slide\" role=\"button\" tabindex=\"0\">\r\n\t\t\t<\/button>\r\n\t\t\t<button aria-label=\"Next slide\" role=\"button\" tabindex=\"0\">\r\n\t\t\t<\/button>\r\n\t\t\t\t\t\t<!-- pagination -->\r\n\t<h2>\r\n\t\tContattaci per maggiori informazioni !\r\n\t<\/h2>\r\n\t<p>Lorem ipsum dolor sit amet, consetetur sadipscing elitr, sed diam nonumy eirmod tempor invidunt ut labore et dolore magna aliquyam erat, sed diam voluptua.<\/p>\r\n\t<h3>\r\n\t\t<\/h3>\r\n\t\r\n\t\t\r\n <ul><\/ul>\r\n<form action=\"\/?page_id=1144&#038;fl_builder#wpcf7-f172-o1\" method=\"post\" novalidate=\"novalidate\" data-status=\"init\">\r\n<input type=\"hidden\" name=\"_wpcf7\" value=\"172\" \/>\r\n<input type=\"hidden\" name=\"_wpcf7_version\" value=\"5.4.1\" \/>\r\n<input type=\"hidden\" name=\"_wpcf7_locale\" value=\"it_IT\" \/>\r\n<input type=\"hidden\" name=\"_wpcf7_unit_tag\" value=\"wpcf7-f172-o1\" \/>\r\n<input type=\"hidden\" name=\"_wpcf7_container_post\" value=\"0\" \/>\r\n<input type=\"hidden\" name=\"_wpcf7_posted_data_hash\" value=\"\" \/>\r\n      <input type=\"text\" name=\"nome\" value=\"\" size=\"40\" aria-required=\"true\" aria-invalid=\"false\" placeholder=\"Nome e Cognome*\" \/>\r\n      <input type=\"text\" name=\"azienda\" value=\"\" size=\"40\" aria-invalid=\"false\" placeholder=\"Azienda\" \/>\r\n      <input type=\"tel\" name=\"tel\" value=\"\" size=\"40\" aria-invalid=\"false\" placeholder=\"Telefono*\" \/>\r\n      <input type=\"email\" name=\"indirizzo-mail\" value=\"\" size=\"40\" aria-required=\"true\" aria-invalid=\"false\" placeholder=\"Email*\" \/>\r\n      <textarea name=\"messaggio\" cols=\"40\" rows=\"10\" aria-required=\"true\" aria-invalid=\"false\" placeholder=\"Messaggio\"><\/textarea>\r\n      <label><input type=\"checkbox\" name=\"privacy\" value=\"1\" aria-invalid=\"false\" \/><small> Confermo di aver preso visione dell&#8217;informativa sulla <a href=\"#\" title=\"Privacy Policy\">Privacy<\/a>.*<\/small><\/label>\r\n      <input type=\"submit\" value=\"Invia messaggio\" \/>\r\n<\/form>\r\n\r\n","protected":false},"excerpt":{"rendered":"<p>Elettronica BC | Macchine sagomatrici Macchine sagomatrici Un esperto del settore delle calzature lo sa: le fasi del processo lavorativo sono numerose, l&#8217;attenzione ai dettagli \u00e8 un elemento importantissimo e le problematiche che si incontrano nella produzione devono essere risolte con velocit\u00e0, trovando delle soluzioni serie e definitive. Ecco perch\u00e9 il nostro team mette la [&hellip;]<\/p>\n","protected":false},"author":1,"featured_media":1378,"parent":2991,"menu_order":0,"comment_status":"closed","ping_status":"closed","template":"","meta":{"_acf_changed":false,"inline_featured_image":false,"site-sidebar-layout":"no-sidebar","site-content-layout":"page-builder","ast-site-content-layout":"default","site-content-style":"default","site-sidebar-style":"default","ast-global-header-display":"","ast-banner-title-visibility":"","ast-main-header-display":"","ast-hfb-above-header-display":"","ast-hfb-below-header-display":"","ast-hfb-mobile-header-display":"","site-post-title":"disabled","ast-breadcrumbs-content":"","ast-featured-img":"disabled","footer-sml-layout":"","theme-transparent-header-meta":"default","adv-header-id-meta":"","stick-header-meta":"default","header-above-stick-meta":"","header-main-stick-meta":"","header-below-stick-meta":"","astra-migrate-meta-layouts":"default","ast-page-background-enabled":"default","ast-page-background-meta":{"desktop":{"background-color":"","background-image":"","background-repeat":"repeat","background-position":"center center","background-size":"auto","background-attachment":"scroll","background-type":"","background-media":"","overlay-type":"","overlay-color":"","overlay-opacity":"","overlay-gradient":""},"tablet":{"background-color":"","background-image":"","background-repeat":"repeat","background-position":"center center","background-size":"auto","background-attachment":"scroll","background-type":"","background-media":"","overlay-type":"","overlay-color":"","overlay-opacity":"","overlay-gradient":""},"mobile":{"background-color":"","background-image":"","background-repeat":"repeat","background-position":"center center","background-size":"auto","background-attachment":"scroll","background-type":"","background-media":"","overlay-type":"","overlay-color":"","overlay-opacity":"","overlay-gradient":""}},"ast-content-background-meta":{"desktop":{"background-color":"var(--ast-global-color-5)","background-image":"","background-repeat":"repeat","background-position":"center center","background-size":"auto","background-attachment":"scroll","background-type":"","background-media":"","overlay-type":"","overlay-color":"","overlay-opacity":"","overlay-gradient":""},"tablet":{"background-color":"var(--ast-global-color-5)","background-image":"","background-repeat":"repeat","background-position":"center center","background-size":"auto","background-attachment":"scroll","background-type":"","background-media":"","overlay-type":"","overlay-color":"","overlay-opacity":"","overlay-gradient":""},"mobile":{"background-color":"var(--ast-global-color-5)","background-image":"","background-repeat":"repeat","background-position":"center center","background-size":"auto","background-attachment":"scroll","background-type":"","background-media":"","overlay-type":"","overlay-color":"","overlay-opacity":"","overlay-gradient":""}},"footnotes":""},"tipo-pagine":[63],"categoria-pagine":[86],"class_list":["post-1144","page","type-page","status-publish","has-post-thumbnail","hentry","tipo-pagine-categorie-prodotti","categoria-pagine-macchine"],"acf":[],"yoast_head":"<!-- This site is optimized with the Yoast SEO plugin v26.3 - https:\/\/yoast.com\/wordpress\/plugins\/seo\/ -->\n<title>Macchine sagomatrici | ElettrotecnicaBC<\/title>\n<meta name=\"description\" content=\"Elettronica BC | Macchine sagomatrici Macchine sagomatrici Un esperto del settore delle calzature lo sa: le fasi del processo lavorativo sono numerose,\" \/>\n<meta name=\"robots\" content=\"index, follow, max-snippet:-1, max-image-preview:large, max-video-preview:-1\" \/>\n<link rel=\"canonical\" href=\"https:\/\/elettrotecnicabc.com\/it\/macchine\/macchine-sagomatrici\/\" \/>\n<meta property=\"og:locale\" content=\"it_IT\" \/>\n<meta property=\"og:type\" content=\"article\" \/>\n<meta property=\"og:title\" content=\"Macchine sagomatrici | ElettrotecnicaBC\" \/>\n<meta property=\"og:description\" content=\"Elettronica BC | Macchine sagomatrici Macchine sagomatrici Un esperto del settore delle calzature lo sa: le fasi del processo lavorativo sono numerose,\" \/>\n<meta property=\"og:url\" content=\"https:\/\/elettrotecnicabc.com\/it\/macchine\/macchine-sagomatrici\/\" \/>\n<meta property=\"og:site_name\" content=\"ElettrotecnicaBC\" \/>\n<meta property=\"article:publisher\" content=\"https:\/\/www.facebook.com\/elettrotecnicabc\/\" \/>\n<meta property=\"article:modified_time\" content=\"2021-07-09T16:54:15+00:00\" \/>\n<meta property=\"og:image\" content=\"https:\/\/elettrotecnicabc.com\/wp-content\/uploads\/2021\/06\/Macchine-Sagomatrici-201.png\" \/>\n\t<meta property=\"og:image:width\" content=\"400\" \/>\n\t<meta property=\"og:image:height\" content=\"555\" \/>\n\t<meta property=\"og:image:type\" content=\"image\/png\" \/>\n<meta name=\"twitter:card\" content=\"summary_large_image\" \/>\n<script type=\"application\/ld+json\" class=\"yoast-schema-graph\">{\"@context\":\"https:\/\/schema.org\",\"@graph\":[{\"@type\":\"WebPage\",\"@id\":\"https:\/\/elettrotecnicabc.com\/it\/macchine\/macchine-sagomatrici\/\",\"url\":\"https:\/\/elettrotecnicabc.com\/it\/macchine\/macchine-sagomatrici\/\",\"name\":\"Macchine sagomatrici | ElettrotecnicaBC\",\"isPartOf\":{\"@id\":\"https:\/\/elettrotecnicabc.com\/it\/#website\"},\"primaryImageOfPage\":{\"@id\":\"https:\/\/elettrotecnicabc.com\/it\/macchine\/macchine-sagomatrici\/#primaryimage\"},\"image\":{\"@id\":\"https:\/\/elettrotecnicabc.com\/it\/macchine\/macchine-sagomatrici\/#primaryimage\"},\"thumbnailUrl\":\"https:\/\/elettrotecnicabc.com\/wp-content\/uploads\/2021\/06\/Macchine-Sagomatrici-201.png\",\"datePublished\":\"2021-06-22T09:06:23+00:00\",\"dateModified\":\"2021-07-09T16:54:15+00:00\",\"description\":\"Elettronica BC | Macchine sagomatrici Macchine sagomatrici Un esperto del settore delle calzature lo sa: le fasi del processo lavorativo sono numerose,\",\"breadcrumb\":{\"@id\":\"https:\/\/elettrotecnicabc.com\/it\/macchine\/macchine-sagomatrici\/#breadcrumb\"},\"inLanguage\":\"it-IT\",\"potentialAction\":[{\"@type\":\"ReadAction\",\"target\":[\"https:\/\/elettrotecnicabc.com\/it\/macchine\/macchine-sagomatrici\/\"]}]},{\"@type\":\"ImageObject\",\"inLanguage\":\"it-IT\",\"@id\":\"https:\/\/elettrotecnicabc.com\/it\/macchine\/macchine-sagomatrici\/#primaryimage\",\"url\":\"https:\/\/elettrotecnicabc.com\/wp-content\/uploads\/2021\/06\/Macchine-Sagomatrici-201.png\",\"contentUrl\":\"https:\/\/elettrotecnicabc.com\/wp-content\/uploads\/2021\/06\/Macchine-Sagomatrici-201.png\",\"width\":400,\"height\":555},{\"@type\":\"BreadcrumbList\",\"@id\":\"https:\/\/elettrotecnicabc.com\/it\/macchine\/macchine-sagomatrici\/#breadcrumb\",\"itemListElement\":[{\"@type\":\"ListItem\",\"position\":1,\"name\":\"Elettrotecnica BC\",\"item\":\"https:\/\/elettrotecnicabc.com\/it\/\"},{\"@type\":\"ListItem\",\"position\":2,\"name\":\"Macchine\",\"item\":\"https:\/\/elettrotecnicabc.com\/it\/macchine\/\"},{\"@type\":\"ListItem\",\"position\":3,\"name\":\"Macchine sagomatrici\"}]},{\"@type\":\"WebSite\",\"@id\":\"https:\/\/elettrotecnicabc.com\/it\/#website\",\"url\":\"https:\/\/elettrotecnicabc.com\/it\/\",\"name\":\"ElettrotecnicaBC\",\"description\":\"Produttori di macchinari per calzature\",\"publisher\":{\"@id\":\"https:\/\/elettrotecnicabc.com\/it\/#organization\"},\"potentialAction\":[{\"@type\":\"SearchAction\",\"target\":{\"@type\":\"EntryPoint\",\"urlTemplate\":\"https:\/\/elettrotecnicabc.com\/it\/?s={search_term_string}\"},\"query-input\":{\"@type\":\"PropertyValueSpecification\",\"valueRequired\":true,\"valueName\":\"search_term_string\"}}],\"inLanguage\":\"it-IT\"},{\"@type\":\"Organization\",\"@id\":\"https:\/\/elettrotecnicabc.com\/it\/#organization\",\"name\":\"Elettrotecnica BC\",\"url\":\"https:\/\/elettrotecnicabc.com\/it\/\",\"logo\":{\"@type\":\"ImageObject\",\"inLanguage\":\"it-IT\",\"@id\":\"https:\/\/elettrotecnicabc.com\/it\/#\/schema\/logo\/image\/\",\"url\":\"https:\/\/elettrotecnicabc.com\/wp-content\/uploads\/2021\/06\/Logo-trasp-rifinito.png\",\"contentUrl\":\"https:\/\/elettrotecnicabc.com\/wp-content\/uploads\/2021\/06\/Logo-trasp-rifinito.png\",\"width\":460,\"height\":365,\"caption\":\"Elettrotecnica BC\"},\"image\":{\"@id\":\"https:\/\/elettrotecnicabc.com\/it\/#\/schema\/logo\/image\/\"},\"sameAs\":[\"https:\/\/www.facebook.com\/elettrotecnicabc\/\",\"https:\/\/www.instagram.com\/elettrotecnica_bc\/\",\"https:\/\/www.linkedin.com\/company\/elettrotecnicabc\/\",\"https:\/\/www.youtube.com\/user\/ElettrotecnicaBC\/videos\"]}]}<\/script>\n<!-- \/ Yoast SEO plugin. -->","yoast_head_json":{"title":"Macchine sagomatrici | ElettrotecnicaBC","description":"Elettronica BC | Macchine sagomatrici Macchine sagomatrici Un esperto del settore delle calzature lo sa: le fasi del processo lavorativo sono numerose,","robots":{"index":"index","follow":"follow","max-snippet":"max-snippet:-1","max-image-preview":"max-image-preview:large","max-video-preview":"max-video-preview:-1"},"canonical":"https:\/\/elettrotecnicabc.com\/it\/macchine\/macchine-sagomatrici\/","og_locale":"it_IT","og_type":"article","og_title":"Macchine sagomatrici | ElettrotecnicaBC","og_description":"Elettronica BC | Macchine sagomatrici Macchine sagomatrici Un esperto del settore delle calzature lo sa: le fasi del processo lavorativo sono numerose,","og_url":"https:\/\/elettrotecnicabc.com\/it\/macchine\/macchine-sagomatrici\/","og_site_name":"ElettrotecnicaBC","article_publisher":"https:\/\/www.facebook.com\/elettrotecnicabc\/","article_modified_time":"2021-07-09T16:54:15+00:00","og_image":[{"width":400,"height":555,"url":"https:\/\/elettrotecnicabc.com\/wp-content\/uploads\/2021\/06\/Macchine-Sagomatrici-201.png","type":"image\/png"}],"twitter_card":"summary_large_image","schema":{"@context":"https:\/\/schema.org","@graph":[{"@type":"WebPage","@id":"https:\/\/elettrotecnicabc.com\/it\/macchine\/macchine-sagomatrici\/","url":"https:\/\/elettrotecnicabc.com\/it\/macchine\/macchine-sagomatrici\/","name":"Macchine sagomatrici | ElettrotecnicaBC","isPartOf":{"@id":"https:\/\/elettrotecnicabc.com\/it\/#website"},"primaryImageOfPage":{"@id":"https:\/\/elettrotecnicabc.com\/it\/macchine\/macchine-sagomatrici\/#primaryimage"},"image":{"@id":"https:\/\/elettrotecnicabc.com\/it\/macchine\/macchine-sagomatrici\/#primaryimage"},"thumbnailUrl":"https:\/\/elettrotecnicabc.com\/wp-content\/uploads\/2021\/06\/Macchine-Sagomatrici-201.png","datePublished":"2021-06-22T09:06:23+00:00","dateModified":"2021-07-09T16:54:15+00:00","description":"Elettronica BC | Macchine sagomatrici Macchine sagomatrici Un esperto del settore delle calzature lo sa: le fasi del processo lavorativo sono numerose,","breadcrumb":{"@id":"https:\/\/elettrotecnicabc.com\/it\/macchine\/macchine-sagomatrici\/#breadcrumb"},"inLanguage":"it-IT","potentialAction":[{"@type":"ReadAction","target":["https:\/\/elettrotecnicabc.com\/it\/macchine\/macchine-sagomatrici\/"]}]},{"@type":"ImageObject","inLanguage":"it-IT","@id":"https:\/\/elettrotecnicabc.com\/it\/macchine\/macchine-sagomatrici\/#primaryimage","url":"https:\/\/elettrotecnicabc.com\/wp-content\/uploads\/2021\/06\/Macchine-Sagomatrici-201.png","contentUrl":"https:\/\/elettrotecnicabc.com\/wp-content\/uploads\/2021\/06\/Macchine-Sagomatrici-201.png","width":400,"height":555},{"@type":"BreadcrumbList","@id":"https:\/\/elettrotecnicabc.com\/it\/macchine\/macchine-sagomatrici\/#breadcrumb","itemListElement":[{"@type":"ListItem","position":1,"name":"Elettrotecnica BC","item":"https:\/\/elettrotecnicabc.com\/it\/"},{"@type":"ListItem","position":2,"name":"Macchine","item":"https:\/\/elettrotecnicabc.com\/it\/macchine\/"},{"@type":"ListItem","position":3,"name":"Macchine sagomatrici"}]},{"@type":"WebSite","@id":"https:\/\/elettrotecnicabc.com\/it\/#website","url":"https:\/\/elettrotecnicabc.com\/it\/","name":"ElettrotecnicaBC","description":"Produttori di macchinari per calzature","publisher":{"@id":"https:\/\/elettrotecnicabc.com\/it\/#organization"},"potentialAction":[{"@type":"SearchAction","target":{"@type":"EntryPoint","urlTemplate":"https:\/\/elettrotecnicabc.com\/it\/?s={search_term_string}"},"query-input":{"@type":"PropertyValueSpecification","valueRequired":true,"valueName":"search_term_string"}}],"inLanguage":"it-IT"},{"@type":"Organization","@id":"https:\/\/elettrotecnicabc.com\/it\/#organization","name":"Elettrotecnica BC","url":"https:\/\/elettrotecnicabc.com\/it\/","logo":{"@type":"ImageObject","inLanguage":"it-IT","@id":"https:\/\/elettrotecnicabc.com\/it\/#\/schema\/logo\/image\/","url":"https:\/\/elettrotecnicabc.com\/wp-content\/uploads\/2021\/06\/Logo-trasp-rifinito.png","contentUrl":"https:\/\/elettrotecnicabc.com\/wp-content\/uploads\/2021\/06\/Logo-trasp-rifinito.png","width":460,"height":365,"caption":"Elettrotecnica BC"},"image":{"@id":"https:\/\/elettrotecnicabc.com\/it\/#\/schema\/logo\/image\/"},"sameAs":["https:\/\/www.facebook.com\/elettrotecnicabc\/","https:\/\/www.instagram.com\/elettrotecnica_bc\/","https:\/\/www.linkedin.com\/company\/elettrotecnicabc\/","https:\/\/www.youtube.com\/user\/ElettrotecnicaBC\/videos"]}]}},"_links":{"self":[{"href":"https:\/\/elettrotecnicabc.com\/it\/wp-json\/wp\/v2\/pages\/1144","targetHints":{"allow":["GET"]}}],"collection":[{"href":"https:\/\/elettrotecnicabc.com\/it\/wp-json\/wp\/v2\/pages"}],"about":[{"href":"https:\/\/elettrotecnicabc.com\/it\/wp-json\/wp\/v2\/types\/page"}],"author":[{"embeddable":true,"href":"https:\/\/elettrotecnicabc.com\/it\/wp-json\/wp\/v2\/users\/1"}],"replies":[{"embeddable":true,"href":"https:\/\/elettrotecnicabc.com\/it\/wp-json\/wp\/v2\/comments?post=1144"}],"version-history":[{"count":0,"href":"https:\/\/elettrotecnicabc.com\/it\/wp-json\/wp\/v2\/pages\/1144\/revisions"}],"up":[{"embeddable":true,"href":"https:\/\/elettrotecnicabc.com\/it\/wp-json\/wp\/v2\/pages\/2991"}],"wp:featuredmedia":[{"embeddable":true,"href":"https:\/\/elettrotecnicabc.com\/it\/wp-json\/wp\/v2\/media\/1378"}],"wp:attachment":[{"href":"https:\/\/elettrotecnicabc.com\/it\/wp-json\/wp\/v2\/media?parent=1144"}],"wp:term":[{"taxonomy":"tipo-pagine","embeddable":true,"href":"https:\/\/elettrotecnicabc.com\/it\/wp-json\/wp\/v2\/tipo-pagine?post=1144"},{"taxonomy":"categoria-pagine","embeddable":true,"href":"https:\/\/elettrotecnicabc.com\/it\/wp-json\/wp\/v2\/categoria-pagine?post=1144"}],"curies":[{"name":"wp","href":"https:\/\/api.w.org\/{rel}","templated":true}]}}