{"id":1141,"date":"2021-06-22T11:05:00","date_gmt":"2021-06-22T09:05:00","guid":{"rendered":"https:\/\/elettrotecnicabc.com\/wp\/?page_id=1141"},"modified":"2025-11-27T10:28:25","modified_gmt":"2025-11-27T09:28:25","slug":"macchine-fissa-sottopiedi","status":"publish","type":"page","link":"https:\/\/elettrotecnicabc.com\/it\/macchine\/macchine-fissa-sottopiedi\/","title":{"rendered":"Macchine fissa sottopiedi"},"content":{"rendered":"\n\n\t<nav id=\"breadcrumbs\" aria-label=\"Breadcrumbs\"><a href=\"https:\/\/elettrotecnicabc.com\/\">Elettrotecnica BC<\/a> | <a href=\"https:\/\/elettrotecnicabc.com\/macchine\/\">Macchine<\/a> | Macchine fissa sottopiedi<\/nav><h1>\n\t\t\tMacchine fissa sottopiedi e occhiellatrici\t<\/h1>\n\t<p>Perch\u00e9 possedere una tecnologia firmata dal team di Elettrotecnica B.C. fa la differenza? Perch\u00e9 la nostra affidabilit\u00e0 e la nostra professionalit\u00e0 hanno una storia di oltre sessant&#8217;anni, in cui abbiamo sperimentato tante soluzioni, migliorato ci\u00f2 che non offriva pi\u00f9 il massimo delle prestazioni ai nostri clienti e progettato delle <strong>novit\u00e0 che potessero costituire un concreto aiuto e supporto al lavoro dei fabbricanti di scarpe che ci scelgono<\/strong>.<\/p>\n<p>Acquistando una tecnologia di Elettrotecnica B.C., un produttore acquista la <strong>sicurezza che tutto sar\u00e0 costruito per sostenere efficacemente la propria attivit\u00e0<\/strong>: questo \u00e8 ci\u00f2 che offriamo con le nostre macchine fissa sottopiedi, che, grazie alle diverse caratteristiche tecniche, possono incontrare esigenze e necessit\u00e0 di tutti i tipi.<\/p>\n<p>Scopri i modelli e i dettagli delle macchine fissa sottopiedi nel nostro catalogo!<\/p>\n\t\t\t\t<img decoding=\"async\" src=\"https:\/\/elettrotecnicabc.com\/wp-content\/plugins\/bb-plugin\/img\/pixel.png\" alt=\"\" itemprop=\"image\" onerror=\"this.style.display='none'\" loading=\"lazy\" \/>\n\t\t<h3>Contattaci per saperne di pi\u00f9!<\/h3>\n\t\t<p>Vai al modulo per chiedere informazioni sui nostri prodotti!<\/p>\n\t\t\t<a href=\"#cta-moduli\" target=\"_self\">\n\t\t\t\t\t\t\tCONTATTACI\n\t\t\t\t\t<\/a>\n<h3>\n\t\t\tModelli\t<\/h3>\n\t\t\t\tMod 438\n\t\t<h4>\n\t\tMacchina pneumatica per fissare i sottopiedi\n\t<\/h4>\n<img decoding=\"async\" src=\"\/wp-content\/uploads\/\/2021\/06\/linea_top_icon.svg\" \/>\n\t\t\t\t<img decoding=\"async\" src=\"https:\/\/elettrotecnicabc.com\/wp-content\/plugins\/bb-plugin\/img\/pixel.png\" alt=\"\" itemprop=\"image\" onerror=\"this.style.display='none'\"  \/>\n\t<table>\n<thead>\n<tr>\n<th colspan=\"2\">Dati tecnici<\/th>\n<\/tr>\n<\/thead>\n<tbody>\n<tr>\n<td>Dimensioni: <\/td>\n<td>Cm 80 x 60 x 160<\/td>\n<\/tr>\n<tr>\n<td>Peso Netto: <\/td>\n<td>Kg 80<\/td>\n<\/tr>\n<tr>\n<td>Potenza Assorbita: <\/td>\n<td>Kw 0,33<\/td>\n<\/tr>\n<tr>\n<td>Consumo Aria: <\/td>\n<td>0,2 lt\/chiodo<\/td>\n<\/tr>\n<\/tbody>\n<\/table>\n\t\t\t\tMod 438 + 431\n\t\t<h4>\n\t\tMacchina pneumatica per fissare i sottopiedi, con rifilatore\n\t<\/h4>\n<img decoding=\"async\" src=\"\/wp-content\/uploads\/\/2021\/06\/linea_top_icon.svg\" \/>\n\t\t\t\t<img decoding=\"async\" src=\"https:\/\/elettrotecnicabc.com\/wp-content\/plugins\/bb-plugin\/img\/pixel.png\" alt=\"\" itemprop=\"image\" onerror=\"this.style.display='none'\"  \/>\n\t<table>\n<thead>\n<tr>\n<th colspan=\"2\">Dati tecnici<\/th>\n<\/tr>\n<\/thead>\n<tbody>\n<tr>\n<td>Dimensioni: <\/td>\n<td>cm 80 x 60 x 160<\/td>\n<\/tr>\n<tr>\n<td>Peso netto: <\/td>\n<td>Kg 80<\/td>\n<\/tr>\n<tr>\n<td>Consumo Aria: <\/td>\n<td>0,2 lt\/chiodo<\/td>\n<\/tr>\n<tr>\n<td>Potenza assorbita: <\/td>\n<td>0,2 kW<\/td>\n<\/tr>\n<\/tbody>\n<\/table>\n\t\t\t\tMod 438\/C\n\t\t<h4>\n\t\tMacchina pneumatica per puntare le tomaie\n\t<\/h4>\n<img decoding=\"async\" src=\"\/wp-content\/uploads\/\/2021\/06\/linea_top_icon.svg\" \/>\n\t\t\t\t<img decoding=\"async\" src=\"https:\/\/elettrotecnicabc.com\/wp-content\/plugins\/bb-plugin\/img\/pixel.png\" alt=\"\" itemprop=\"image\" onerror=\"this.style.display='none'\"  \/>\n\t<table>\n<thead>\n<tr>\n<th colspan=\"2\">Dati tecnici<\/th>\n<\/tr>\n<\/thead>\n<tbody>\n<tr>\n<td>Dimensioni: <\/td>\n<td>Cm 90 x 70 x 160<\/td>\n<\/tr>\n<tr>\n<td>Peso Netto: <\/td>\n<td>Kg 140<\/td>\n<\/tr>\n<tr>\n<td>Potenza Assorbita: <\/td>\n<td>Kw 0,33<\/td>\n<\/tr>\n<tr>\n<td>Consumo Aria: <\/td>\n<td>0,2 lt\/chiodo<\/td>\n<\/tr>\n<\/tbody>\n<\/table>\n\t\t\t\tMod 522\n\t\t<h4>\n\t\tMacchina per fissare I sottopiedi automatici con nastro adesivo &#8211; Petent Pending &#8211;\n\t<\/h4>\n<img decoding=\"async\" src=\"\/wp-content\/uploads\/\/2021\/06\/linea_top_icon.svg\" \/>\n\t\t\t\t<img decoding=\"async\" src=\"https:\/\/elettrotecnicabc.com\/wp-content\/plugins\/bb-plugin\/img\/pixel.png\" alt=\"\" itemprop=\"image\" onerror=\"this.style.display='none'\"  \/>\n\t<table>\n<thead>\n<tr>\n<th colspan=\"2\">Dati tecnici<\/th>\n<\/tr>\n<\/thead>\n<tbody>\n<tr>\n<td>Dimensioni: <\/td>\n<td>cm 60 x 50 x 160<\/td>\n<\/tr>\n<tr>\n<td>Peso netto: <\/td>\n<td>Kg 128<\/td>\n<\/tr>\n<tr>\n<td>Produzione Giornaliera: <\/td>\n<td>250 paia\/ora<\/td>\n<\/tr>\n<tr>\n<td>Potenza elettrica: <\/td>\n<td>0,23 Kw<\/td>\n<\/tr>\n<\/tbody>\n<\/table>\n\t\t\t\tMod. 120.E.12\n\t\t<h4>\n\t\tMACCHINA AUTOMATICA APPLICA PASSALACCI MILITARI CON RIVETTO\n\t<\/h4>\n<img decoding=\"async\" src=\"\/wp-content\/uploads\/\/2021\/06\/linea_top_icon.svg\" \/>\n\t\t\t\t<img decoding=\"async\" src=\"https:\/\/elettrotecnicabc.com\/wp-content\/plugins\/bb-plugin\/img\/pixel.png\" alt=\"\" itemprop=\"image\" onerror=\"this.style.display='none'\"  \/>\n\t<table>\n<thead>\n<tr>\n<th colspan=\"2\">Dati tecnici<\/th>\n<\/tr>\n<\/thead>\n<tbody>\n<tr>\n<td>DIMENSIONI: <\/td>\n<td>cm 80x80x145<\/td>\n<\/tr>\n<tr>\n<td>PESO NETTO: <\/td>\n<td>Kg 160<\/td>\n<\/tr>\n<tr>\n<td>POTENZA MASSIMA DI PRESSIONE PER OGNI APPLICAZIONE: <\/td>\n<td>Kg 600<\/td>\n<\/tr>\n<tr>\n<td>CONSUMO ARIA PER OGNI APPLICAZIONE: <\/td>\n<td>4 lt<\/td>\n<\/tr>\n<tr>\n<td>PRESSIONE OTTIMALE DA USARE: <\/td>\n<td>7 BAR<\/td>\n<\/tr>\n<tr>\n<td>ALTEZZA POSIZIONE LAVORO: <\/td>\n<td>mm 880<\/td>\n<\/tr>\n<\/tbody>\n<\/table>\n<h4>\n\t\t\tGALLERIA FOTO\t<\/h4>\n\t\t\t\t\t\t<figure>\n\t\t\t\t\t\t\t<img loading=\"lazy\" decoding=\"async\" src=\"https:\/\/elettrotecnicabc.com\/wp-content\/uploads\/2021\/06\/Mod-484.png\" alt=\"\" srcset=\"https:\/\/elettrotecnicabc.com\/wp-content\/uploads\/2021\/06\/Mod-484.png 650w, https:\/\/elettrotecnicabc.com\/wp-content\/uploads\/2021\/06\/Mod-484-300x259.png 300w\" width=\"650\" height=\"562\" \/>\n\t\t\t\t\t\t\t\t\t\t\t\t\t<\/figure>\n\t\t\t\t\t\t<figure>\n\t\t\t\t\t\t\t<img loading=\"lazy\" decoding=\"async\" src=\"https:\/\/elettrotecnicabc.com\/wp-content\/uploads\/2021\/06\/MOD.60-removebg-preview.png\" alt=\"\" srcset=\"https:\/\/elettrotecnicabc.com\/wp-content\/uploads\/2021\/06\/MOD.60-removebg-preview.png 523w, https:\/\/elettrotecnicabc.com\/wp-content\/uploads\/2021\/06\/MOD.60-removebg-preview-300x274.png 300w\" width=\"523\" height=\"477\" \/>\n\t\t\t\t\t\t\t\t\t\t\t\t\t<\/figure>\n\t\t\t\t\t\t<figure>\n\t\t\t\t\t\t\t<img loading=\"lazy\" decoding=\"async\" src=\"https:\/\/elettrotecnicabc.com\/wp-content\/uploads\/2021\/06\/forni-stabilizzatori-Mod510-LV.png\" alt=\"\" srcset=\"https:\/\/elettrotecnicabc.com\/wp-content\/uploads\/2021\/06\/forni-stabilizzatori-Mod510-LV.png 450w, https:\/\/elettrotecnicabc.com\/wp-content\/uploads\/2021\/06\/forni-stabilizzatori-Mod510-LV-300x281.png 300w\" width=\"450\" height=\"421\" \/>\n\t\t\t\t\t\t\t\t\t\t\t\t\t<\/figure>\n\t\t\t\t\t\t<figure>\n\t\t\t\t\t\t\t<img loading=\"lazy\" decoding=\"async\" src=\"https:\/\/elettrotecnicabc.com\/wp-content\/uploads\/2021\/06\/IMG_6233-1024x683.jpg\" alt=\"\" srcset=\"https:\/\/elettrotecnicabc.com\/wp-content\/uploads\/2021\/06\/IMG_6233-1024x683.jpg 1024w, https:\/\/elettrotecnicabc.com\/wp-content\/uploads\/2021\/06\/IMG_6233-300x200.jpg 300w, https:\/\/elettrotecnicabc.com\/wp-content\/uploads\/2021\/06\/IMG_6233-768x512.jpg 768w, https:\/\/elettrotecnicabc.com\/wp-content\/uploads\/2021\/06\/IMG_6233.jpg 1200w\" width=\"1024\" height=\"683\" \/>\n\t\t\t\t\t\t\t\t\t\t\t\t\t<\/figure>\n\t\t\t\t\t\t<figure>\n\t\t\t\t\t\t\t<img loading=\"lazy\" decoding=\"async\" src=\"https:\/\/elettrotecnicabc.com\/wp-content\/uploads\/2021\/06\/Elettrotecnica-BC-Primo-forno-1024x576.jpg\" alt=\"\" srcset=\"https:\/\/elettrotecnicabc.com\/wp-content\/uploads\/2021\/06\/Elettrotecnica-BC-Primo-forno-1024x576.jpg 1024w, https:\/\/elettrotecnicabc.com\/wp-content\/uploads\/2021\/06\/Elettrotecnica-BC-Primo-forno-300x169.jpg 300w, https:\/\/elettrotecnicabc.com\/wp-content\/uploads\/2021\/06\/Elettrotecnica-BC-Primo-forno-768x432.jpg 768w, https:\/\/elettrotecnicabc.com\/wp-content\/uploads\/2021\/06\/Elettrotecnica-BC-Primo-forno-1536x864.jpg 1536w, https:\/\/elettrotecnicabc.com\/wp-content\/uploads\/2021\/06\/Elettrotecnica-BC-Primo-forno.jpg 1920w\" width=\"1024\" height=\"576\" \/>\n\t\t\t\t\t\t\t\t\t\t\t\t\t<\/figure>\n\t\t\t\t\t\t<figure>\n\t\t\t\t\t\t\t<img loading=\"lazy\" decoding=\"async\" src=\"https:\/\/elettrotecnicabc.com\/wp-content\/uploads\/2021\/06\/600.png\" alt=\"\" srcset=\"https:\/\/elettrotecnicabc.com\/wp-content\/uploads\/2021\/06\/600.png 546w, https:\/\/elettrotecnicabc.com\/wp-content\/uploads\/2021\/06\/600-300x251.png 300w\" width=\"546\" height=\"457\" \/>\n\t\t\t\t\t\t\t\t\t\t\t\t\t<\/figure>\n\t\t\t\t\t<!-- navigation arrows -->\n\t\t<button aria-label=\"Previous slide\" role=\"button\" tabindex=\"0\">\n\t\t\t\t\t<\/button>\n\t\t<button aria-label=\"Next slide\" role=\"button\" tabindex=\"0\">\n\t\t\t\t\t<\/button>\n\t\t\t\t<h2>\n\t\t\tContattaci per maggiori informazioni !\t<\/h2>\n\t<p>Compila questo modulo per chiedere informazioni sui nostri prodotti.<\/p>\n \n<form action=\"\/?page_id=1141&#038;fl_builder#wpcf7-f172-o1\" method=\"post\" aria-label=\"Modulo di contatto\" novalidate=\"novalidate\" data-status=\"init\">\n<fieldset><input type=\"hidden\" name=\"_wpcf7\" value=\"172\" \/><input type=\"hidden\" name=\"_wpcf7_version\" value=\"6.1.3\" \/><input type=\"hidden\" name=\"_wpcf7_locale\" value=\"it_IT\" \/><input type=\"hidden\" name=\"_wpcf7_unit_tag\" value=\"wpcf7-f172-o1\" \/><input type=\"hidden\" name=\"_wpcf7_container_post\" value=\"0\" \/><input type=\"hidden\" name=\"_wpcf7_posted_data_hash\" value=\"\" \/><input type=\"hidden\" name=\"_wpcf7_recaptcha_response\" value=\"\" \/>\n<\/fieldset>\n\t\t<input size=\"40\" maxlength=\"400\" aria-required=\"true\" aria-invalid=\"false\" placeholder=\"Nome e Cognome*\" value=\"\" type=\"text\" name=\"nome\" \/>\n\t\t\n\t\t<input size=\"40\" maxlength=\"400\" aria-invalid=\"false\" placeholder=\"Azienda\" value=\"\" type=\"text\" name=\"azienda\" \/>\n\t\t\n\t\t<input size=\"40\" maxlength=\"400\" aria-invalid=\"false\" placeholder=\"Telefono\" value=\"\" type=\"tel\" name=\"tel\" \/>\n\t\t\n\t\t<input size=\"40\" maxlength=\"400\" aria-required=\"true\" aria-invalid=\"false\" placeholder=\"Email*\" value=\"\" type=\"email\" name=\"indirizzo-mail\" \/>\n\t\t\n\t\t<select aria-required=\"true\" aria-invalid=\"false\" name=\"Richiestainformazioneriguardo\"><option value=\"\">Richiesta informazione riguardo a &#8230;*<\/option><option value=\"Consulenza generale\">Consulenza generale<\/option><option value=\"Preventivo macchina\">Preventivo macchina<\/option><option value=\"Preventivo linea completa\">Preventivo linea completa<\/option><option value=\"Altro\">Altro<\/option><\/select><br \/>\n<label for=\"wpcf7-692819b9c9fc0-field\">Sito web<\/label><input id=\"wpcf7-692819b9c9fc0-field\"  placeholder=\"Sito web\"  type=\"text\" name=\"honeypot-825\" value=\"\" size=\"40\" tabindex=\"-1\" autocomplete=\"new-password\" \/>\n\t\t\n\t\t<textarea cols=\"40\" rows=\"10\" maxlength=\"2000\" aria-required=\"true\" aria-invalid=\"false\" placeholder=\"Messaggio*\" name=\"messaggio\"><\/textarea>\n\t\t\n\t\t<label><input type=\"checkbox\" name=\"privacy\" value=\"1\" aria-invalid=\"false\" \/><small> Confermo di aver preso visione dell&#8217;informativa sulla <a href=\"https:\/\/elettrotecnicabc.com\/privacy-policy\/\" title=\"Privacy Policy\">Privacy<\/a>.*<\/small><\/label>\n\t\t\n\t\t<label><input type=\"checkbox\" name=\"marketing\" value=\"1\" aria-invalid=\"false\" \/><small> Autorizzo a ricevere informazioni di marketing\/commerciali<\/small><\/label>\n\t\t\n\t\t<input type=\"submit\" value=\"Invia messaggio\" \/>\n\t\t\n\t\t<small>I tuoi dati sono protetti: <a href=\"https:\/\/elettrotecnicabc.com\/privacy-policy\/\" target=\"_blank\">privacy policy<\/a>. La richiesta di informazioni \u00e8 gratuita e non impegnativa.<\/small>\n\t\t\n<\/form>\n\n","protected":false},"excerpt":{"rendered":"<p>Elettrotecnica BC | Macchine | Macchine fissa sottopiedi Macchine fissa sottopiedi e occhiellatrici Perch\u00e9 possedere una tecnologia firmata dal team di Elettrotecnica B.C. fa la differenza? Perch\u00e9 la nostra affidabilit\u00e0 e la nostra professionalit\u00e0 hanno una storia di oltre sessant&#8217;anni, in cui abbiamo sperimentato tante soluzioni, migliorato ci\u00f2 che non offriva pi\u00f9 il massimo delle [&hellip;]<\/p>\n","protected":false},"author":1,"featured_media":1355,"parent":2991,"menu_order":0,"comment_status":"closed","ping_status":"closed","template":"","meta":{"_acf_changed":false,"inline_featured_image":false,"site-sidebar-layout":"no-sidebar","site-content-layout":"page-builder","ast-site-content-layout":"default","site-content-style":"default","site-sidebar-style":"default","ast-global-header-display":"","ast-banner-title-visibility":"","ast-main-header-display":"","ast-hfb-above-header-display":"","ast-hfb-below-header-display":"","ast-hfb-mobile-header-display":"","site-post-title":"disabled","ast-breadcrumbs-content":"","ast-featured-img":"disabled","footer-sml-layout":"","theme-transparent-header-meta":"default","adv-header-id-meta":"","stick-header-meta":"default","header-above-stick-meta":"","header-main-stick-meta":"","header-below-stick-meta":"","astra-migrate-meta-layouts":"default","ast-page-background-enabled":"default","ast-page-background-meta":{"desktop":{"background-color":"","background-image":"","background-repeat":"repeat","background-position":"center center","background-size":"auto","background-attachment":"scroll","background-type":"","background-media":"","overlay-type":"","overlay-color":"","overlay-opacity":"","overlay-gradient":""},"tablet":{"background-color":"","background-image":"","background-repeat":"repeat","background-position":"center center","background-size":"auto","background-attachment":"scroll","background-type":"","background-media":"","overlay-type":"","overlay-color":"","overlay-opacity":"","overlay-gradient":""},"mobile":{"background-color":"","background-image":"","background-repeat":"repeat","background-position":"center center","background-size":"auto","background-attachment":"scroll","background-type":"","background-media":"","overlay-type":"","overlay-color":"","overlay-opacity":"","overlay-gradient":""}},"ast-content-background-meta":{"desktop":{"background-color":"var(--ast-global-color-5)","background-image":"","background-repeat":"repeat","background-position":"center center","background-size":"auto","background-attachment":"scroll","background-type":"","background-media":"","overlay-type":"","overlay-color":"","overlay-opacity":"","overlay-gradient":""},"tablet":{"background-color":"var(--ast-global-color-5)","background-image":"","background-repeat":"repeat","background-position":"center center","background-size":"auto","background-attachment":"scroll","background-type":"","background-media":"","overlay-type":"","overlay-color":"","overlay-opacity":"","overlay-gradient":""},"mobile":{"background-color":"var(--ast-global-color-5)","background-image":"","background-repeat":"repeat","background-position":"center center","background-size":"auto","background-attachment":"scroll","background-type":"","background-media":"","overlay-type":"","overlay-color":"","overlay-opacity":"","overlay-gradient":""}},"footnotes":""},"tipo-pagine":[63],"categoria-pagine":[86],"class_list":["post-1141","page","type-page","status-publish","has-post-thumbnail","hentry","tipo-pagine-categorie-prodotti","categoria-pagine-macchine"],"acf":[],"yoast_head":"<!-- This site is optimized with the Yoast SEO plugin v26.3 - https:\/\/yoast.com\/wordpress\/plugins\/seo\/ -->\n<title>Macchine fissa sottopiedi | ElettrotecnicaBC<\/title>\n<meta name=\"description\" content=\"Elettrotecnica BC | Macchine | Macchine fissa sottopiedi Macchine fissa sottopiedi e occhiellatrici Perch\u00e9 possedere una tecnologia firmata dal team di\" \/>\n<meta name=\"robots\" content=\"index, follow, max-snippet:-1, max-image-preview:large, max-video-preview:-1\" \/>\n<link rel=\"canonical\" href=\"https:\/\/elettrotecnicabc.com\/it\/macchine\/macchine-fissa-sottopiedi\/\" \/>\n<meta property=\"og:locale\" content=\"it_IT\" \/>\n<meta property=\"og:type\" content=\"article\" \/>\n<meta property=\"og:title\" content=\"Macchine fissa sottopiedi | ElettrotecnicaBC\" \/>\n<meta property=\"og:description\" content=\"Elettrotecnica BC | Macchine | Macchine fissa sottopiedi Macchine fissa sottopiedi e occhiellatrici Perch\u00e9 possedere una tecnologia firmata dal team di\" \/>\n<meta property=\"og:url\" content=\"https:\/\/elettrotecnicabc.com\/it\/macchine\/macchine-fissa-sottopiedi\/\" \/>\n<meta property=\"og:site_name\" content=\"ElettrotecnicaBC\" \/>\n<meta property=\"article:publisher\" content=\"https:\/\/www.facebook.com\/elettrotecnicabc\/\" \/>\n<meta property=\"article:modified_time\" content=\"2025-11-27T09:28:25+00:00\" \/>\n<meta property=\"og:image\" content=\"https:\/\/elettrotecnicabc.com\/wp-content\/uploads\/2021\/06\/Macchine-fissa-sottopiedi-522.png\" \/>\n\t<meta property=\"og:image:width\" content=\"246\" \/>\n\t<meta property=\"og:image:height\" content=\"436\" \/>\n\t<meta property=\"og:image:type\" content=\"image\/png\" \/>\n<meta name=\"twitter:card\" content=\"summary_large_image\" \/>\n<script type=\"application\/ld+json\" class=\"yoast-schema-graph\">{\"@context\":\"https:\/\/schema.org\",\"@graph\":[{\"@type\":\"WebPage\",\"@id\":\"https:\/\/elettrotecnicabc.com\/it\/macchine\/macchine-fissa-sottopiedi\/\",\"url\":\"https:\/\/elettrotecnicabc.com\/it\/macchine\/macchine-fissa-sottopiedi\/\",\"name\":\"Macchine fissa sottopiedi | ElettrotecnicaBC\",\"isPartOf\":{\"@id\":\"https:\/\/elettrotecnicabc.com\/it\/#website\"},\"primaryImageOfPage\":{\"@id\":\"https:\/\/elettrotecnicabc.com\/it\/macchine\/macchine-fissa-sottopiedi\/#primaryimage\"},\"image\":{\"@id\":\"https:\/\/elettrotecnicabc.com\/it\/macchine\/macchine-fissa-sottopiedi\/#primaryimage\"},\"thumbnailUrl\":\"https:\/\/elettrotecnicabc.com\/wp-content\/uploads\/2021\/06\/Macchine-fissa-sottopiedi-522.png\",\"datePublished\":\"2021-06-22T09:05:00+00:00\",\"dateModified\":\"2025-11-27T09:28:25+00:00\",\"description\":\"Elettrotecnica BC | Macchine | Macchine fissa sottopiedi Macchine fissa sottopiedi e occhiellatrici Perch\u00e9 possedere una tecnologia firmata dal team di\",\"breadcrumb\":{\"@id\":\"https:\/\/elettrotecnicabc.com\/it\/macchine\/macchine-fissa-sottopiedi\/#breadcrumb\"},\"inLanguage\":\"it-IT\",\"potentialAction\":[{\"@type\":\"ReadAction\",\"target\":[\"https:\/\/elettrotecnicabc.com\/it\/macchine\/macchine-fissa-sottopiedi\/\"]}]},{\"@type\":\"ImageObject\",\"inLanguage\":\"it-IT\",\"@id\":\"https:\/\/elettrotecnicabc.com\/it\/macchine\/macchine-fissa-sottopiedi\/#primaryimage\",\"url\":\"https:\/\/elettrotecnicabc.com\/wp-content\/uploads\/2021\/06\/Macchine-fissa-sottopiedi-522.png\",\"contentUrl\":\"https:\/\/elettrotecnicabc.com\/wp-content\/uploads\/2021\/06\/Macchine-fissa-sottopiedi-522.png\",\"width\":246,\"height\":436},{\"@type\":\"BreadcrumbList\",\"@id\":\"https:\/\/elettrotecnicabc.com\/it\/macchine\/macchine-fissa-sottopiedi\/#breadcrumb\",\"itemListElement\":[{\"@type\":\"ListItem\",\"position\":1,\"name\":\"Elettrotecnica BC\",\"item\":\"https:\/\/elettrotecnicabc.com\/it\/\"},{\"@type\":\"ListItem\",\"position\":2,\"name\":\"Macchine\",\"item\":\"https:\/\/elettrotecnicabc.com\/it\/macchine\/\"},{\"@type\":\"ListItem\",\"position\":3,\"name\":\"Macchine fissa sottopiedi\"}]},{\"@type\":\"WebSite\",\"@id\":\"https:\/\/elettrotecnicabc.com\/it\/#website\",\"url\":\"https:\/\/elettrotecnicabc.com\/it\/\",\"name\":\"ElettrotecnicaBC\",\"description\":\"Produttori di macchinari per calzature\",\"publisher\":{\"@id\":\"https:\/\/elettrotecnicabc.com\/it\/#organization\"},\"potentialAction\":[{\"@type\":\"SearchAction\",\"target\":{\"@type\":\"EntryPoint\",\"urlTemplate\":\"https:\/\/elettrotecnicabc.com\/it\/?s={search_term_string}\"},\"query-input\":{\"@type\":\"PropertyValueSpecification\",\"valueRequired\":true,\"valueName\":\"search_term_string\"}}],\"inLanguage\":\"it-IT\"},{\"@type\":\"Organization\",\"@id\":\"https:\/\/elettrotecnicabc.com\/it\/#organization\",\"name\":\"Elettrotecnica BC\",\"url\":\"https:\/\/elettrotecnicabc.com\/it\/\",\"logo\":{\"@type\":\"ImageObject\",\"inLanguage\":\"it-IT\",\"@id\":\"https:\/\/elettrotecnicabc.com\/it\/#\/schema\/logo\/image\/\",\"url\":\"https:\/\/elettrotecnicabc.com\/wp-content\/uploads\/2021\/06\/Logo-trasp-rifinito.png\",\"contentUrl\":\"https:\/\/elettrotecnicabc.com\/wp-content\/uploads\/2021\/06\/Logo-trasp-rifinito.png\",\"width\":460,\"height\":365,\"caption\":\"Elettrotecnica BC\"},\"image\":{\"@id\":\"https:\/\/elettrotecnicabc.com\/it\/#\/schema\/logo\/image\/\"},\"sameAs\":[\"https:\/\/www.facebook.com\/elettrotecnicabc\/\",\"https:\/\/www.instagram.com\/elettrotecnica_bc\/\",\"https:\/\/www.linkedin.com\/company\/elettrotecnicabc\/\",\"https:\/\/www.youtube.com\/user\/ElettrotecnicaBC\/videos\"]}]}<\/script>\n<!-- \/ Yoast SEO plugin. -->","yoast_head_json":{"title":"Macchine fissa sottopiedi | ElettrotecnicaBC","description":"Elettrotecnica BC | Macchine | Macchine fissa sottopiedi Macchine fissa sottopiedi e occhiellatrici Perch\u00e9 possedere una tecnologia firmata dal team di","robots":{"index":"index","follow":"follow","max-snippet":"max-snippet:-1","max-image-preview":"max-image-preview:large","max-video-preview":"max-video-preview:-1"},"canonical":"https:\/\/elettrotecnicabc.com\/it\/macchine\/macchine-fissa-sottopiedi\/","og_locale":"it_IT","og_type":"article","og_title":"Macchine fissa sottopiedi | ElettrotecnicaBC","og_description":"Elettrotecnica BC | Macchine | Macchine fissa sottopiedi Macchine fissa sottopiedi e occhiellatrici Perch\u00e9 possedere una tecnologia firmata dal team di","og_url":"https:\/\/elettrotecnicabc.com\/it\/macchine\/macchine-fissa-sottopiedi\/","og_site_name":"ElettrotecnicaBC","article_publisher":"https:\/\/www.facebook.com\/elettrotecnicabc\/","article_modified_time":"2025-11-27T09:28:25+00:00","og_image":[{"width":246,"height":436,"url":"https:\/\/elettrotecnicabc.com\/wp-content\/uploads\/2021\/06\/Macchine-fissa-sottopiedi-522.png","type":"image\/png"}],"twitter_card":"summary_large_image","schema":{"@context":"https:\/\/schema.org","@graph":[{"@type":"WebPage","@id":"https:\/\/elettrotecnicabc.com\/it\/macchine\/macchine-fissa-sottopiedi\/","url":"https:\/\/elettrotecnicabc.com\/it\/macchine\/macchine-fissa-sottopiedi\/","name":"Macchine fissa sottopiedi | ElettrotecnicaBC","isPartOf":{"@id":"https:\/\/elettrotecnicabc.com\/it\/#website"},"primaryImageOfPage":{"@id":"https:\/\/elettrotecnicabc.com\/it\/macchine\/macchine-fissa-sottopiedi\/#primaryimage"},"image":{"@id":"https:\/\/elettrotecnicabc.com\/it\/macchine\/macchine-fissa-sottopiedi\/#primaryimage"},"thumbnailUrl":"https:\/\/elettrotecnicabc.com\/wp-content\/uploads\/2021\/06\/Macchine-fissa-sottopiedi-522.png","datePublished":"2021-06-22T09:05:00+00:00","dateModified":"2025-11-27T09:28:25+00:00","description":"Elettrotecnica BC | Macchine | Macchine fissa sottopiedi Macchine fissa sottopiedi e occhiellatrici Perch\u00e9 possedere una tecnologia firmata dal team di","breadcrumb":{"@id":"https:\/\/elettrotecnicabc.com\/it\/macchine\/macchine-fissa-sottopiedi\/#breadcrumb"},"inLanguage":"it-IT","potentialAction":[{"@type":"ReadAction","target":["https:\/\/elettrotecnicabc.com\/it\/macchine\/macchine-fissa-sottopiedi\/"]}]},{"@type":"ImageObject","inLanguage":"it-IT","@id":"https:\/\/elettrotecnicabc.com\/it\/macchine\/macchine-fissa-sottopiedi\/#primaryimage","url":"https:\/\/elettrotecnicabc.com\/wp-content\/uploads\/2021\/06\/Macchine-fissa-sottopiedi-522.png","contentUrl":"https:\/\/elettrotecnicabc.com\/wp-content\/uploads\/2021\/06\/Macchine-fissa-sottopiedi-522.png","width":246,"height":436},{"@type":"BreadcrumbList","@id":"https:\/\/elettrotecnicabc.com\/it\/macchine\/macchine-fissa-sottopiedi\/#breadcrumb","itemListElement":[{"@type":"ListItem","position":1,"name":"Elettrotecnica BC","item":"https:\/\/elettrotecnicabc.com\/it\/"},{"@type":"ListItem","position":2,"name":"Macchine","item":"https:\/\/elettrotecnicabc.com\/it\/macchine\/"},{"@type":"ListItem","position":3,"name":"Macchine fissa sottopiedi"}]},{"@type":"WebSite","@id":"https:\/\/elettrotecnicabc.com\/it\/#website","url":"https:\/\/elettrotecnicabc.com\/it\/","name":"ElettrotecnicaBC","description":"Produttori di macchinari per calzature","publisher":{"@id":"https:\/\/elettrotecnicabc.com\/it\/#organization"},"potentialAction":[{"@type":"SearchAction","target":{"@type":"EntryPoint","urlTemplate":"https:\/\/elettrotecnicabc.com\/it\/?s={search_term_string}"},"query-input":{"@type":"PropertyValueSpecification","valueRequired":true,"valueName":"search_term_string"}}],"inLanguage":"it-IT"},{"@type":"Organization","@id":"https:\/\/elettrotecnicabc.com\/it\/#organization","name":"Elettrotecnica BC","url":"https:\/\/elettrotecnicabc.com\/it\/","logo":{"@type":"ImageObject","inLanguage":"it-IT","@id":"https:\/\/elettrotecnicabc.com\/it\/#\/schema\/logo\/image\/","url":"https:\/\/elettrotecnicabc.com\/wp-content\/uploads\/2021\/06\/Logo-trasp-rifinito.png","contentUrl":"https:\/\/elettrotecnicabc.com\/wp-content\/uploads\/2021\/06\/Logo-trasp-rifinito.png","width":460,"height":365,"caption":"Elettrotecnica BC"},"image":{"@id":"https:\/\/elettrotecnicabc.com\/it\/#\/schema\/logo\/image\/"},"sameAs":["https:\/\/www.facebook.com\/elettrotecnicabc\/","https:\/\/www.instagram.com\/elettrotecnica_bc\/","https:\/\/www.linkedin.com\/company\/elettrotecnicabc\/","https:\/\/www.youtube.com\/user\/ElettrotecnicaBC\/videos"]}]}},"_links":{"self":[{"href":"https:\/\/elettrotecnicabc.com\/it\/wp-json\/wp\/v2\/pages\/1141","targetHints":{"allow":["GET"]}}],"collection":[{"href":"https:\/\/elettrotecnicabc.com\/it\/wp-json\/wp\/v2\/pages"}],"about":[{"href":"https:\/\/elettrotecnicabc.com\/it\/wp-json\/wp\/v2\/types\/page"}],"author":[{"embeddable":true,"href":"https:\/\/elettrotecnicabc.com\/it\/wp-json\/wp\/v2\/users\/1"}],"replies":[{"embeddable":true,"href":"https:\/\/elettrotecnicabc.com\/it\/wp-json\/wp\/v2\/comments?post=1141"}],"version-history":[{"count":1,"href":"https:\/\/elettrotecnicabc.com\/it\/wp-json\/wp\/v2\/pages\/1141\/revisions"}],"predecessor-version":[{"id":8837,"href":"https:\/\/elettrotecnicabc.com\/it\/wp-json\/wp\/v2\/pages\/1141\/revisions\/8837"}],"up":[{"embeddable":true,"href":"https:\/\/elettrotecnicabc.com\/it\/wp-json\/wp\/v2\/pages\/2991"}],"wp:featuredmedia":[{"embeddable":true,"href":"https:\/\/elettrotecnicabc.com\/it\/wp-json\/wp\/v2\/media\/1355"}],"wp:attachment":[{"href":"https:\/\/elettrotecnicabc.com\/it\/wp-json\/wp\/v2\/media?parent=1141"}],"wp:term":[{"taxonomy":"tipo-pagine","embeddable":true,"href":"https:\/\/elettrotecnicabc.com\/it\/wp-json\/wp\/v2\/tipo-pagine?post=1141"},{"taxonomy":"categoria-pagine","embeddable":true,"href":"https:\/\/elettrotecnicabc.com\/it\/wp-json\/wp\/v2\/categoria-pagine?post=1141"}],"curies":[{"name":"wp","href":"https:\/\/api.w.org\/{rel}","templated":true}]}}