{"id":1138,"date":"2021-06-22T11:03:38","date_gmt":"2021-06-22T09:03:38","guid":{"rendered":"https:\/\/elettrotecnicabc.com\/wp\/?page_id=1138"},"modified":"2021-07-09T18:54:14","modified_gmt":"2021-07-09T16:54:14","slug":"macchine-boettatrici","status":"publish","type":"page","link":"https:\/\/elettrotecnicabc.com\/it\/macchine\/macchine-boettatrici\/","title":{"rendered":"Macchine boettatrici"},"content":{"rendered":"\r\n\r\n\t<a href=\"https:\/\/elettrotecnicabc.com\/wp\/\">Elettronica BC<\/a> | Macchine boettatrici<h1>\r\n\t\tMacchine boettatrici\r\n\t<\/h1>\r\n\t<p>Un ciclo produttivo veloce, efficiente e con un numero ridotto di problematiche \u00e8 uno degli elementi che caratterizza un fabbricante di calzature serio e professionale, facendolo apparire agli occhi dei suoi clienti come la scelta migliore sul mercato.<\/p>\r\n<p>Noi di Elettrotecnica B.C. siamo da sessant&#8217;anni <strong>al fianco dei produttori di eccellenza, in tutto il mondo<\/strong>: le nostre tecnologie accompagnano e facilitano le fasi produttive di chi ci sceglie.<\/p>\r\n<p>Una delle macchine pi\u00f9 richieste e pi\u00f9 apprezzate \u00e8 la macchina boettatrice: i diversi modelli di cui disponiamo possono adattarsi alle esigenze di ogni fabbricante di scarpe, per ottenere una perfetta spianatura della sede in cui verr\u00e0 poi applicato il tacco. <strong>Velocit\u00e0 di rotazione e traslazione regolabile<\/strong>, <strong>sistema di insonorizzazione e piastra riscaldata<\/strong> sono solo alcune delle caratteristiche che rendono le nostre macchine boettatrici le migliori sul mercato.<\/p>\r\n<p>Scopri tutti i dettagli tecnici, sfoglia il catalogo!<\/p>\r\n\t\t\t\t<img decoding=\"async\" src=\"https:\/\/elettrotecnicabc.com\/wp-content\/plugins\/bb-plugin\/img\/pixel.png\" alt=\"\" itemprop=\"image\" onerror=\"this.style.display='none'\"  \/>\r\n\t\t<h3>Contattaci per saperne di pi\u00f9!<\/h3>\r\n\t\t<p>Lorem ipsum dolor sit amet, consectetur adipiscing elit.<\/p>\r\n\t\t\t<a href=\"#cta-moduli\" target=\"_self\" role=\"button\" rel=\"noopener\">\r\n\t\t\t\t\t\t\tCONTATTACI\r\n\t\t\t\t\t<\/a>\r\n<h3>\r\n\t\tModelli\r\n\t<\/h3>\r\n\t\t\t\t\t\t\t\tMod 885\r\n<h4>Boettatrice elettronica a piastra calda e rotella<\/h4>\r\n<img decoding=\"async\" src=\"https:\/\/elettrotecnicabc.com\/wp-content\/uploads\/2021\/06\/Raggruppa-168.png\" alt=\"Linea Top\" \/>\r\n<img decoding=\"async\" src=\"https:\/\/elettrotecnicabc.com\/wp-content\/uploads\/2021\/06\/Macchine-boettatrici-885.png\" alt=\"Macchine boettatrici 885\" \/>\r\n<ul>\r\n\t<li>Boettatrice con martello vibrante ideale perla spianatura della sede del tacco.<\/li>\r\n\t<li>Dotata di Sistema di insonorizzazione.<\/li>\r\n\t<li>Velocit\u00e0 di rotazione e di traslazione regolabili.<\/li>\r\n\t<li>Piastra riscaldata per una migliore spianatura della boetta.<\/li>\r\n\t<li>Piantone adatto per stivali e scarpe di tutte le dimensioni.<\/li>\r\n\t<li>Ciclo macchina gestito da PLC.<\/li>\r\n<\/ul>\r\n<table>\r\n   <thead>\r\n      <tr><th colspan=\"2\">Dati tecnici<\/th><\/tr>\r\n   <\/thead>\r\n   <tbody>\r\n      <tr>\r\n      <td>Dimensioni:<\/td>\r\n      <td>Cm 65x85x159<\/td>\r\n      <\/tr>\r\n      <tr>\r\n      <td>Peso netto:<\/td>\r\n      <td>Kg 370<\/td>\r\n      <\/tr>\r\n      <tr>\r\n      <td>Potenza Eletirica: <\/td>\r\n      <td>Kw 0,5<\/td>\r\n      <\/tr>\r\n      <tr>\r\n      <td>Consumo Aria A 6 Bar:<\/td>\r\n      <td> 15 It\/Ciclo<\/td>\r\n      <\/tr>\r\n      <tr>\r\n      <td>Produzione Oraria: <\/td>\r\n      <td>1000 \/ 1500<\/td>\r\n      <\/tr>\r\n   <\/tbody>\r\n<\/table>\r\n\t\t\t\t\t\t\t\tMod 888\r\n<h4>Ribatti increna, ribattittrice programmata<\/h4>\r\n<img decoding=\"async\" src=\"https:\/\/elettrotecnicabc.com\/wp-content\/uploads\/2021\/06\/Raggruppa-168.png\" alt=\"Linea Top\" \/>\r\n<img decoding=\"async\" src=\"https:\/\/elettrotecnicabc.com\/wp-content\/uploads\/2021\/06\/Macchine-boettatrici-888.png\" alt=\"Macchine boettatrici 888\" \/>\r\n<ul>\r\n\t<li>Macchina programmata multifunzione adatta alla ribattitura della scarpa dopo il montaggio.<\/li>\r\n\t<li>Opportunamente programmata senza il cambio di nessuna delle parti la BC888 esegue la ribattitura dell&#8217;increna (ribatti increna).<\/li>\r\n\t<li>Utilizzando il programma di flessibilizzazione la BC888  esegue   dei cicli particolari  che servono a rendere il termoplastico applicato in precedenza dalla premonta  flessibile, dando alla scarpa un altissimo livello di confort.<\/li>\r\n<\/ul>\r\n<table>\r\n   <thead>\r\n      <tr><th colspan=\"2\">Dati tecnici<\/th><\/tr>\r\n   <\/thead>\r\n   <tbody>\r\n      <tr>\r\n      <td>Potenza Elettrica:<\/td>\r\n      <td> 3 Kw<\/td>\r\n      <\/tr>\r\n      <tr>\r\n      <td>Consumo Aria: <\/td>\r\n      <td>2,2 Lt\/Min.<\/td>\r\n      <\/tr>\r\n      <tr>\r\n      <td>Dimensioni: <\/td>\r\n      <td>Cm. 105 X 80 X 150<\/td>\r\n      <\/tr>\r\n      <tr>\r\n      <td>Peso Netto: <\/td>\r\n      <td>Kg. 325<\/td>\r\n      <\/tr>\r\n      <tr>\r\n      <td>Peso Lordo In Gabbia: <\/td>\r\n      <td>Kg. 390<\/td>\r\n      <\/tr>\r\n      <tr>\r\n      <td>Peso Lordo In Cassa:<\/td>\r\n      <td> Kg. 440<\/td>\r\n      <\/tr>\r\n   <\/tbody>\r\n<\/table>\r\n\t\t\t\t\t\t\t\tMod. 667\r\n<h4>Ribattitrice \/ monta con rullo e termoplastico &#8211; Patent Pending &#8211;<\/h4>\r\n<img decoding=\"async\" src=\"https:\/\/elettrotecnicabc.com\/wp-content\/uploads\/2021\/06\/Raggruppa-168.png\" alt=\"Linea Top\" \/>\r\n<img decoding=\"async\" src=\"https:\/\/elettrotecnicabc.com\/wp-content\/uploads\/2021\/06\/Macchine-boettatrici-Mod-667-S.png\" alt=\"Macchine boettatrici Mod 667 S\" \/>\r\nMacchina per montare, ribattere e ripara tutte le parti di una calzatura non montate correttamente o scoliate.\r\n<table>\r\n   <thead>\r\n      <tr><th colspan=\"2\">Dati tecnici<\/th><\/tr>\r\n   <\/thead>\r\n   <tbody>\r\n      <tr>\r\n      <td>Dimensioni: <\/td>\r\n      <td>cm 80 x 67 x 150<\/td>\r\n      <\/tr>\r\n      <tr>\r\n      <td>Peso netto:<\/td>\r\n      <td>kg 165<\/td>\r\n      <\/tr>\r\n      <tr>\r\n      <td>Potenza Assorbita:<\/td>\r\n      <td> kW 1,0<\/td>\r\n      <\/tr>\r\n   <\/tbody>\r\n<\/table>\r\n\t\t\t\t\t\t\t\tMod 667\/S\r\n<h4>Monta &#8211; ribatti con termoplastico \u2022 PATENT PENDING \u2022<\/h4>\r\n<img decoding=\"async\" src=\"https:\/\/elettrotecnicabc.com\/wp-content\/uploads\/2021\/06\/Raggruppa-168.png\" alt=\"Linea Top\" \/>\r\n<img decoding=\"async\" src=\"https:\/\/elettrotecnicabc.com\/wp-content\/uploads\/2021\/06\/Macchine-boettatrici-Mod-667-S.png\" alt=\"Macchine boettatrici Mod 667 S\" \/>\r\nMacchina per montare, ribattere e riparare tutte le parti di una calzatura non montate correttamente o scollate.\r\n<table>\r\n   <thead>\r\n      <tr><th colspan=\"2\">Dati tecnici<\/th><\/tr>\r\n   <\/thead>\r\n   <tbody>\r\n      <tr>\r\n      <td>Dimensioni:<\/td>\r\n      <td>cm 70 x 67 x 131<\/td>\r\n      <\/tr>\r\n      <tr>\r\n      <td>Peso netto:<\/td>\r\n      <td>kg 144<\/td>\r\n      <\/tr>\r\n      <tr>\r\n      <td>Potenza Assorbita:<\/td>\r\n      <td>kW 1,0<\/td>\r\n      <\/tr>\r\n   <\/tbody>\r\n<\/table>\r\n\t\t\t\t\t\t\t\tMod.663\r\n<h4>Macchina per tiraggio pelle e verifica materiali<\/h4>\r\n<img decoding=\"async\" src=\"https:\/\/elettrotecnicabc.com\/wp-content\/uploads\/2021\/06\/Raggruppa-168.png\" alt=\"Linea Top\" \/>\r\n<img decoding=\"async\" src=\"https:\/\/elettrotecnicabc.com\/wp-content\/uploads\/2021\/04\/Logo-trasp.png\" alt=\"mod-663\" \/>\r\n<table>\r\n   <thead>\r\n      <tr><th colspan=\"2\">Dati tecnici<\/th><\/tr>\r\n   <\/thead>\r\n   <tbody>\r\n      <tr>\r\n      <td>Dimensioni:<\/td>\r\n      <td><\/td>\r\n      <\/tr>\r\n      <tr>\r\n      <td>Peso netto:<\/td>\r\n      <td><\/td>\r\n      <\/tr>\r\n      <tr>\r\n      <td><\/td>\r\n      <td><\/td>\r\n      <\/tr>\r\n      <tr>\r\n      <td><\/td>\r\n      <td><\/td>\r\n      <\/tr>\r\n      <tr>\r\n      <td><\/td>\r\n      <td><\/td>\r\n      <\/tr>\r\n      <tr>\r\n      <td><\/td>\r\n      <td><\/td>\r\n      <\/tr>\r\n   <\/tbody>\r\n<\/table>\r\n<h4>\r\n\t\tGALLERIA FOTO\r\n\t<\/h4>\r\n\t\t\t\t\t\t\t\t<!-- navigation arrows -->\r\n\t\t\t<button aria-label=\"Previous slide\" role=\"button\" tabindex=\"0\">\r\n\t\t\t<\/button>\r\n\t\t\t<button aria-label=\"Next slide\" role=\"button\" tabindex=\"0\">\r\n\t\t\t<\/button>\r\n\t\t\t\t\t\t<!-- pagination -->\r\n\t<h2>\r\n\t\tContattaci per maggiori informazioni !\r\n\t<\/h2>\r\n\t<p>Lorem ipsum dolor sit amet, consetetur sadipscing elitr, sed diam nonumy eirmod tempor invidunt ut labore et dolore magna aliquyam erat, sed diam voluptua.<\/p>\r\n\t<h3>\r\n\t\t<\/h3>\r\n\t\r\n\t\t\r\n <ul><\/ul>\r\n<form action=\"\/?page_id=1138&#038;fl_builder#wpcf7-f172-o1\" method=\"post\" novalidate=\"novalidate\" data-status=\"init\">\r\n<input type=\"hidden\" name=\"_wpcf7\" value=\"172\" \/>\r\n<input type=\"hidden\" name=\"_wpcf7_version\" value=\"5.4.1\" \/>\r\n<input type=\"hidden\" name=\"_wpcf7_locale\" value=\"it_IT\" \/>\r\n<input type=\"hidden\" name=\"_wpcf7_unit_tag\" value=\"wpcf7-f172-o1\" \/>\r\n<input type=\"hidden\" name=\"_wpcf7_container_post\" value=\"0\" \/>\r\n<input type=\"hidden\" name=\"_wpcf7_posted_data_hash\" value=\"\" \/>\r\n      <input type=\"text\" name=\"nome\" value=\"\" size=\"40\" aria-required=\"true\" aria-invalid=\"false\" placeholder=\"Nome e Cognome*\" \/>\r\n      <input type=\"text\" name=\"azienda\" value=\"\" size=\"40\" aria-invalid=\"false\" placeholder=\"Azienda\" \/>\r\n      <input type=\"tel\" name=\"tel\" value=\"\" size=\"40\" aria-invalid=\"false\" placeholder=\"Telefono*\" \/>\r\n      <input type=\"email\" name=\"indirizzo-mail\" value=\"\" size=\"40\" aria-required=\"true\" aria-invalid=\"false\" placeholder=\"Email*\" \/>\r\n      <textarea name=\"messaggio\" cols=\"40\" rows=\"10\" aria-required=\"true\" aria-invalid=\"false\" placeholder=\"Messaggio\"><\/textarea>\r\n      <label><input type=\"checkbox\" name=\"privacy\" value=\"1\" aria-invalid=\"false\" \/><small> Confermo di aver preso visione dell&#8217;informativa sulla <a href=\"#\" title=\"Privacy Policy\">Privacy<\/a>.*<\/small><\/label>\r\n      <input type=\"submit\" value=\"Invia messaggio\" \/>\r\n<\/form>\r\n\r\n","protected":false},"excerpt":{"rendered":"<p>Elettronica BC | Macchine boettatrici Macchine boettatrici Un ciclo produttivo veloce, efficiente e con un numero ridotto di problematiche \u00e8 uno degli elementi che caratterizza un fabbricante di calzature serio e professionale, facendolo apparire agli occhi dei suoi clienti come la scelta migliore sul mercato. Noi di Elettrotecnica B.C. siamo da sessant&#8217;anni al fianco dei [&hellip;]<\/p>\n","protected":false},"author":1,"featured_media":1351,"parent":2991,"menu_order":0,"comment_status":"closed","ping_status":"closed","template":"","meta":{"_acf_changed":false,"inline_featured_image":false,"site-sidebar-layout":"no-sidebar","site-content-layout":"page-builder","ast-site-content-layout":"default","site-content-style":"default","site-sidebar-style":"default","ast-global-header-display":"","ast-banner-title-visibility":"","ast-main-header-display":"","ast-hfb-above-header-display":"","ast-hfb-below-header-display":"","ast-hfb-mobile-header-display":"","site-post-title":"disabled","ast-breadcrumbs-content":"","ast-featured-img":"disabled","footer-sml-layout":"","theme-transparent-header-meta":"default","adv-header-id-meta":"","stick-header-meta":"default","header-above-stick-meta":"","header-main-stick-meta":"","header-below-stick-meta":"","astra-migrate-meta-layouts":"default","ast-page-background-enabled":"default","ast-page-background-meta":{"desktop":{"background-color":"","background-image":"","background-repeat":"repeat","background-position":"center center","background-size":"auto","background-attachment":"scroll","background-type":"","background-media":"","overlay-type":"","overlay-color":"","overlay-opacity":"","overlay-gradient":""},"tablet":{"background-color":"","background-image":"","background-repeat":"repeat","background-position":"center center","background-size":"auto","background-attachment":"scroll","background-type":"","background-media":"","overlay-type":"","overlay-color":"","overlay-opacity":"","overlay-gradient":""},"mobile":{"background-color":"","background-image":"","background-repeat":"repeat","background-position":"center center","background-size":"auto","background-attachment":"scroll","background-type":"","background-media":"","overlay-type":"","overlay-color":"","overlay-opacity":"","overlay-gradient":""}},"ast-content-background-meta":{"desktop":{"background-color":"var(--ast-global-color-5)","background-image":"","background-repeat":"repeat","background-position":"center center","background-size":"auto","background-attachment":"scroll","background-type":"","background-media":"","overlay-type":"","overlay-color":"","overlay-opacity":"","overlay-gradient":""},"tablet":{"background-color":"var(--ast-global-color-5)","background-image":"","background-repeat":"repeat","background-position":"center center","background-size":"auto","background-attachment":"scroll","background-type":"","background-media":"","overlay-type":"","overlay-color":"","overlay-opacity":"","overlay-gradient":""},"mobile":{"background-color":"var(--ast-global-color-5)","background-image":"","background-repeat":"repeat","background-position":"center center","background-size":"auto","background-attachment":"scroll","background-type":"","background-media":"","overlay-type":"","overlay-color":"","overlay-opacity":"","overlay-gradient":""}},"footnotes":""},"tipo-pagine":[63],"categoria-pagine":[86],"class_list":["post-1138","page","type-page","status-publish","has-post-thumbnail","hentry","tipo-pagine-categorie-prodotti","categoria-pagine-macchine"],"acf":[],"yoast_head":"<!-- This site is optimized with the Yoast SEO plugin v26.3 - https:\/\/yoast.com\/wordpress\/plugins\/seo\/ -->\n<title>Macchine boettatrici | ElettrotecnicaBC<\/title>\n<meta name=\"description\" content=\"Elettronica BC | Macchine boettatrici Macchine boettatrici Un ciclo produttivo veloce, efficiente e con un numero ridotto di problematiche \u00e8 uno degli\" \/>\n<meta name=\"robots\" content=\"index, follow, max-snippet:-1, max-image-preview:large, max-video-preview:-1\" \/>\n<link rel=\"canonical\" href=\"https:\/\/elettrotecnicabc.com\/it\/macchine\/macchine-boettatrici\/\" \/>\n<meta property=\"og:locale\" content=\"it_IT\" \/>\n<meta property=\"og:type\" content=\"article\" \/>\n<meta property=\"og:title\" content=\"Macchine boettatrici | ElettrotecnicaBC\" \/>\n<meta property=\"og:description\" content=\"Elettronica BC | Macchine boettatrici Macchine boettatrici Un ciclo produttivo veloce, efficiente e con un numero ridotto di problematiche \u00e8 uno degli\" \/>\n<meta property=\"og:url\" content=\"https:\/\/elettrotecnicabc.com\/it\/macchine\/macchine-boettatrici\/\" \/>\n<meta property=\"og:site_name\" content=\"ElettrotecnicaBC\" \/>\n<meta property=\"article:publisher\" content=\"https:\/\/www.facebook.com\/elettrotecnicabc\/\" \/>\n<meta property=\"article:modified_time\" content=\"2021-07-09T16:54:14+00:00\" \/>\n<meta property=\"og:image\" content=\"https:\/\/elettrotecnicabc.com\/wp-content\/uploads\/2021\/06\/Macchine-boettatrici-888.png\" \/>\n\t<meta property=\"og:image:width\" content=\"250\" \/>\n\t<meta property=\"og:image:height\" content=\"478\" \/>\n\t<meta property=\"og:image:type\" content=\"image\/png\" \/>\n<meta name=\"twitter:card\" content=\"summary_large_image\" \/>\n<script type=\"application\/ld+json\" class=\"yoast-schema-graph\">{\"@context\":\"https:\/\/schema.org\",\"@graph\":[{\"@type\":\"WebPage\",\"@id\":\"https:\/\/elettrotecnicabc.com\/it\/macchine\/macchine-boettatrici\/\",\"url\":\"https:\/\/elettrotecnicabc.com\/it\/macchine\/macchine-boettatrici\/\",\"name\":\"Macchine boettatrici | ElettrotecnicaBC\",\"isPartOf\":{\"@id\":\"https:\/\/elettrotecnicabc.com\/it\/#website\"},\"primaryImageOfPage\":{\"@id\":\"https:\/\/elettrotecnicabc.com\/it\/macchine\/macchine-boettatrici\/#primaryimage\"},\"image\":{\"@id\":\"https:\/\/elettrotecnicabc.com\/it\/macchine\/macchine-boettatrici\/#primaryimage\"},\"thumbnailUrl\":\"https:\/\/elettrotecnicabc.com\/wp-content\/uploads\/2021\/06\/Macchine-boettatrici-888.png\",\"datePublished\":\"2021-06-22T09:03:38+00:00\",\"dateModified\":\"2021-07-09T16:54:14+00:00\",\"description\":\"Elettronica BC | Macchine boettatrici Macchine boettatrici Un ciclo produttivo veloce, efficiente e con un numero ridotto di problematiche \u00e8 uno degli\",\"breadcrumb\":{\"@id\":\"https:\/\/elettrotecnicabc.com\/it\/macchine\/macchine-boettatrici\/#breadcrumb\"},\"inLanguage\":\"it-IT\",\"potentialAction\":[{\"@type\":\"ReadAction\",\"target\":[\"https:\/\/elettrotecnicabc.com\/it\/macchine\/macchine-boettatrici\/\"]}]},{\"@type\":\"ImageObject\",\"inLanguage\":\"it-IT\",\"@id\":\"https:\/\/elettrotecnicabc.com\/it\/macchine\/macchine-boettatrici\/#primaryimage\",\"url\":\"https:\/\/elettrotecnicabc.com\/wp-content\/uploads\/2021\/06\/Macchine-boettatrici-888.png\",\"contentUrl\":\"https:\/\/elettrotecnicabc.com\/wp-content\/uploads\/2021\/06\/Macchine-boettatrici-888.png\",\"width\":250,\"height\":478},{\"@type\":\"BreadcrumbList\",\"@id\":\"https:\/\/elettrotecnicabc.com\/it\/macchine\/macchine-boettatrici\/#breadcrumb\",\"itemListElement\":[{\"@type\":\"ListItem\",\"position\":1,\"name\":\"Elettrotecnica BC\",\"item\":\"https:\/\/elettrotecnicabc.com\/it\/\"},{\"@type\":\"ListItem\",\"position\":2,\"name\":\"Macchine\",\"item\":\"https:\/\/elettrotecnicabc.com\/it\/macchine\/\"},{\"@type\":\"ListItem\",\"position\":3,\"name\":\"Macchine boettatrici\"}]},{\"@type\":\"WebSite\",\"@id\":\"https:\/\/elettrotecnicabc.com\/it\/#website\",\"url\":\"https:\/\/elettrotecnicabc.com\/it\/\",\"name\":\"ElettrotecnicaBC\",\"description\":\"Produttori di macchinari per calzature\",\"publisher\":{\"@id\":\"https:\/\/elettrotecnicabc.com\/it\/#organization\"},\"potentialAction\":[{\"@type\":\"SearchAction\",\"target\":{\"@type\":\"EntryPoint\",\"urlTemplate\":\"https:\/\/elettrotecnicabc.com\/it\/?s={search_term_string}\"},\"query-input\":{\"@type\":\"PropertyValueSpecification\",\"valueRequired\":true,\"valueName\":\"search_term_string\"}}],\"inLanguage\":\"it-IT\"},{\"@type\":\"Organization\",\"@id\":\"https:\/\/elettrotecnicabc.com\/it\/#organization\",\"name\":\"Elettrotecnica BC\",\"url\":\"https:\/\/elettrotecnicabc.com\/it\/\",\"logo\":{\"@type\":\"ImageObject\",\"inLanguage\":\"it-IT\",\"@id\":\"https:\/\/elettrotecnicabc.com\/it\/#\/schema\/logo\/image\/\",\"url\":\"https:\/\/elettrotecnicabc.com\/wp-content\/uploads\/2021\/06\/Logo-trasp-rifinito.png\",\"contentUrl\":\"https:\/\/elettrotecnicabc.com\/wp-content\/uploads\/2021\/06\/Logo-trasp-rifinito.png\",\"width\":460,\"height\":365,\"caption\":\"Elettrotecnica BC\"},\"image\":{\"@id\":\"https:\/\/elettrotecnicabc.com\/it\/#\/schema\/logo\/image\/\"},\"sameAs\":[\"https:\/\/www.facebook.com\/elettrotecnicabc\/\",\"https:\/\/www.instagram.com\/elettrotecnica_bc\/\",\"https:\/\/www.linkedin.com\/company\/elettrotecnicabc\/\",\"https:\/\/www.youtube.com\/user\/ElettrotecnicaBC\/videos\"]}]}<\/script>\n<!-- \/ Yoast SEO plugin. -->","yoast_head_json":{"title":"Macchine boettatrici | ElettrotecnicaBC","description":"Elettronica BC | Macchine boettatrici Macchine boettatrici Un ciclo produttivo veloce, efficiente e con un numero ridotto di problematiche \u00e8 uno degli","robots":{"index":"index","follow":"follow","max-snippet":"max-snippet:-1","max-image-preview":"max-image-preview:large","max-video-preview":"max-video-preview:-1"},"canonical":"https:\/\/elettrotecnicabc.com\/it\/macchine\/macchine-boettatrici\/","og_locale":"it_IT","og_type":"article","og_title":"Macchine boettatrici | ElettrotecnicaBC","og_description":"Elettronica BC | Macchine boettatrici Macchine boettatrici Un ciclo produttivo veloce, efficiente e con un numero ridotto di problematiche \u00e8 uno degli","og_url":"https:\/\/elettrotecnicabc.com\/it\/macchine\/macchine-boettatrici\/","og_site_name":"ElettrotecnicaBC","article_publisher":"https:\/\/www.facebook.com\/elettrotecnicabc\/","article_modified_time":"2021-07-09T16:54:14+00:00","og_image":[{"width":250,"height":478,"url":"https:\/\/elettrotecnicabc.com\/wp-content\/uploads\/2021\/06\/Macchine-boettatrici-888.png","type":"image\/png"}],"twitter_card":"summary_large_image","schema":{"@context":"https:\/\/schema.org","@graph":[{"@type":"WebPage","@id":"https:\/\/elettrotecnicabc.com\/it\/macchine\/macchine-boettatrici\/","url":"https:\/\/elettrotecnicabc.com\/it\/macchine\/macchine-boettatrici\/","name":"Macchine boettatrici | ElettrotecnicaBC","isPartOf":{"@id":"https:\/\/elettrotecnicabc.com\/it\/#website"},"primaryImageOfPage":{"@id":"https:\/\/elettrotecnicabc.com\/it\/macchine\/macchine-boettatrici\/#primaryimage"},"image":{"@id":"https:\/\/elettrotecnicabc.com\/it\/macchine\/macchine-boettatrici\/#primaryimage"},"thumbnailUrl":"https:\/\/elettrotecnicabc.com\/wp-content\/uploads\/2021\/06\/Macchine-boettatrici-888.png","datePublished":"2021-06-22T09:03:38+00:00","dateModified":"2021-07-09T16:54:14+00:00","description":"Elettronica BC | Macchine boettatrici Macchine boettatrici Un ciclo produttivo veloce, efficiente e con un numero ridotto di problematiche \u00e8 uno degli","breadcrumb":{"@id":"https:\/\/elettrotecnicabc.com\/it\/macchine\/macchine-boettatrici\/#breadcrumb"},"inLanguage":"it-IT","potentialAction":[{"@type":"ReadAction","target":["https:\/\/elettrotecnicabc.com\/it\/macchine\/macchine-boettatrici\/"]}]},{"@type":"ImageObject","inLanguage":"it-IT","@id":"https:\/\/elettrotecnicabc.com\/it\/macchine\/macchine-boettatrici\/#primaryimage","url":"https:\/\/elettrotecnicabc.com\/wp-content\/uploads\/2021\/06\/Macchine-boettatrici-888.png","contentUrl":"https:\/\/elettrotecnicabc.com\/wp-content\/uploads\/2021\/06\/Macchine-boettatrici-888.png","width":250,"height":478},{"@type":"BreadcrumbList","@id":"https:\/\/elettrotecnicabc.com\/it\/macchine\/macchine-boettatrici\/#breadcrumb","itemListElement":[{"@type":"ListItem","position":1,"name":"Elettrotecnica BC","item":"https:\/\/elettrotecnicabc.com\/it\/"},{"@type":"ListItem","position":2,"name":"Macchine","item":"https:\/\/elettrotecnicabc.com\/it\/macchine\/"},{"@type":"ListItem","position":3,"name":"Macchine boettatrici"}]},{"@type":"WebSite","@id":"https:\/\/elettrotecnicabc.com\/it\/#website","url":"https:\/\/elettrotecnicabc.com\/it\/","name":"ElettrotecnicaBC","description":"Produttori di macchinari per calzature","publisher":{"@id":"https:\/\/elettrotecnicabc.com\/it\/#organization"},"potentialAction":[{"@type":"SearchAction","target":{"@type":"EntryPoint","urlTemplate":"https:\/\/elettrotecnicabc.com\/it\/?s={search_term_string}"},"query-input":{"@type":"PropertyValueSpecification","valueRequired":true,"valueName":"search_term_string"}}],"inLanguage":"it-IT"},{"@type":"Organization","@id":"https:\/\/elettrotecnicabc.com\/it\/#organization","name":"Elettrotecnica BC","url":"https:\/\/elettrotecnicabc.com\/it\/","logo":{"@type":"ImageObject","inLanguage":"it-IT","@id":"https:\/\/elettrotecnicabc.com\/it\/#\/schema\/logo\/image\/","url":"https:\/\/elettrotecnicabc.com\/wp-content\/uploads\/2021\/06\/Logo-trasp-rifinito.png","contentUrl":"https:\/\/elettrotecnicabc.com\/wp-content\/uploads\/2021\/06\/Logo-trasp-rifinito.png","width":460,"height":365,"caption":"Elettrotecnica BC"},"image":{"@id":"https:\/\/elettrotecnicabc.com\/it\/#\/schema\/logo\/image\/"},"sameAs":["https:\/\/www.facebook.com\/elettrotecnicabc\/","https:\/\/www.instagram.com\/elettrotecnica_bc\/","https:\/\/www.linkedin.com\/company\/elettrotecnicabc\/","https:\/\/www.youtube.com\/user\/ElettrotecnicaBC\/videos"]}]}},"_links":{"self":[{"href":"https:\/\/elettrotecnicabc.com\/it\/wp-json\/wp\/v2\/pages\/1138","targetHints":{"allow":["GET"]}}],"collection":[{"href":"https:\/\/elettrotecnicabc.com\/it\/wp-json\/wp\/v2\/pages"}],"about":[{"href":"https:\/\/elettrotecnicabc.com\/it\/wp-json\/wp\/v2\/types\/page"}],"author":[{"embeddable":true,"href":"https:\/\/elettrotecnicabc.com\/it\/wp-json\/wp\/v2\/users\/1"}],"replies":[{"embeddable":true,"href":"https:\/\/elettrotecnicabc.com\/it\/wp-json\/wp\/v2\/comments?post=1138"}],"version-history":[{"count":0,"href":"https:\/\/elettrotecnicabc.com\/it\/wp-json\/wp\/v2\/pages\/1138\/revisions"}],"up":[{"embeddable":true,"href":"https:\/\/elettrotecnicabc.com\/it\/wp-json\/wp\/v2\/pages\/2991"}],"wp:featuredmedia":[{"embeddable":true,"href":"https:\/\/elettrotecnicabc.com\/it\/wp-json\/wp\/v2\/media\/1351"}],"wp:attachment":[{"href":"https:\/\/elettrotecnicabc.com\/it\/wp-json\/wp\/v2\/media?parent=1138"}],"wp:term":[{"taxonomy":"tipo-pagine","embeddable":true,"href":"https:\/\/elettrotecnicabc.com\/it\/wp-json\/wp\/v2\/tipo-pagine?post=1138"},{"taxonomy":"categoria-pagine","embeddable":true,"href":"https:\/\/elettrotecnicabc.com\/it\/wp-json\/wp\/v2\/categoria-pagine?post=1138"}],"curies":[{"name":"wp","href":"https:\/\/api.w.org\/{rel}","templated":true}]}}