{"id":1123,"date":"2021-06-22T10:54:12","date_gmt":"2021-06-22T08:54:12","guid":{"rendered":"https:\/\/elettrotecnicabc.com\/wp\/?page_id=1123"},"modified":"2021-07-09T18:54:15","modified_gmt":"2021-07-09T16:54:15","slug":"macchine-garbatomaie-sigma","status":"publish","type":"page","link":"https:\/\/elettrotecnicabc.com\/it\/macchine\/macchine-garbatomaie-sigma\/","title":{"rendered":"Macchine garbatomaie SIGMA"},"content":{"rendered":"\r\n\r\n\t<a href=\"https:\/\/elettrotecnicabc.com\/wp\/\">Elettronica BC<\/a> | Macchine garbatomaie SIGMA<h1>\r\n\t\tMacchine garbatomaie SIGMA\r\n\t<\/h1>\r\n\t<p>Quando un cliente cerca una tecnologia per dare la forma desiderata alle tomaie, non c&#8217;\u00e8 bisogno di molte presentazioni o domande: la garbatomaie SIGMA \u00e8 uno dei biglietti da visita pi\u00f9 illustri della nostra attivit\u00e0, una macchina storica, <strong>conosciuta e apprezzata dai produttori di tutto il mondo fin dal 1950<\/strong>.<\/p>\r\n<p>Quali sono le caratteristiche che rendono cos\u00ec speciali i modelli appartenenti a questa categoria di macchine? Innanzitutto, li abbiamo progettati per poter lavorare comodamente su diverse lunghezze: standard, corta speciale, lunga standard e lunga speciale per stivali. La combinazione tra l&#8217;azione meccanica e l&#8217;effetto del calore \u00e8 in grado di deformare le fibre del materiale utilizzato in lavorazione per la tomaia e di renderle stabili nella nuova posizione assunta. In questo modo, il processo di fissaggio della tomaia sulla forma nel momento del montaggio della calzatura diventa <strong>estremamente pi\u00f9 agevole e semplificato<\/strong>.<\/p>\r\n<p>Puoi scoprire tutti i modelli di garbatomaie SIGMA sul nostro catalogo!<\/p>\r\n\t\t\t\t<img decoding=\"async\" src=\"https:\/\/elettrotecnicabc.com\/wp-content\/plugins\/bb-plugin\/img\/pixel.png\" alt=\"\" itemprop=\"image\" onerror=\"this.style.display='none'\"  \/>\r\n\t\t<h3>Contattaci per saperne di pi\u00f9!<\/h3>\r\n\t\t<p>Lorem ipsum dolor sit amet, consectetur adipiscing elit.<\/p>\r\n\t\t\t<a href=\"#cta-moduli\" target=\"_self\" role=\"button\" rel=\"noopener\">\r\n\t\t\t\t\t\t\tCONTATTACI\r\n\t\t\t\t\t<\/a>\r\n<h3>\r\n\t\tModelli\r\n\t<\/h3>\r\n\t\t\t\t\t\t\t\tMod 163\r\n<h4>Garbatomaie con piastra in alluminio corta standard n\u00b0 44<\/h4>\r\n<img decoding=\"async\" src=\"https:\/\/elettrotecnicabc.com\/wp-content\/uploads\/2021\/06\/Raggruppa-168.png\" alt=\"Linea Top\" \/>\r\n<img decoding=\"async\" src=\"https:\/\/elettrotecnicabc.com\/wp-content\/uploads\/2021\/06\/Macchine-garbatomaie-SIGMA-163.png\" alt=\"Macchine garbatomaie SIGMA 163\" \/>\r\nMediante la combinazione dell&#8217;azione meccanica e del calore, deforma le fibre del materiale in lavorazione e le stabilizza in modo permanente nella posizione assunta. Le parti trattate rimangono cos\u00ec modellate rendendo estremamente pi\u00f9 agevole il fissaggio della tomaia sulla forma al momento del montaggio.\r\n<table>\r\n   <thead>\r\n      <tr><th colspan=\"2\">Dati tecnici<\/th><\/tr>\r\n   <\/thead>\r\n   <tbody>\r\n      <tr>\r\n      <td>Potenza Elettrica:<\/td>\r\n      <td> 3 Kw<\/td>\r\n      <\/tr>\r\n      <tr>\r\n      <td>Consumo Aria: <\/td>\r\n      <td>2,2 Lt\/Min<\/td>\r\n      <\/tr>\r\n      <tr>\r\n      <td>Dimensioni: <\/td>\r\n      <td>105 X 80 X 150<\/td>\r\n      <\/tr>\r\n      <tr>\r\n      <td>Peso Netto: <\/td>\r\n      <td>Kg 325<\/td>\r\n      <\/tr>\r\n      <tr>\r\n      <td>Peso Lordo Con Gabbia: <\/td>\r\n      <td>390 Kg<\/td>\r\n      <\/tr>\r\n      <tr>\r\n      <td>Peso Lordo In Cassa:<\/td>\r\n      <td> Kg. 440<\/td>\r\n      <\/tr>\r\n   <\/tbody>\r\n<\/table>\r\n\t\t\t\t\t\t\t\tMod 163 CS\r\n<h4>Garbatomaie con piastra in alluminio corta speciale<\/h4>\r\n<img decoding=\"async\" src=\"https:\/\/elettrotecnicabc.com\/wp-content\/uploads\/2021\/06\/Raggruppa-168.png\" alt=\"Linea Top\" \/>\r\n<img decoding=\"async\" src=\"https:\/\/elettrotecnicabc.com\/wp-content\/uploads\/2021\/06\/Macchine-garbatomaie-SIGMA-163-CS.png\" alt=\"Macchine garbatomaie SIGMA 163 CS\" \/>\r\n<table>\r\n   <thead>\r\n      <tr><th colspan=\"2\">Dati tecnici<\/th><\/tr>\r\n   <\/thead>\r\n   <tbody>\r\n      <tr>\r\n      <td>Potenza Elettrica: <\/td>\r\n      <td>3,2 Kw<\/td>\r\n      <\/tr>\r\n      <tr>\r\n      <td>Consumo Aria: <\/td>\r\n      <td>2,2 Lt\/Min<\/td>\r\n      <\/tr>\r\n      <tr>\r\n      <td>Dimensioni: <\/td>\r\n      <td>105 X 100 X 150<\/td>\r\n      <\/tr>\r\n      <tr>\r\n      <td>Peso Netto: <\/td>\r\n      <td>Kg 335<\/td>\r\n      <\/tr>\r\n      <tr>\r\n      <td>Peso Lordo Con Gabbia: <\/td>\r\n      <td>400 Kg<\/td>\r\n      <\/tr>\r\n      <tr>\r\n      <td>Peso Lordo In Cassa:<\/td>\r\n      <td>Kg. 450<\/td>\r\n      <\/tr>\r\n   <\/tbody>\r\n<\/table>\r\n\t\t\t\t\t\t\t\tMod 163 \/ S\r\n<h4>Garbatomaie con piastra in alluminio lunga standard (n\u00b0 29 o n\u00b0 44) per stivali<\/h4>\r\n<img decoding=\"async\" src=\"https:\/\/elettrotecnicabc.com\/wp-content\/uploads\/2021\/06\/Raggruppa-168.png\" alt=\"Linea Top\" \/>\r\n<img decoding=\"async\" src=\"https:\/\/elettrotecnicabc.com\/wp-content\/uploads\/2021\/06\/Macchine-garbatomaie-SIGMA-163-S.png\" alt=\"Macchine garbatomaie SIGMA 163 S\" \/>\r\nPer la lavorazione di stivali e sabots,  la stessa macchina ma equipaggiata con attrezzature aventi forme e dimensioni tali da permettere la perfetta cambiatura di tomaie grandi in un sol pezzo\r\n<table>\r\n   <thead>\r\n      <tr><th colspan=\"2\">Dati tecnici<\/th><\/tr>\r\n   <\/thead>\r\n   <tbody>\r\n      <tr>\r\n      <td>Potenza Elettrica: <\/td>\r\n      <td>3 Kw<\/td>\r\n      <\/tr>\r\n      <tr>\r\n      <td>Consumo Aria: <\/td>\r\n      <td>2,2 Lt\/Min<\/td>\r\n      <\/tr>\r\n      <tr>\r\n      <td>Dimensioni: <\/td>\r\n      <td>105 X 80 X 150<\/td>\r\n      <\/tr>\r\n      <tr>\r\n      <td>Peso Netto: <\/td>\r\n      <td>Kg 325<\/td>\r\n      <\/tr>\r\n      <tr>\r\n      <td>Peso Lordo Con Gabbia: <\/td>\r\n      <td>390 Kg<\/td>\r\n      <\/tr>\r\n      <tr>\r\n      <td>Peso Lordo In Cassa  <\/td>\r\n      <td>Kg. 440<\/td>\r\n      <\/tr>\r\n   <\/tbody>\r\n<\/table>\r\n\t\t\t\t\t\t\t\tMod 163 \/ S LS\r\n<h4>Garbatomaie con piastra in alluminio lunga speciale per stivali<\/h4>\r\n<img decoding=\"async\" src=\"https:\/\/elettrotecnicabc.com\/wp-content\/uploads\/2021\/06\/Raggruppa-168.png\" alt=\"Linea Top\" \/>\r\n<img decoding=\"async\" src=\"https:\/\/elettrotecnicabc.com\/wp-content\/uploads\/2021\/06\/Macchine-garbatomaie-SIGMA-163-S-LS.png\" alt=\"Macchine garbatomaie SIGMA 163 S LS\" \/>\r\n<table>\r\n   <thead>\r\n      <tr><th colspan=\"2\">Dati tecnici<\/th><\/tr>\r\n   <\/thead>\r\n   <tbody>\r\n      <tr>\r\n      <td>Potenza Elettrica: <\/td>\r\n      <td>3 Kw<\/td>\r\n      <\/tr>\r\n      <tr>\r\n      <td>Consumo Aria: <\/td>\r\n      <td>2,2 Lt\/Min<\/td>\r\n      <\/tr>\r\n      <tr>\r\n      <td>Dimensioni: <\/td>\r\n      <td>105 X 80 X 150<\/td>\r\n      <\/tr>\r\n      <tr>\r\n      <td>Peso Netto: <\/td>\r\n      <td>Kg 325<\/td>\r\n      <\/tr>\r\n      <tr>\r\n      <td>Peso Lordo Con Gabbia: <\/td>\r\n      <td>390 Kg<\/td>\r\n      <\/tr>\r\n      <tr>\r\n      <td>Peso Lordo In Cassa  <\/td>\r\n      <td>Kg. 440<\/td>\r\n      <\/tr>\r\n   <\/tbody>\r\n<\/table>\r\n\t\t\t\t\t\t\t\tMod 163 \/ S TS\r\n<h4>Macchina per cambrare la parte anteriore delle tomaie.<\/h4>\r\n<img decoding=\"async\" src=\"https:\/\/elettrotecnicabc.com\/wp-content\/uploads\/2021\/06\/Raggruppa-168.png\" alt=\"Linea Top\" \/>\r\n<img decoding=\"async\" src=\"https:\/\/elettrotecnicabc.com\/wp-content\/uploads\/2021\/06\/Macchine-garbatomaie-SIGMA-Mod-163S-TS.png\" alt=\"Macchine garbatomaie SIGMA Mod 163S TS\" \/>\r\nMediante la combinazione dell&#8217;azione meccanica e del calore, deforma la fibre del materiale in lavorazione e le stabilizza in modo permanente nella posizione assunta.\r\nLe parti trattate rimangono cosi modellate  rendendo estremamente pi\u00f9 agevole il tiraggio della tomaia sulla forma al momento del montaggio.\r\n<table>\r\n   <thead>\r\n      <tr><th colspan=\"2\">Dati tecnici<\/th><\/tr>\r\n   <\/thead>\r\n   <tbody>\r\n      <tr>\r\n      <td>Dimensioni:<\/td>\r\n      <td>Cm. 100 X 75 X 162 |Cm. 126 X 75 X 162 (Con Tavolini)<\/td>\r\n      <\/tr>\r\n      <tr>\r\n      <td>Peso netto:<\/td>\r\n      <td>Kg 325<\/td>\r\n      <\/tr>\r\n      <tr>\r\n      <td>Consumo Aria:<\/td>\r\n      <td> 2,2 Lt\/Min<\/td>\r\n      <\/tr>\r\n      <tr>\r\n      <td>Potenza Elettrica: <\/td>\r\n      <td>2,2 Kw<\/td>\r\n      <\/tr>\r\n   <\/tbody>\r\n<\/table>\r\n\t\t\t\t\t\t\t\tMod 163 \/ SL TS\r\n<h4>Macchina per cambrare la parte anteriore delle tomaie programmata<\/h4>\r\n<img decoding=\"async\" src=\"https:\/\/elettrotecnicabc.com\/wp-content\/uploads\/2021\/06\/Raggruppa-168.png\" alt=\"Linea Top\" \/>\r\n<img decoding=\"async\" src=\"https:\/\/elettrotecnicabc.com\/wp-content\/uploads\/2021\/06\/Macchine-garbatomaie-SIGMA-Mod-163SL-TS.png\" alt=\"Macchine garbatomaie SIGMA Mod 163SL TS\" \/>\r\nMediante la combinazione dell&#8217;azione meccanica e del calore, deforma le fibre del materiale in lavorazione e le stabilizza in modo permanente nella posizione assunta.\r\nLe parti trattate rimangono cos\u00ec modellate rendendo estremamente pi\u00f9 agevole il tiraggio della tomaia sulla forma al momento del montaggio.\r\n<table>\r\n   <thead>\r\n      <tr><th colspan=\"2\">Dati tecnici<\/th><\/tr>\r\n   <\/thead>\r\n   <tbody>\r\n      <tr>\r\n      <td>Dimensioni:<\/td>\r\n      <td>Cm. 100 X 75 X 162 |Cm. 126 X 75 X 162 (Con Tavolini)<\/td>\r\n      <\/tr>\r\n      <tr>\r\n      <td>Peso netto:<\/td>\r\n      <td>Kg 325<\/td>\r\n      <\/tr>\r\n      <tr>\r\n      <td>Consumo Aria:<\/td>\r\n      <td> 2,2 Lt\/Min<\/td>\r\n      <\/tr>\r\n      <tr>\r\n      <td>Potenza Elettrica: <\/td>\r\n      <td>2,2 Kw<\/td>\r\n      <\/tr>\r\n   <\/tbody>\r\n<\/table>\r\n<h4>\r\n\t\tGALLERIA FOTO\r\n\t<\/h4>\r\n\t\t\t\t\t\t\t\t<!-- navigation arrows -->\r\n\t\t\t<button aria-label=\"Previous slide\" role=\"button\" tabindex=\"0\">\r\n\t\t\t<\/button>\r\n\t\t\t<button aria-label=\"Next slide\" role=\"button\" tabindex=\"0\">\r\n\t\t\t<\/button>\r\n\t\t\t\t\t\t<!-- pagination -->\r\n\t<h2>\r\n\t\tContattaci per maggiori informazioni !\r\n\t<\/h2>\r\n\t<p>Lorem ipsum dolor sit amet, consetetur sadipscing elitr, sed diam nonumy eirmod tempor invidunt ut labore et dolore magna aliquyam erat, sed diam voluptua.<\/p>\r\n\t<h3>\r\n\t\t<\/h3>\r\n\t\r\n\t\t\r\n <ul><\/ul>\r\n<form action=\"\/?page_id=1123&#038;fl_builder#wpcf7-f172-o1\" method=\"post\" novalidate=\"novalidate\" data-status=\"init\">\r\n<input type=\"hidden\" name=\"_wpcf7\" value=\"172\" \/>\r\n<input type=\"hidden\" name=\"_wpcf7_version\" value=\"5.4.1\" \/>\r\n<input type=\"hidden\" name=\"_wpcf7_locale\" value=\"it_IT\" \/>\r\n<input type=\"hidden\" name=\"_wpcf7_unit_tag\" value=\"wpcf7-f172-o1\" \/>\r\n<input type=\"hidden\" name=\"_wpcf7_container_post\" value=\"0\" \/>\r\n<input type=\"hidden\" name=\"_wpcf7_posted_data_hash\" value=\"\" \/>\r\n      <input type=\"text\" name=\"nome\" value=\"\" size=\"40\" aria-required=\"true\" aria-invalid=\"false\" placeholder=\"Nome e Cognome*\" \/>\r\n      <input type=\"text\" name=\"azienda\" value=\"\" size=\"40\" aria-invalid=\"false\" placeholder=\"Azienda\" \/>\r\n      <input type=\"tel\" name=\"tel\" value=\"\" size=\"40\" aria-invalid=\"false\" placeholder=\"Telefono*\" \/>\r\n      <input type=\"email\" name=\"indirizzo-mail\" value=\"\" size=\"40\" aria-required=\"true\" aria-invalid=\"false\" placeholder=\"Email*\" \/>\r\n      <textarea name=\"messaggio\" cols=\"40\" rows=\"10\" aria-required=\"true\" aria-invalid=\"false\" placeholder=\"Messaggio\"><\/textarea>\r\n      <label><input type=\"checkbox\" name=\"privacy\" value=\"1\" aria-invalid=\"false\" \/><small> Confermo di aver preso visione dell&#8217;informativa sulla <a href=\"#\" title=\"Privacy Policy\">Privacy<\/a>.*<\/small><\/label>\r\n      <input type=\"submit\" value=\"Invia messaggio\" \/>\r\n<\/form>\r\n\r\n","protected":false},"excerpt":{"rendered":"<p>Elettronica BC | Macchine garbatomaie SIGMA Macchine garbatomaie SIGMA Quando un cliente cerca una tecnologia per dare la forma desiderata alle tomaie, non c&#8217;\u00e8 bisogno di molte presentazioni o domande: la garbatomaie SIGMA \u00e8 uno dei biglietti da visita pi\u00f9 illustri della nostra attivit\u00e0, una macchina storica, conosciuta e apprezzata dai produttori di tutto il [&hellip;]<\/p>\n","protected":false},"author":1,"featured_media":1367,"parent":2991,"menu_order":0,"comment_status":"closed","ping_status":"closed","template":"","meta":{"_acf_changed":false,"inline_featured_image":false,"site-sidebar-layout":"no-sidebar","site-content-layout":"page-builder","ast-site-content-layout":"default","site-content-style":"default","site-sidebar-style":"default","ast-global-header-display":"","ast-banner-title-visibility":"","ast-main-header-display":"","ast-hfb-above-header-display":"","ast-hfb-below-header-display":"","ast-hfb-mobile-header-display":"","site-post-title":"disabled","ast-breadcrumbs-content":"","ast-featured-img":"disabled","footer-sml-layout":"","theme-transparent-header-meta":"default","adv-header-id-meta":"","stick-header-meta":"default","header-above-stick-meta":"","header-main-stick-meta":"","header-below-stick-meta":"","astra-migrate-meta-layouts":"default","ast-page-background-enabled":"default","ast-page-background-meta":{"desktop":{"background-color":"","background-image":"","background-repeat":"repeat","background-position":"center center","background-size":"auto","background-attachment":"scroll","background-type":"","background-media":"","overlay-type":"","overlay-color":"","overlay-opacity":"","overlay-gradient":""},"tablet":{"background-color":"","background-image":"","background-repeat":"repeat","background-position":"center center","background-size":"auto","background-attachment":"scroll","background-type":"","background-media":"","overlay-type":"","overlay-color":"","overlay-opacity":"","overlay-gradient":""},"mobile":{"background-color":"","background-image":"","background-repeat":"repeat","background-position":"center center","background-size":"auto","background-attachment":"scroll","background-type":"","background-media":"","overlay-type":"","overlay-color":"","overlay-opacity":"","overlay-gradient":""}},"ast-content-background-meta":{"desktop":{"background-color":"var(--ast-global-color-5)","background-image":"","background-repeat":"repeat","background-position":"center center","background-size":"auto","background-attachment":"scroll","background-type":"","background-media":"","overlay-type":"","overlay-color":"","overlay-opacity":"","overlay-gradient":""},"tablet":{"background-color":"var(--ast-global-color-5)","background-image":"","background-repeat":"repeat","background-position":"center center","background-size":"auto","background-attachment":"scroll","background-type":"","background-media":"","overlay-type":"","overlay-color":"","overlay-opacity":"","overlay-gradient":""},"mobile":{"background-color":"var(--ast-global-color-5)","background-image":"","background-repeat":"repeat","background-position":"center center","background-size":"auto","background-attachment":"scroll","background-type":"","background-media":"","overlay-type":"","overlay-color":"","overlay-opacity":"","overlay-gradient":""}},"footnotes":""},"tipo-pagine":[63],"categoria-pagine":[86],"class_list":["post-1123","page","type-page","status-publish","has-post-thumbnail","hentry","tipo-pagine-categorie-prodotti","categoria-pagine-macchine"],"acf":[],"yoast_head":"<!-- This site is optimized with the Yoast SEO plugin v26.3 - https:\/\/yoast.com\/wordpress\/plugins\/seo\/ -->\n<title>Macchine garbatomaie SIGMA | ElettrotecnicaBC<\/title>\n<meta name=\"description\" content=\"Elettronica BC | Macchine garbatomaie SIGMA Macchine garbatomaie SIGMA Quando un cliente cerca una tecnologia per dare la forma desiderata alle tomaie,\" \/>\n<meta name=\"robots\" content=\"index, follow, max-snippet:-1, max-image-preview:large, max-video-preview:-1\" \/>\n<link rel=\"canonical\" href=\"https:\/\/elettrotecnicabc.com\/it\/macchine\/macchine-garbatomaie-sigma\/\" \/>\n<meta property=\"og:locale\" content=\"it_IT\" \/>\n<meta property=\"og:type\" content=\"article\" \/>\n<meta property=\"og:title\" content=\"Macchine garbatomaie SIGMA | ElettrotecnicaBC\" \/>\n<meta property=\"og:description\" content=\"Elettronica BC | Macchine garbatomaie SIGMA Macchine garbatomaie SIGMA Quando un cliente cerca una tecnologia per dare la forma desiderata alle tomaie,\" \/>\n<meta property=\"og:url\" content=\"https:\/\/elettrotecnicabc.com\/it\/macchine\/macchine-garbatomaie-sigma\/\" \/>\n<meta property=\"og:site_name\" content=\"ElettrotecnicaBC\" \/>\n<meta property=\"article:publisher\" content=\"https:\/\/www.facebook.com\/elettrotecnicabc\/\" \/>\n<meta property=\"article:modified_time\" content=\"2021-07-09T16:54:15+00:00\" \/>\n<meta property=\"og:image\" content=\"https:\/\/elettrotecnicabc.com\/wp-content\/uploads\/2021\/06\/Macchine-garbatomaie-SIGMA-Mod-163S-TS.png\" \/>\n\t<meta property=\"og:image:width\" content=\"302\" \/>\n\t<meta property=\"og:image:height\" content=\"525\" \/>\n\t<meta property=\"og:image:type\" content=\"image\/png\" \/>\n<meta name=\"twitter:card\" content=\"summary_large_image\" \/>\n<script type=\"application\/ld+json\" class=\"yoast-schema-graph\">{\"@context\":\"https:\/\/schema.org\",\"@graph\":[{\"@type\":\"WebPage\",\"@id\":\"https:\/\/elettrotecnicabc.com\/it\/macchine\/macchine-garbatomaie-sigma\/\",\"url\":\"https:\/\/elettrotecnicabc.com\/it\/macchine\/macchine-garbatomaie-sigma\/\",\"name\":\"Macchine garbatomaie SIGMA | ElettrotecnicaBC\",\"isPartOf\":{\"@id\":\"https:\/\/elettrotecnicabc.com\/it\/#website\"},\"primaryImageOfPage\":{\"@id\":\"https:\/\/elettrotecnicabc.com\/it\/macchine\/macchine-garbatomaie-sigma\/#primaryimage\"},\"image\":{\"@id\":\"https:\/\/elettrotecnicabc.com\/it\/macchine\/macchine-garbatomaie-sigma\/#primaryimage\"},\"thumbnailUrl\":\"https:\/\/elettrotecnicabc.com\/wp-content\/uploads\/2021\/06\/Macchine-garbatomaie-SIGMA-Mod-163S-TS.png\",\"datePublished\":\"2021-06-22T08:54:12+00:00\",\"dateModified\":\"2021-07-09T16:54:15+00:00\",\"description\":\"Elettronica BC | Macchine garbatomaie SIGMA Macchine garbatomaie SIGMA Quando un cliente cerca una tecnologia per dare la forma desiderata alle tomaie,\",\"breadcrumb\":{\"@id\":\"https:\/\/elettrotecnicabc.com\/it\/macchine\/macchine-garbatomaie-sigma\/#breadcrumb\"},\"inLanguage\":\"it-IT\",\"potentialAction\":[{\"@type\":\"ReadAction\",\"target\":[\"https:\/\/elettrotecnicabc.com\/it\/macchine\/macchine-garbatomaie-sigma\/\"]}]},{\"@type\":\"ImageObject\",\"inLanguage\":\"it-IT\",\"@id\":\"https:\/\/elettrotecnicabc.com\/it\/macchine\/macchine-garbatomaie-sigma\/#primaryimage\",\"url\":\"https:\/\/elettrotecnicabc.com\/wp-content\/uploads\/2021\/06\/Macchine-garbatomaie-SIGMA-Mod-163S-TS.png\",\"contentUrl\":\"https:\/\/elettrotecnicabc.com\/wp-content\/uploads\/2021\/06\/Macchine-garbatomaie-SIGMA-Mod-163S-TS.png\",\"width\":302,\"height\":525},{\"@type\":\"BreadcrumbList\",\"@id\":\"https:\/\/elettrotecnicabc.com\/it\/macchine\/macchine-garbatomaie-sigma\/#breadcrumb\",\"itemListElement\":[{\"@type\":\"ListItem\",\"position\":1,\"name\":\"Elettrotecnica BC\",\"item\":\"https:\/\/elettrotecnicabc.com\/it\/\"},{\"@type\":\"ListItem\",\"position\":2,\"name\":\"Macchine\",\"item\":\"https:\/\/elettrotecnicabc.com\/it\/macchine\/\"},{\"@type\":\"ListItem\",\"position\":3,\"name\":\"Macchine garbatomaie SIGMA\"}]},{\"@type\":\"WebSite\",\"@id\":\"https:\/\/elettrotecnicabc.com\/it\/#website\",\"url\":\"https:\/\/elettrotecnicabc.com\/it\/\",\"name\":\"ElettrotecnicaBC\",\"description\":\"Produttori di macchinari per calzature\",\"publisher\":{\"@id\":\"https:\/\/elettrotecnicabc.com\/it\/#organization\"},\"potentialAction\":[{\"@type\":\"SearchAction\",\"target\":{\"@type\":\"EntryPoint\",\"urlTemplate\":\"https:\/\/elettrotecnicabc.com\/it\/?s={search_term_string}\"},\"query-input\":{\"@type\":\"PropertyValueSpecification\",\"valueRequired\":true,\"valueName\":\"search_term_string\"}}],\"inLanguage\":\"it-IT\"},{\"@type\":\"Organization\",\"@id\":\"https:\/\/elettrotecnicabc.com\/it\/#organization\",\"name\":\"Elettrotecnica BC\",\"url\":\"https:\/\/elettrotecnicabc.com\/it\/\",\"logo\":{\"@type\":\"ImageObject\",\"inLanguage\":\"it-IT\",\"@id\":\"https:\/\/elettrotecnicabc.com\/it\/#\/schema\/logo\/image\/\",\"url\":\"https:\/\/elettrotecnicabc.com\/wp-content\/uploads\/2021\/06\/Logo-trasp-rifinito.png\",\"contentUrl\":\"https:\/\/elettrotecnicabc.com\/wp-content\/uploads\/2021\/06\/Logo-trasp-rifinito.png\",\"width\":460,\"height\":365,\"caption\":\"Elettrotecnica BC\"},\"image\":{\"@id\":\"https:\/\/elettrotecnicabc.com\/it\/#\/schema\/logo\/image\/\"},\"sameAs\":[\"https:\/\/www.facebook.com\/elettrotecnicabc\/\",\"https:\/\/www.instagram.com\/elettrotecnica_bc\/\",\"https:\/\/www.linkedin.com\/company\/elettrotecnicabc\/\",\"https:\/\/www.youtube.com\/user\/ElettrotecnicaBC\/videos\"]}]}<\/script>\n<!-- \/ Yoast SEO plugin. -->","yoast_head_json":{"title":"Macchine garbatomaie SIGMA | ElettrotecnicaBC","description":"Elettronica BC | Macchine garbatomaie SIGMA Macchine garbatomaie SIGMA Quando un cliente cerca una tecnologia per dare la forma desiderata alle tomaie,","robots":{"index":"index","follow":"follow","max-snippet":"max-snippet:-1","max-image-preview":"max-image-preview:large","max-video-preview":"max-video-preview:-1"},"canonical":"https:\/\/elettrotecnicabc.com\/it\/macchine\/macchine-garbatomaie-sigma\/","og_locale":"it_IT","og_type":"article","og_title":"Macchine garbatomaie SIGMA | ElettrotecnicaBC","og_description":"Elettronica BC | Macchine garbatomaie SIGMA Macchine garbatomaie SIGMA Quando un cliente cerca una tecnologia per dare la forma desiderata alle tomaie,","og_url":"https:\/\/elettrotecnicabc.com\/it\/macchine\/macchine-garbatomaie-sigma\/","og_site_name":"ElettrotecnicaBC","article_publisher":"https:\/\/www.facebook.com\/elettrotecnicabc\/","article_modified_time":"2021-07-09T16:54:15+00:00","og_image":[{"width":302,"height":525,"url":"https:\/\/elettrotecnicabc.com\/wp-content\/uploads\/2021\/06\/Macchine-garbatomaie-SIGMA-Mod-163S-TS.png","type":"image\/png"}],"twitter_card":"summary_large_image","schema":{"@context":"https:\/\/schema.org","@graph":[{"@type":"WebPage","@id":"https:\/\/elettrotecnicabc.com\/it\/macchine\/macchine-garbatomaie-sigma\/","url":"https:\/\/elettrotecnicabc.com\/it\/macchine\/macchine-garbatomaie-sigma\/","name":"Macchine garbatomaie SIGMA | ElettrotecnicaBC","isPartOf":{"@id":"https:\/\/elettrotecnicabc.com\/it\/#website"},"primaryImageOfPage":{"@id":"https:\/\/elettrotecnicabc.com\/it\/macchine\/macchine-garbatomaie-sigma\/#primaryimage"},"image":{"@id":"https:\/\/elettrotecnicabc.com\/it\/macchine\/macchine-garbatomaie-sigma\/#primaryimage"},"thumbnailUrl":"https:\/\/elettrotecnicabc.com\/wp-content\/uploads\/2021\/06\/Macchine-garbatomaie-SIGMA-Mod-163S-TS.png","datePublished":"2021-06-22T08:54:12+00:00","dateModified":"2021-07-09T16:54:15+00:00","description":"Elettronica BC | Macchine garbatomaie SIGMA Macchine garbatomaie SIGMA Quando un cliente cerca una tecnologia per dare la forma desiderata alle tomaie,","breadcrumb":{"@id":"https:\/\/elettrotecnicabc.com\/it\/macchine\/macchine-garbatomaie-sigma\/#breadcrumb"},"inLanguage":"it-IT","potentialAction":[{"@type":"ReadAction","target":["https:\/\/elettrotecnicabc.com\/it\/macchine\/macchine-garbatomaie-sigma\/"]}]},{"@type":"ImageObject","inLanguage":"it-IT","@id":"https:\/\/elettrotecnicabc.com\/it\/macchine\/macchine-garbatomaie-sigma\/#primaryimage","url":"https:\/\/elettrotecnicabc.com\/wp-content\/uploads\/2021\/06\/Macchine-garbatomaie-SIGMA-Mod-163S-TS.png","contentUrl":"https:\/\/elettrotecnicabc.com\/wp-content\/uploads\/2021\/06\/Macchine-garbatomaie-SIGMA-Mod-163S-TS.png","width":302,"height":525},{"@type":"BreadcrumbList","@id":"https:\/\/elettrotecnicabc.com\/it\/macchine\/macchine-garbatomaie-sigma\/#breadcrumb","itemListElement":[{"@type":"ListItem","position":1,"name":"Elettrotecnica BC","item":"https:\/\/elettrotecnicabc.com\/it\/"},{"@type":"ListItem","position":2,"name":"Macchine","item":"https:\/\/elettrotecnicabc.com\/it\/macchine\/"},{"@type":"ListItem","position":3,"name":"Macchine garbatomaie SIGMA"}]},{"@type":"WebSite","@id":"https:\/\/elettrotecnicabc.com\/it\/#website","url":"https:\/\/elettrotecnicabc.com\/it\/","name":"ElettrotecnicaBC","description":"Produttori di macchinari per calzature","publisher":{"@id":"https:\/\/elettrotecnicabc.com\/it\/#organization"},"potentialAction":[{"@type":"SearchAction","target":{"@type":"EntryPoint","urlTemplate":"https:\/\/elettrotecnicabc.com\/it\/?s={search_term_string}"},"query-input":{"@type":"PropertyValueSpecification","valueRequired":true,"valueName":"search_term_string"}}],"inLanguage":"it-IT"},{"@type":"Organization","@id":"https:\/\/elettrotecnicabc.com\/it\/#organization","name":"Elettrotecnica BC","url":"https:\/\/elettrotecnicabc.com\/it\/","logo":{"@type":"ImageObject","inLanguage":"it-IT","@id":"https:\/\/elettrotecnicabc.com\/it\/#\/schema\/logo\/image\/","url":"https:\/\/elettrotecnicabc.com\/wp-content\/uploads\/2021\/06\/Logo-trasp-rifinito.png","contentUrl":"https:\/\/elettrotecnicabc.com\/wp-content\/uploads\/2021\/06\/Logo-trasp-rifinito.png","width":460,"height":365,"caption":"Elettrotecnica BC"},"image":{"@id":"https:\/\/elettrotecnicabc.com\/it\/#\/schema\/logo\/image\/"},"sameAs":["https:\/\/www.facebook.com\/elettrotecnicabc\/","https:\/\/www.instagram.com\/elettrotecnica_bc\/","https:\/\/www.linkedin.com\/company\/elettrotecnicabc\/","https:\/\/www.youtube.com\/user\/ElettrotecnicaBC\/videos"]}]}},"_links":{"self":[{"href":"https:\/\/elettrotecnicabc.com\/it\/wp-json\/wp\/v2\/pages\/1123","targetHints":{"allow":["GET"]}}],"collection":[{"href":"https:\/\/elettrotecnicabc.com\/it\/wp-json\/wp\/v2\/pages"}],"about":[{"href":"https:\/\/elettrotecnicabc.com\/it\/wp-json\/wp\/v2\/types\/page"}],"author":[{"embeddable":true,"href":"https:\/\/elettrotecnicabc.com\/it\/wp-json\/wp\/v2\/users\/1"}],"replies":[{"embeddable":true,"href":"https:\/\/elettrotecnicabc.com\/it\/wp-json\/wp\/v2\/comments?post=1123"}],"version-history":[{"count":0,"href":"https:\/\/elettrotecnicabc.com\/it\/wp-json\/wp\/v2\/pages\/1123\/revisions"}],"up":[{"embeddable":true,"href":"https:\/\/elettrotecnicabc.com\/it\/wp-json\/wp\/v2\/pages\/2991"}],"wp:featuredmedia":[{"embeddable":true,"href":"https:\/\/elettrotecnicabc.com\/it\/wp-json\/wp\/v2\/media\/1367"}],"wp:attachment":[{"href":"https:\/\/elettrotecnicabc.com\/it\/wp-json\/wp\/v2\/media?parent=1123"}],"wp:term":[{"taxonomy":"tipo-pagine","embeddable":true,"href":"https:\/\/elettrotecnicabc.com\/it\/wp-json\/wp\/v2\/tipo-pagine?post=1123"},{"taxonomy":"categoria-pagine","embeddable":true,"href":"https:\/\/elettrotecnicabc.com\/it\/wp-json\/wp\/v2\/categoria-pagine?post=1123"}],"curies":[{"name":"wp","href":"https:\/\/api.w.org\/{rel}","templated":true}]}}