{"id":8184,"date":"2023-12-07T16:39:35","date_gmt":"2023-12-07T15:39:35","guid":{"rendered":"https:\/\/elettrotecnicabc.com\/hornos-humidificadores-y-estabilizadores\/trattamento-sottovuoto\/"},"modified":"2023-12-22T10:14:32","modified_gmt":"2023-12-22T09:14:32","slug":"trattamento-sottovuoto","status":"publish","type":"page","link":"https:\/\/elettrotecnicabc.com\/es\/hornos-humidificadores-y-estabilizadores\/trattamento-sottovuoto\/","title":{"rendered":"Tratamiento al vac\u00edo"},"content":{"rendered":"<nav id=\"breadcrumbs\" aria-label=\"Breadcrumbs\"><a href=\"https:\/\/elettrotecnicabc.com\/\">Elettrotecnica BC<\/a> | <a href=\"https:\/\/elettrotecnicabc.com\/forni-umidificatori-e-stabilizzatori\/\">Forni, umidificatori e stabilizzatori<\/a> | Trattamento sottovuoto<\/nav>\r\n<h1>TRATTAMENTO SOTTOVUOTO<\/h1>\r\n<p>Con 60 anni d&#8217;esperienza di studio, progettazione e produzione di tutte le serie di camere climatiche sino ad oggi progettate,<br \/>Elettrotecnica B.C. ha<strong> rivoluzionato la tipologia di trattamento termico<\/strong>, per adattarlo al meglio ad ogni tipo di calzatura.<br \/>La nuova generazione di forni e frigo dispone di sistema sottovuoto<strong> power save<\/strong>, quindi, non solo si migliora il trattamento termico della calzatura,<br \/>ma si implementa <strong>il risparmio energetico che incider\u00e0 notevolmente sui consumi<\/strong> elevati delle aziende del settore.<br \/>Il vantaggio di questa nuova tecnologia \u00e8 la possibilit\u00e0 di lavorare<strong> abbinando il nuovo sistema di trattamento sottovuoto a quello termico classico.<\/strong><br \/>La macchina pu\u00f2 eseguire un ciclo di trattamento termico sottovuoto con iniezione diretta di vapore\/freddo e successivamente completare la lavorazione<br \/>con un ciclo termico tradizionale. Oppure, tramite programmazione, vi si pu\u00f2 scegliere se lavorare esclusivamente con nuovo sistema termico,<br \/>escludendo il tradizionale, oppure viceversa. La possibilit\u00e0 di combinare le tecnologie termiche tradizionali e nuove nella stessa macchina<br \/>\u00e8 un grande passo in avanti per tutte le lavorazioni dei vari stili delle calzature, le quali incontrano sempre pi\u00f9 difficolt\u00e0 dovute ai nuovi tipi di materiali<br \/>e componenti della stessa. <strong>Ad oggi queste le uniche macchine al mondo progettate per questo lavoro, in grado di rendere il massimo della qualit\u00e0.<\/strong> <img loading=\"lazy\" decoding=\"async\" title=\"4000 e 5000 per sito\" src=\"https:\/\/elettrotecnicabc.com\/wp-content\/uploads\/2023\/11\/4000-e-5000-per-sito-1.png\" alt=\"4000 e 5000 per sito\" width=\"2000\" height=\"2000\" \/><\/p>\r\n<h3>Modelli<\/h3>\r\n<p>5000 VACUUM<\/p>\r\n<h4>5000 VACUUM &#8211; FORNO PROGRAMMATO CON SISTEMA DI INIEZIONE VAPORE<\/h4>\r\n<p><img decoding=\"async\" src=\"\/wp-content\/uploads\/\/2021\/06\/linea_top_icon.svg\" \/> <img decoding=\"async\" src=\"https:\/\/elettrotecnicabc.com\/wp-content\/plugins\/bb-plugin\/img\/pixel.png\" alt=\"\" \/><\/p>\r\n<table>\r\n<thead>\r\n<tr>\r\n<th colspan=\"2\">Dati tecnici<\/th>\r\n<\/tr>\r\n<\/thead>\r\n<tbody>\r\n<tr>\r\n<td>DIMENSIONI:<\/td>\r\n<td>120 x 344 x 238<\/td>\r\n<\/tr>\r\n<tr>\r\n<td>PESO NETTO:<\/td>\r\n<td>Kg 1950<\/td>\r\n<\/tr>\r\n<tr>\r\n<td>POTENZA ELETTRICA:<\/td>\r\n<td>Kw 12<\/td>\r\n<\/tr>\r\n<tr>\r\n<td>CONSUMO D&#8217;ARIA:<\/td>\r\n<td>9,5lt\/paio<\/td>\r\n<\/tr>\r\n<tr>\r\n<td>PRODUZIONE GIORNALIERA:<\/td>\r\n<td>1400 paia<\/td>\r\n<\/tr>\r\n<\/tbody>\r\n<\/table>\r\n<h3>Contattaci per saperne di pi\u00f9!<\/h3>\r\n<p>Vai al modulo per chiedere informazioni sui nostri prodotti!<\/p>\r\n<p><a href=\"#cta-moduli\" target=\"_self\" rel=\"noopener\"> CONTATTACI <\/a><\/p>\r\n<h4>GALLERIA FOTO<\/h4>\r\n<figure><img decoding=\"async\" src=\"https:\/\/elettrotecnicabc.com\/wp-content\/uploads\/2021\/06\/Mod-484.png\" alt=\"\" \/><\/figure>\r\n<figure><img decoding=\"async\" src=\"https:\/\/elettrotecnicabc.com\/wp-content\/uploads\/2021\/06\/MOD.60-removebg-preview.png\" alt=\"\" \/><\/figure>\r\n<figure><img decoding=\"async\" src=\"https:\/\/elettrotecnicabc.com\/wp-content\/uploads\/2021\/06\/forni-stabilizzatori-Mod510-LV.png\" alt=\"\" \/><\/figure>\r\n<figure><img decoding=\"async\" src=\"https:\/\/elettrotecnicabc.com\/wp-content\/uploads\/2021\/06\/IMG_6233-1024x683.jpg\" alt=\"\" \/><\/figure>\r\n<figure><img decoding=\"async\" src=\"https:\/\/elettrotecnicabc.com\/wp-content\/uploads\/2021\/06\/Elettrotecnica-BC-Primo-forno-1024x576.jpg\" alt=\"\" \/><\/figure>\r\n<figure><img decoding=\"async\" src=\"https:\/\/elettrotecnicabc.com\/wp-content\/uploads\/2021\/06\/600.png\" alt=\"\" \/><\/figure>\r\n<!-- navigation arrows -->\r\n<p>&nbsp;<\/p>\r\n<!-- pagination -->\r\n<h2>Contattaci per maggiori informazioni !<\/h2>\r\n<p>Compila questo modulo per chiedere informazioni sui nostri prodotti.<\/p>\r\n<form action=\"\/?page_id=7934&amp;fl_builder#wpcf7-f172-o1\" method=\"post\" novalidate=\"novalidate\" aria-label=\"Modulo di contatto\" data-status=\"init\"><input name=\"_wpcf7\" type=\"hidden\" value=\"172\" \/> <input name=\"_wpcf7_version\" type=\"hidden\" value=\"5.8.4\" \/> <input name=\"_wpcf7_locale\" type=\"hidden\" value=\"it_IT\" \/> <input name=\"_wpcf7_unit_tag\" type=\"hidden\" value=\"wpcf7-f172-o1\" \/> <input name=\"_wpcf7_container_post\" type=\"hidden\" value=\"0\" \/> <input name=\"_wpcf7_posted_data_hash\" type=\"hidden\" value=\"\" \/> <input name=\"nome\" size=\"40\" type=\"text\" value=\"\" placeholder=\"Nome e Cognome*\" aria-required=\"true\" aria-invalid=\"false\" \/> <input name=\"azienda\" size=\"40\" type=\"text\" value=\"\" placeholder=\"Azienda\" aria-invalid=\"false\" \/> <input name=\"tel\" size=\"40\" type=\"tel\" value=\"\" placeholder=\"Telefono\" aria-invalid=\"false\" \/> <input name=\"indirizzo-mail\" size=\"40\" type=\"email\" value=\"\" placeholder=\"Email*\" aria-required=\"true\" aria-invalid=\"false\" \/><select name=\"Richiestainformazioneriguardo\" aria-required=\"true\" aria-invalid=\"false\">\r\n<option value=\"\">Richiesta informazione riguardo a &#8230;*<\/option>\r\n<option value=\"Consulenza generale\">Consulenza generale<\/option>\r\n<option value=\"Preventivo macchina\">Preventivo macchina<\/option>\r\n<option value=\"Preventivo linea completa\">Preventivo linea completa<\/option>\r\n<option value=\"Altro\">Altro<\/option>\r\n<\/select><textarea cols=\"40\" name=\"messaggio\" rows=\"10\" placeholder=\"Messaggio*\" aria-required=\"true\" aria-invalid=\"false\"><\/textarea> <label><input name=\"privacy\" type=\"checkbox\" value=\"1\" aria-invalid=\"false\" \/><small> Confermo di aver preso visione dell&#8217;informativa sulla <a title=\"Privacy Policy\" href=\"https:\/\/elettrotecnicabc.com\/privacy-policy\/\">Privacy<\/a>.*<\/small><\/label> <label><input name=\"marketing\" type=\"checkbox\" value=\"1\" aria-invalid=\"false\" \/><small> Autorizzo a ricevere informazioni di marketing\/commerciali<\/small><\/label> <input type=\"submit\" value=\"Invia messaggio\" \/> <small>I tuoi dati sono protetti: <a href=\"https:\/\/elettrotecnicabc.com\/privacy-policy\/\" target=\"_blank\" rel=\"noopener\">privacy policy<\/a>. La richiesta di informazioni \u00e8 gratuita e non impegnativa.<\/small>\r\n<p><input name=\"referer-page\" type=\"hidden\" value=\"https:\/\/elettrotecnicabc.com\/?page_id=7934&amp;fl_builder&amp;fl_builder_ui_iframe\" data-value=\"https:\/\/elettrotecnicabc.com\/?page_id=7934&amp;fl_builder&amp;fl_builder_ui_iframe\" aria-invalid=\"false\" \/><\/p>\r\n<!-- Chimpmatic extension by Renzo Johnson --><\/form>","protected":false},"excerpt":{"rendered":"<p>Elettrotecnica BC | Forni, umidificatori e stabilizzatori | Trattamento sottovuoto TRATTAMENTO SOTTOVUOTO Con 60 anni d&#8217;esperienza di studio, progettazione e produzione di tutte le serie di camere climatiche sino ad oggi progettate,Elettrotecnica B.C. ha rivoluzionato la tipologia di trattamento termico, per adattarlo al meglio ad ogni tipo di calzatura.La nuova generazione di forni e frigo [&hellip;]<\/p>\n","protected":false},"author":5,"featured_media":7889,"parent":6181,"menu_order":0,"comment_status":"closed","ping_status":"closed","template":"","meta":{"_acf_changed":false,"inline_featured_image":false,"site-sidebar-layout":"no-sidebar","site-content-layout":"page-builder","ast-site-content-layout":"full-width-container","site-content-style":"unboxed","site-sidebar-style":"unboxed","ast-global-header-display":"","ast-banner-title-visibility":"","ast-main-header-display":"","ast-hfb-above-header-display":"","ast-hfb-below-header-display":"","ast-hfb-mobile-header-display":"","site-post-title":"disabled","ast-breadcrumbs-content":"","ast-featured-img":"disabled","footer-sml-layout":"","theme-transparent-header-meta":"default","adv-header-id-meta":"","stick-header-meta":"default","header-above-stick-meta":"","header-main-stick-meta":"","header-below-stick-meta":"","astra-migrate-meta-layouts":"set","ast-page-background-enabled":"default","ast-page-background-meta":{"desktop":{"background-color":"","background-image":"","background-repeat":"repeat","background-position":"center center","background-size":"auto","background-attachment":"scroll","background-type":"","background-media":"","overlay-type":"","overlay-color":"","overlay-opacity":"","overlay-gradient":""},"tablet":{"background-color":"","background-image":"","background-repeat":"repeat","background-position":"center center","background-size":"auto","background-attachment":"scroll","background-type":"","background-media":"","overlay-type":"","overlay-color":"","overlay-opacity":"","overlay-gradient":""},"mobile":{"background-color":"","background-image":"","background-repeat":"repeat","background-position":"center center","background-size":"auto","background-attachment":"scroll","background-type":"","background-media":"","overlay-type":"","overlay-color":"","overlay-opacity":"","overlay-gradient":""}},"ast-content-background-meta":{"desktop":{"background-color":"var(--ast-global-color-5)","background-image":"","background-repeat":"repeat","background-position":"center center","background-size":"auto","background-attachment":"scroll","background-type":"","background-media":"","overlay-type":"","overlay-color":"","overlay-opacity":"","overlay-gradient":""},"tablet":{"background-color":"var(--ast-global-color-5)","background-image":"","background-repeat":"repeat","background-position":"center center","background-size":"auto","background-attachment":"scroll","background-type":"","background-media":"","overlay-type":"","overlay-color":"","overlay-opacity":"","overlay-gradient":""},"mobile":{"background-color":"var(--ast-global-color-5)","background-image":"","background-repeat":"repeat","background-position":"center center","background-size":"auto","background-attachment":"scroll","background-type":"","background-media":"","overlay-type":"","overlay-color":"","overlay-opacity":"","overlay-gradient":""}},"footnotes":""},"tipo-pagine":[63],"categoria-pagine":[89],"class_list":["post-8184","page","type-page","status-publish","has-post-thumbnail","hentry","tipo-pagine-categorie-prodotti","categoria-pagine-forni-umidificatori-e-stabilizzatori"],"acf":[],"yoast_head":"<!-- This site is optimized with the Yoast SEO plugin v26.3 - https:\/\/yoast.com\/wordpress\/plugins\/seo\/ -->\n<title>Tratamiento al vac\u00edo | ElettrotecnicaBC<\/title>\n<meta name=\"description\" content=\"Elettrotecnica BC | Forni, umidificatori e stabilizzatori | Trattamento sottovuoto TRATTAMENTO SOTTOVUOTO Con 60 anni d&#039;esperienza di studio,\" \/>\n<meta name=\"robots\" content=\"index, follow, max-snippet:-1, max-image-preview:large, max-video-preview:-1\" \/>\n<link rel=\"canonical\" href=\"https:\/\/elettrotecnicabc.com\/it\/forni-umidificatori-e-stabilizzatori\/trattamento-sottovuoto\/\" \/>\n<meta property=\"og:locale\" content=\"es_ES\" \/>\n<meta property=\"og:type\" content=\"article\" \/>\n<meta property=\"og:title\" content=\"Tratamiento al vac\u00edo | ElettrotecnicaBC\" \/>\n<meta property=\"og:description\" content=\"Elettrotecnica BC | Forni, umidificatori e stabilizzatori | Trattamento sottovuoto TRATTAMENTO SOTTOVUOTO Con 60 anni d&#039;esperienza di studio,\" \/>\n<meta property=\"og:url\" content=\"https:\/\/elettrotecnicabc.com\/it\/forni-umidificatori-e-stabilizzatori\/trattamento-sottovuoto\/\" \/>\n<meta property=\"og:site_name\" content=\"ElettrotecnicaBC\" \/>\n<meta property=\"article:publisher\" content=\"https:\/\/www.facebook.com\/elettrotecnicabc\/\" \/>\n<meta property=\"article:modified_time\" content=\"2023-12-22T09:14:32+00:00\" \/>\n<meta property=\"og:image\" content=\"https:\/\/elettrotecnicabc.com\/wp-content\/uploads\/2023\/11\/5000-scontornata.png\" \/>\n\t<meta property=\"og:image:width\" content=\"963\" \/>\n\t<meta property=\"og:image:height\" content=\"1311\" \/>\n\t<meta property=\"og:image:type\" content=\"image\/png\" \/>\n<meta name=\"twitter:card\" content=\"summary_large_image\" \/>\n<script type=\"application\/ld+json\" class=\"yoast-schema-graph\">{\"@context\":\"https:\/\/schema.org\",\"@graph\":[{\"@type\":\"WebPage\",\"@id\":\"https:\/\/elettrotecnicabc.com\/it\/forni-umidificatori-e-stabilizzatori\/trattamento-sottovuoto\/\",\"url\":\"https:\/\/elettrotecnicabc.com\/it\/forni-umidificatori-e-stabilizzatori\/trattamento-sottovuoto\/\",\"name\":\"Tratamiento al vac\u00edo | ElettrotecnicaBC\",\"isPartOf\":{\"@id\":\"https:\/\/elettrotecnicabc.com\/it\/#website\"},\"primaryImageOfPage\":{\"@id\":\"https:\/\/elettrotecnicabc.com\/it\/forni-umidificatori-e-stabilizzatori\/trattamento-sottovuoto\/#primaryimage\"},\"image\":{\"@id\":\"https:\/\/elettrotecnicabc.com\/it\/forni-umidificatori-e-stabilizzatori\/trattamento-sottovuoto\/#primaryimage\"},\"thumbnailUrl\":\"https:\/\/elettrotecnicabc.com\/wp-content\/uploads\/2023\/11\/5000-scontornata.png\",\"datePublished\":\"2023-12-07T15:39:35+00:00\",\"dateModified\":\"2023-12-22T09:14:32+00:00\",\"description\":\"Elettrotecnica BC | Forni, umidificatori e stabilizzatori | Trattamento sottovuoto TRATTAMENTO SOTTOVUOTO Con 60 anni d'esperienza di studio,\",\"breadcrumb\":{\"@id\":\"https:\/\/elettrotecnicabc.com\/it\/forni-umidificatori-e-stabilizzatori\/trattamento-sottovuoto\/#breadcrumb\"},\"inLanguage\":\"es\",\"potentialAction\":[{\"@type\":\"ReadAction\",\"target\":[\"https:\/\/elettrotecnicabc.com\/it\/forni-umidificatori-e-stabilizzatori\/trattamento-sottovuoto\/\"]}]},{\"@type\":\"ImageObject\",\"inLanguage\":\"es\",\"@id\":\"https:\/\/elettrotecnicabc.com\/it\/forni-umidificatori-e-stabilizzatori\/trattamento-sottovuoto\/#primaryimage\",\"url\":\"https:\/\/elettrotecnicabc.com\/wp-content\/uploads\/2023\/11\/5000-scontornata.png\",\"contentUrl\":\"https:\/\/elettrotecnicabc.com\/wp-content\/uploads\/2023\/11\/5000-scontornata.png\",\"width\":963,\"height\":1311},{\"@type\":\"BreadcrumbList\",\"@id\":\"https:\/\/elettrotecnicabc.com\/it\/forni-umidificatori-e-stabilizzatori\/trattamento-sottovuoto\/#breadcrumb\",\"itemListElement\":[{\"@type\":\"ListItem\",\"position\":1,\"name\":\"Elettrotecnica BC\",\"item\":\"https:\/\/elettrotecnicabc.com\/es\/\"},{\"@type\":\"ListItem\",\"position\":2,\"name\":\"Hornos, humidificadores y estabilizadores\",\"item\":\"https:\/\/elettrotecnicabc.com\/it\/forni-umidificatori-e-stabilizzatori\/\"},{\"@type\":\"ListItem\",\"position\":3,\"name\":\"Tratamiento al vac\u00edo\"}]},{\"@type\":\"WebSite\",\"@id\":\"https:\/\/elettrotecnicabc.com\/it\/#website\",\"url\":\"https:\/\/elettrotecnicabc.com\/it\/\",\"name\":\"ElettrotecnicaBC\",\"description\":\"Produttori di macchinari per calzature\",\"publisher\":{\"@id\":\"https:\/\/elettrotecnicabc.com\/it\/#organization\"},\"potentialAction\":[{\"@type\":\"SearchAction\",\"target\":{\"@type\":\"EntryPoint\",\"urlTemplate\":\"https:\/\/elettrotecnicabc.com\/it\/?s={search_term_string}\"},\"query-input\":{\"@type\":\"PropertyValueSpecification\",\"valueRequired\":true,\"valueName\":\"search_term_string\"}}],\"inLanguage\":\"es\"},{\"@type\":\"Organization\",\"@id\":\"https:\/\/elettrotecnicabc.com\/it\/#organization\",\"name\":\"Elettrotecnica BC\",\"url\":\"https:\/\/elettrotecnicabc.com\/it\/\",\"logo\":{\"@type\":\"ImageObject\",\"inLanguage\":\"es\",\"@id\":\"https:\/\/elettrotecnicabc.com\/it\/#\/schema\/logo\/image\/\",\"url\":\"https:\/\/elettrotecnicabc.com\/wp-content\/uploads\/2021\/06\/Logo-trasp-rifinito.png\",\"contentUrl\":\"https:\/\/elettrotecnicabc.com\/wp-content\/uploads\/2021\/06\/Logo-trasp-rifinito.png\",\"width\":460,\"height\":365,\"caption\":\"Elettrotecnica BC\"},\"image\":{\"@id\":\"https:\/\/elettrotecnicabc.com\/it\/#\/schema\/logo\/image\/\"},\"sameAs\":[\"https:\/\/www.facebook.com\/elettrotecnicabc\/\",\"https:\/\/www.instagram.com\/elettrotecnica_bc\/\",\"https:\/\/www.linkedin.com\/company\/elettrotecnicabc\/\",\"https:\/\/www.youtube.com\/user\/ElettrotecnicaBC\/videos\"]}]}<\/script>\n<!-- \/ Yoast SEO plugin. -->","yoast_head_json":{"title":"Tratamiento al vac\u00edo | ElettrotecnicaBC","description":"Elettrotecnica BC | Forni, umidificatori e stabilizzatori | Trattamento sottovuoto TRATTAMENTO SOTTOVUOTO Con 60 anni d'esperienza di studio,","robots":{"index":"index","follow":"follow","max-snippet":"max-snippet:-1","max-image-preview":"max-image-preview:large","max-video-preview":"max-video-preview:-1"},"canonical":"https:\/\/elettrotecnicabc.com\/it\/forni-umidificatori-e-stabilizzatori\/trattamento-sottovuoto\/","og_locale":"es_ES","og_type":"article","og_title":"Tratamiento al vac\u00edo | ElettrotecnicaBC","og_description":"Elettrotecnica BC | Forni, umidificatori e stabilizzatori | Trattamento sottovuoto TRATTAMENTO SOTTOVUOTO Con 60 anni d'esperienza di studio,","og_url":"https:\/\/elettrotecnicabc.com\/it\/forni-umidificatori-e-stabilizzatori\/trattamento-sottovuoto\/","og_site_name":"ElettrotecnicaBC","article_publisher":"https:\/\/www.facebook.com\/elettrotecnicabc\/","article_modified_time":"2023-12-22T09:14:32+00:00","og_image":[{"width":963,"height":1311,"url":"https:\/\/elettrotecnicabc.com\/wp-content\/uploads\/2023\/11\/5000-scontornata.png","type":"image\/png"}],"twitter_card":"summary_large_image","schema":{"@context":"https:\/\/schema.org","@graph":[{"@type":"WebPage","@id":"https:\/\/elettrotecnicabc.com\/it\/forni-umidificatori-e-stabilizzatori\/trattamento-sottovuoto\/","url":"https:\/\/elettrotecnicabc.com\/it\/forni-umidificatori-e-stabilizzatori\/trattamento-sottovuoto\/","name":"Tratamiento al vac\u00edo | ElettrotecnicaBC","isPartOf":{"@id":"https:\/\/elettrotecnicabc.com\/it\/#website"},"primaryImageOfPage":{"@id":"https:\/\/elettrotecnicabc.com\/it\/forni-umidificatori-e-stabilizzatori\/trattamento-sottovuoto\/#primaryimage"},"image":{"@id":"https:\/\/elettrotecnicabc.com\/it\/forni-umidificatori-e-stabilizzatori\/trattamento-sottovuoto\/#primaryimage"},"thumbnailUrl":"https:\/\/elettrotecnicabc.com\/wp-content\/uploads\/2023\/11\/5000-scontornata.png","datePublished":"2023-12-07T15:39:35+00:00","dateModified":"2023-12-22T09:14:32+00:00","description":"Elettrotecnica BC | Forni, umidificatori e stabilizzatori | Trattamento sottovuoto TRATTAMENTO SOTTOVUOTO Con 60 anni d'esperienza di studio,","breadcrumb":{"@id":"https:\/\/elettrotecnicabc.com\/it\/forni-umidificatori-e-stabilizzatori\/trattamento-sottovuoto\/#breadcrumb"},"inLanguage":"es","potentialAction":[{"@type":"ReadAction","target":["https:\/\/elettrotecnicabc.com\/it\/forni-umidificatori-e-stabilizzatori\/trattamento-sottovuoto\/"]}]},{"@type":"ImageObject","inLanguage":"es","@id":"https:\/\/elettrotecnicabc.com\/it\/forni-umidificatori-e-stabilizzatori\/trattamento-sottovuoto\/#primaryimage","url":"https:\/\/elettrotecnicabc.com\/wp-content\/uploads\/2023\/11\/5000-scontornata.png","contentUrl":"https:\/\/elettrotecnicabc.com\/wp-content\/uploads\/2023\/11\/5000-scontornata.png","width":963,"height":1311},{"@type":"BreadcrumbList","@id":"https:\/\/elettrotecnicabc.com\/it\/forni-umidificatori-e-stabilizzatori\/trattamento-sottovuoto\/#breadcrumb","itemListElement":[{"@type":"ListItem","position":1,"name":"Elettrotecnica BC","item":"https:\/\/elettrotecnicabc.com\/es\/"},{"@type":"ListItem","position":2,"name":"Hornos, humidificadores y estabilizadores","item":"https:\/\/elettrotecnicabc.com\/it\/forni-umidificatori-e-stabilizzatori\/"},{"@type":"ListItem","position":3,"name":"Tratamiento al vac\u00edo"}]},{"@type":"WebSite","@id":"https:\/\/elettrotecnicabc.com\/it\/#website","url":"https:\/\/elettrotecnicabc.com\/it\/","name":"ElettrotecnicaBC","description":"Produttori di macchinari per calzature","publisher":{"@id":"https:\/\/elettrotecnicabc.com\/it\/#organization"},"potentialAction":[{"@type":"SearchAction","target":{"@type":"EntryPoint","urlTemplate":"https:\/\/elettrotecnicabc.com\/it\/?s={search_term_string}"},"query-input":{"@type":"PropertyValueSpecification","valueRequired":true,"valueName":"search_term_string"}}],"inLanguage":"es"},{"@type":"Organization","@id":"https:\/\/elettrotecnicabc.com\/it\/#organization","name":"Elettrotecnica BC","url":"https:\/\/elettrotecnicabc.com\/it\/","logo":{"@type":"ImageObject","inLanguage":"es","@id":"https:\/\/elettrotecnicabc.com\/it\/#\/schema\/logo\/image\/","url":"https:\/\/elettrotecnicabc.com\/wp-content\/uploads\/2021\/06\/Logo-trasp-rifinito.png","contentUrl":"https:\/\/elettrotecnicabc.com\/wp-content\/uploads\/2021\/06\/Logo-trasp-rifinito.png","width":460,"height":365,"caption":"Elettrotecnica BC"},"image":{"@id":"https:\/\/elettrotecnicabc.com\/it\/#\/schema\/logo\/image\/"},"sameAs":["https:\/\/www.facebook.com\/elettrotecnicabc\/","https:\/\/www.instagram.com\/elettrotecnica_bc\/","https:\/\/www.linkedin.com\/company\/elettrotecnicabc\/","https:\/\/www.youtube.com\/user\/ElettrotecnicaBC\/videos"]}]}},"_links":{"self":[{"href":"https:\/\/elettrotecnicabc.com\/es\/wp-json\/wp\/v2\/pages\/8184","targetHints":{"allow":["GET"]}}],"collection":[{"href":"https:\/\/elettrotecnicabc.com\/es\/wp-json\/wp\/v2\/pages"}],"about":[{"href":"https:\/\/elettrotecnicabc.com\/es\/wp-json\/wp\/v2\/types\/page"}],"author":[{"embeddable":true,"href":"https:\/\/elettrotecnicabc.com\/es\/wp-json\/wp\/v2\/users\/5"}],"replies":[{"embeddable":true,"href":"https:\/\/elettrotecnicabc.com\/es\/wp-json\/wp\/v2\/comments?post=8184"}],"version-history":[{"count":2,"href":"https:\/\/elettrotecnicabc.com\/es\/wp-json\/wp\/v2\/pages\/8184\/revisions"}],"predecessor-version":[{"id":8320,"href":"https:\/\/elettrotecnicabc.com\/es\/wp-json\/wp\/v2\/pages\/8184\/revisions\/8320"}],"up":[{"embeddable":true,"href":"https:\/\/elettrotecnicabc.com\/es\/wp-json\/wp\/v2\/pages\/6181"}],"wp:featuredmedia":[{"embeddable":true,"href":"https:\/\/elettrotecnicabc.com\/es\/wp-json\/wp\/v2\/media\/7889"}],"wp:attachment":[{"href":"https:\/\/elettrotecnicabc.com\/es\/wp-json\/wp\/v2\/media?parent=8184"}],"wp:term":[{"taxonomy":"tipo-pagine","embeddable":true,"href":"https:\/\/elettrotecnicabc.com\/es\/wp-json\/wp\/v2\/tipo-pagine?post=8184"},{"taxonomy":"categoria-pagine","embeddable":true,"href":"https:\/\/elettrotecnicabc.com\/es\/wp-json\/wp\/v2\/categoria-pagine?post=8184"}],"curies":[{"name":"wp","href":"https:\/\/api.w.org\/{rel}","templated":true}]}}