{"id":8177,"date":"2023-12-12T11:50:55","date_gmt":"2023-12-12T10:50:55","guid":{"rendered":"https:\/\/elettrotecnicabc.com\/nuovi-modelli\/"},"modified":"2023-12-14T16:15:45","modified_gmt":"2023-12-14T15:15:45","slug":"nuevos-modelos","status":"publish","type":"page","link":"https:\/\/elettrotecnicabc.com\/es\/nuevos-modelos\/","title":{"rendered":"Nuevos modelos"},"content":{"rendered":"\n\n\t<nav id=\"breadcrumbs\" aria-label=\"Breadcrumbs\"><a href=\"https:\/\/elettrotecnicabc.com\/es\/\">Elettrotecnica BC<\/a> | Nuevos modelos<\/nav><h1>\n\t\tNuevos modelos\n\t<\/h1>\n\t<p>Descrizione nuovi modelli ES<\/p>\n\t\t\t\t<img decoding=\"async\" src=\"https:\/\/elettrotecnicabc.com\/wp-content\/plugins\/bb-plugin\/img\/pixel.png\" alt=\"\" itemprop=\"image\" onerror=\"this.style.display='none'\"  \/>\n\t\t<h3>Contact us to find out more!<\/h3>\n\t\t<p>Vaya al formulario para preguntar por nuestros productos.<\/p>\n\t\t\t<a href=\"#cta-moduli\" target=\"_self\" rel=\"noopener\">\n\t\t\t\t\t\t\tCONTACT US\n\t\t\t\t\t<\/a>\n<h3>\n\t\tModelli\n\t<\/h3>\n<h4>\n\t\tGALLERIA FOTO\n\t<\/h4>\n\t\t\t\t\t\t<figure>\n\t\t\t\t\t\t\t\t\t\t\t\t\t\t\t<img decoding=\"async\" src=\"https:\/\/elettrotecnicabc.com\/wp-content\/uploads\/2021\/06\/Mod-484.png\" alt=\"\" \/>\n\t\t\t\t\t\t\t\t\t\t\t\t\t<\/figure>\n\t\t\t\t\t\t<figure>\n\t\t\t\t\t\t\t\t\t\t\t\t\t\t\t<img decoding=\"async\" src=\"https:\/\/elettrotecnicabc.com\/wp-content\/uploads\/2021\/06\/MOD.60-removebg-preview.png\" alt=\"\" \/>\n\t\t\t\t\t\t\t\t\t\t\t\t\t<\/figure>\n\t\t\t\t\t\t<figure>\n\t\t\t\t\t\t\t\t\t\t\t\t\t\t\t<img decoding=\"async\" src=\"https:\/\/elettrotecnicabc.com\/wp-content\/uploads\/2021\/06\/forni-stabilizzatori-Mod510-LV.png\" alt=\"\" \/>\n\t\t\t\t\t\t\t\t\t\t\t\t\t<\/figure>\n\t\t\t\t\t\t<figure>\n\t\t\t\t\t\t\t\t\t\t\t\t\t\t\t<img decoding=\"async\" src=\"https:\/\/elettrotecnicabc.com\/wp-content\/uploads\/2021\/06\/IMG_6233-1024x683.jpg\" alt=\"\" \/>\n\t\t\t\t\t\t\t\t\t\t\t\t\t<\/figure>\n\t\t\t\t\t\t<figure>\n\t\t\t\t\t\t\t\t\t\t\t\t\t\t\t<img decoding=\"async\" src=\"https:\/\/elettrotecnicabc.com\/wp-content\/uploads\/2021\/06\/Elettrotecnica-BC-Primo-forno-1024x576.jpg\" alt=\"\" \/>\n\t\t\t\t\t\t\t\t\t\t\t\t\t<\/figure>\n\t\t\t\t\t\t<figure>\n\t\t\t\t\t\t\t\t\t\t\t\t\t\t\t<img decoding=\"async\" src=\"https:\/\/elettrotecnicabc.com\/wp-content\/uploads\/2021\/06\/600.png\" alt=\"\" \/>\n\t\t\t\t\t\t\t\t\t\t\t\t\t<\/figure>\n\t\t\t\t\t\t\t\t<!-- navigation arrows -->\n\t\t\t<button aria-label=\"Previous slide\" role=\"button\" tabindex=\"0\">\n\t\t\t<\/button>\n\t\t\t<button aria-label=\"Next slide\" role=\"button\" tabindex=\"0\">\n\t\t\t<\/button>\n\t\t\t\t\t\t<!-- pagination -->\n\t<h2>\n\t\tCont\u00e1ctanos para m\u00e1s informaci\u00f3n!\n\t<\/h2>\n\t<p>Rellene este formulario para solicitar informaci\u00f3n sobre nuestros productos.<\/p>\n\t\n\t\n \n<form action=\"\/es\/?page_id=8177&#038;fl_builder#wpcf7-f6206-o1\" method=\"post\" aria-label=\"Formulario de contacto\" novalidate=\"novalidate\" data-status=\"init\">\n<input type=\"hidden\" name=\"_wpcf7\" value=\"6206\" \/>\n<input type=\"hidden\" name=\"_wpcf7_version\" value=\"5.8.4\" \/>\n<input type=\"hidden\" name=\"_wpcf7_locale\" value=\"es_ES\" \/>\n<input type=\"hidden\" name=\"_wpcf7_unit_tag\" value=\"wpcf7-f6206-o1\" \/>\n<input type=\"hidden\" name=\"_wpcf7_container_post\" value=\"0\" \/>\n<input type=\"hidden\" name=\"_wpcf7_posted_data_hash\" value=\"\" \/>\n\t\t<input size=\"40\" aria-required=\"true\" aria-invalid=\"false\" placeholder=\"Nombre y Apellidos*\" value=\"\" type=\"text\" name=\"nome\" \/>\n\t\t\n\t\t<input size=\"40\" aria-invalid=\"false\" placeholder=\"Empresa\" value=\"\" type=\"text\" name=\"azienda\" \/>\n\t\t\n\t\t<input size=\"40\" aria-invalid=\"false\" placeholder=\"Tel\u00e9fono\" value=\"\" type=\"tel\" name=\"tel\" \/>\n\t\t\n\t\t<input size=\"40\" aria-required=\"true\" aria-invalid=\"false\" placeholder=\"Email*\" value=\"\" type=\"email\" name=\"indirizzo-mail\" \/>\n\t\t\n\t\t<select aria-required=\"true\" aria-invalid=\"false\" name=\"Richiestainformazioneriguardo\"><option value=\"\">Solicitud de informaci\u00f3n sobre&#8230;*<\/option><option value=\"Asesoramiento general\">Asesoramiento general<\/option><option value=\"Presupuesto de la m\u00e1quina\">Presupuesto de la m\u00e1quina<\/option><option value=\"Presupuesto de la l\u00ednea completa\">Presupuesto de la l\u00ednea completa<\/option><option value=\"Otros\">Otros<\/option><\/select>\n\t\t\n\t\t<textarea cols=\"40\" rows=\"10\" aria-required=\"true\" aria-invalid=\"false\" placeholder=\"Mensaje*\" name=\"messaggio\"><\/textarea>\n\t\t\n\t\t<label><input type=\"checkbox\" name=\"privacy\" value=\"1\" aria-invalid=\"false\" \/><small>Confirmo que he le\u00eddo la <a href=\"#\" title=\"Privacy Policy\">Pol\u00edtica de Privacidad<\/a>.*<\/small><\/label>\n\t\t\n\t\t<label><input type=\"checkbox\" name=\"marketing\" value=\"1\" aria-invalid=\"false\" \/><small> Acepto recibir informaci\u00f3n comercial\/de marketing<\/small><\/label>\n\t\t\n\t\t<input type=\"submit\" value=\"Enviar mensaje\" \/>\n\t\t\n\t\t<small>Sus datos est\u00e1n protegidos: <a href=\"https:\/\/elettrotecnicabc.com\/es\/privacy-policy\/\" target=\"_blank\" rel=\"noopener\">pol\u00edtica de privacidad<\/a>. La solicitud de informaci\u00f3n es gratuita y no es vinculante.<\/small>\n\t\t\n\t<p><input type=\"hidden\" name=\"referer-page\" value=\"https:\/\/elettrotecnicabc.com\/es\/nuevos-modelos\/?fl_builder&#038;fl_builder_ui_iframe\" data-value=\"https:\/\/elettrotecnicabc.com\/es\/nuevos-modelos\/?fl_builder&#038;fl_builder_ui_iframe\" aria-invalid=\"false\"\/><\/p>\n<!-- Chimpmatic extension by Renzo Johnson -->\n<\/form>\n\n","protected":false},"excerpt":{"rendered":"<p>Elettrotecnica BC | Nuevos modelos Nuevos modelos Descrizione nuovi modelli ES Contact us to find out more! Vaya al formulario para preguntar por nuestros productos. CONTACT US Modelli GALLERIA FOTO Cont\u00e1ctanos para m\u00e1s informaci\u00f3n! Rellene este formulario para solicitar informaci\u00f3n sobre nuestros productos. Solicitud de informaci\u00f3n sobre&#8230;*Asesoramiento generalPresupuesto de la m\u00e1quinaPresupuesto de la l\u00ednea completaOtros [&hellip;]<\/p>\n","protected":false},"author":1,"featured_media":8502,"parent":0,"menu_order":0,"comment_status":"closed","ping_status":"closed","template":"","meta":{"_acf_changed":false,"inline_featured_image":false,"site-sidebar-layout":"no-sidebar","site-content-layout":"page-builder","ast-site-content-layout":"full-width-container","site-content-style":"unboxed","site-sidebar-style":"unboxed","ast-global-header-display":"","ast-banner-title-visibility":"","ast-main-header-display":"","ast-hfb-above-header-display":"","ast-hfb-below-header-display":"","ast-hfb-mobile-header-display":"","site-post-title":"disabled","ast-breadcrumbs-content":"","ast-featured-img":"disabled","footer-sml-layout":"","theme-transparent-header-meta":"default","adv-header-id-meta":"","stick-header-meta":"default","header-above-stick-meta":"","header-main-stick-meta":"","header-below-stick-meta":"","astra-migrate-meta-layouts":"set","ast-page-background-enabled":"default","ast-page-background-meta":{"desktop":{"background-color":"","background-image":"","background-repeat":"repeat","background-position":"center center","background-size":"auto","background-attachment":"scroll","background-type":"","background-media":"","overlay-type":"","overlay-color":"","overlay-opacity":"","overlay-gradient":""},"tablet":{"background-color":"","background-image":"","background-repeat":"repeat","background-position":"center center","background-size":"auto","background-attachment":"scroll","background-type":"","background-media":"","overlay-type":"","overlay-color":"","overlay-opacity":"","overlay-gradient":""},"mobile":{"background-color":"","background-image":"","background-repeat":"repeat","background-position":"center center","background-size":"auto","background-attachment":"scroll","background-type":"","background-media":"","overlay-type":"","overlay-color":"","overlay-opacity":"","overlay-gradient":""}},"ast-content-background-meta":{"desktop":{"background-color":"var(--ast-global-color-5)","background-image":"","background-repeat":"repeat","background-position":"center center","background-size":"auto","background-attachment":"scroll","background-type":"","background-media":"","overlay-type":"","overlay-color":"","overlay-opacity":"","overlay-gradient":""},"tablet":{"background-color":"var(--ast-global-color-5)","background-image":"","background-repeat":"repeat","background-position":"center center","background-size":"auto","background-attachment":"scroll","background-type":"","background-media":"","overlay-type":"","overlay-color":"","overlay-opacity":"","overlay-gradient":""},"mobile":{"background-color":"var(--ast-global-color-5)","background-image":"","background-repeat":"repeat","background-position":"center center","background-size":"auto","background-attachment":"scroll","background-type":"","background-media":"","overlay-type":"","overlay-color":"","overlay-opacity":"","overlay-gradient":""}},"footnotes":""},"tipo-pagine":[63],"categoria-pagine":[252],"class_list":["post-8177","page","type-page","status-publish","has-post-thumbnail","hentry","tipo-pagine-categorie-prodotti","categoria-pagine-nuovi-modelli"],"acf":[],"yoast_head":"<!-- This site is optimized with the Yoast SEO plugin v26.3 - https:\/\/yoast.com\/wordpress\/plugins\/seo\/ -->\n<title>Nuevos modelos | ElettrotecnicaBC<\/title>\n<meta name=\"description\" content=\"Elettrotecnica BC | Nuevos modelos Nuevos modelos Descrizione nuovi modelli ES Contact us to find out more! Vaya al formulario para preguntar por nuestros\" \/>\n<meta name=\"robots\" content=\"index, follow, max-snippet:-1, max-image-preview:large, max-video-preview:-1\" \/>\n<link rel=\"canonical\" href=\"https:\/\/elettrotecnicabc.com\/it\/nuovi-modelli\/\" \/>\n<meta property=\"og:locale\" content=\"es_ES\" \/>\n<meta property=\"og:type\" content=\"article\" \/>\n<meta property=\"og:title\" content=\"Nuevos modelos | ElettrotecnicaBC\" \/>\n<meta property=\"og:description\" content=\"Elettrotecnica BC | Nuevos modelos Nuevos modelos Descrizione nuovi modelli ES Contact us to find out more! Vaya al formulario para preguntar por nuestros\" \/>\n<meta property=\"og:url\" content=\"https:\/\/elettrotecnicabc.com\/it\/nuovi-modelli\/\" \/>\n<meta property=\"og:site_name\" content=\"ElettrotecnicaBC\" \/>\n<meta property=\"article:publisher\" content=\"https:\/\/www.facebook.com\/elettrotecnicabc\/\" \/>\n<meta property=\"article:modified_time\" content=\"2023-12-14T15:15:45+00:00\" \/>\n<meta property=\"og:image\" content=\"https:\/\/elettrotecnicabc.com\/wp-content\/uploads\/2024\/06\/bc-nuovi-modelli-logo.png\" \/>\n\t<meta property=\"og:image:width\" content=\"325\" \/>\n\t<meta property=\"og:image:height\" content=\"263\" \/>\n\t<meta property=\"og:image:type\" content=\"image\/png\" \/>\n<meta name=\"twitter:card\" content=\"summary_large_image\" \/>\n<script type=\"application\/ld+json\" class=\"yoast-schema-graph\">{\"@context\":\"https:\/\/schema.org\",\"@graph\":[{\"@type\":\"WebPage\",\"@id\":\"https:\/\/elettrotecnicabc.com\/it\/nuovi-modelli\/\",\"url\":\"https:\/\/elettrotecnicabc.com\/it\/nuovi-modelli\/\",\"name\":\"Nuevos modelos | ElettrotecnicaBC\",\"isPartOf\":{\"@id\":\"https:\/\/elettrotecnicabc.com\/it\/#website\"},\"primaryImageOfPage\":{\"@id\":\"https:\/\/elettrotecnicabc.com\/it\/nuovi-modelli\/#primaryimage\"},\"image\":{\"@id\":\"https:\/\/elettrotecnicabc.com\/it\/nuovi-modelli\/#primaryimage\"},\"thumbnailUrl\":\"https:\/\/elettrotecnicabc.com\/wp-content\/uploads\/2024\/06\/bc-nuovi-modelli-logo.png\",\"datePublished\":\"2023-12-12T10:50:55+00:00\",\"dateModified\":\"2023-12-14T15:15:45+00:00\",\"description\":\"Elettrotecnica BC | Nuevos modelos Nuevos modelos Descrizione nuovi modelli ES Contact us to find out more! Vaya al formulario para preguntar por nuestros\",\"breadcrumb\":{\"@id\":\"https:\/\/elettrotecnicabc.com\/it\/nuovi-modelli\/#breadcrumb\"},\"inLanguage\":\"es\",\"potentialAction\":[{\"@type\":\"ReadAction\",\"target\":[\"https:\/\/elettrotecnicabc.com\/it\/nuovi-modelli\/\"]}]},{\"@type\":\"ImageObject\",\"inLanguage\":\"es\",\"@id\":\"https:\/\/elettrotecnicabc.com\/it\/nuovi-modelli\/#primaryimage\",\"url\":\"https:\/\/elettrotecnicabc.com\/wp-content\/uploads\/2024\/06\/bc-nuovi-modelli-logo.png\",\"contentUrl\":\"https:\/\/elettrotecnicabc.com\/wp-content\/uploads\/2024\/06\/bc-nuovi-modelli-logo.png\",\"width\":325,\"height\":263},{\"@type\":\"BreadcrumbList\",\"@id\":\"https:\/\/elettrotecnicabc.com\/it\/nuovi-modelli\/#breadcrumb\",\"itemListElement\":[{\"@type\":\"ListItem\",\"position\":1,\"name\":\"Elettrotecnica BC\",\"item\":\"https:\/\/elettrotecnicabc.com\/es\/\"},{\"@type\":\"ListItem\",\"position\":2,\"name\":\"Nuevos modelos\"}]},{\"@type\":\"WebSite\",\"@id\":\"https:\/\/elettrotecnicabc.com\/it\/#website\",\"url\":\"https:\/\/elettrotecnicabc.com\/it\/\",\"name\":\"ElettrotecnicaBC\",\"description\":\"Produttori di macchinari per calzature\",\"publisher\":{\"@id\":\"https:\/\/elettrotecnicabc.com\/it\/#organization\"},\"potentialAction\":[{\"@type\":\"SearchAction\",\"target\":{\"@type\":\"EntryPoint\",\"urlTemplate\":\"https:\/\/elettrotecnicabc.com\/it\/?s={search_term_string}\"},\"query-input\":{\"@type\":\"PropertyValueSpecification\",\"valueRequired\":true,\"valueName\":\"search_term_string\"}}],\"inLanguage\":\"es\"},{\"@type\":\"Organization\",\"@id\":\"https:\/\/elettrotecnicabc.com\/it\/#organization\",\"name\":\"Elettrotecnica BC\",\"url\":\"https:\/\/elettrotecnicabc.com\/it\/\",\"logo\":{\"@type\":\"ImageObject\",\"inLanguage\":\"es\",\"@id\":\"https:\/\/elettrotecnicabc.com\/it\/#\/schema\/logo\/image\/\",\"url\":\"https:\/\/elettrotecnicabc.com\/wp-content\/uploads\/2021\/06\/Logo-trasp-rifinito.png\",\"contentUrl\":\"https:\/\/elettrotecnicabc.com\/wp-content\/uploads\/2021\/06\/Logo-trasp-rifinito.png\",\"width\":460,\"height\":365,\"caption\":\"Elettrotecnica BC\"},\"image\":{\"@id\":\"https:\/\/elettrotecnicabc.com\/it\/#\/schema\/logo\/image\/\"},\"sameAs\":[\"https:\/\/www.facebook.com\/elettrotecnicabc\/\",\"https:\/\/www.instagram.com\/elettrotecnica_bc\/\",\"https:\/\/www.linkedin.com\/company\/elettrotecnicabc\/\",\"https:\/\/www.youtube.com\/user\/ElettrotecnicaBC\/videos\"]}]}<\/script>\n<!-- \/ Yoast SEO plugin. -->","yoast_head_json":{"title":"Nuevos modelos | ElettrotecnicaBC","description":"Elettrotecnica BC | Nuevos modelos Nuevos modelos Descrizione nuovi modelli ES Contact us to find out more! Vaya al formulario para preguntar por nuestros","robots":{"index":"index","follow":"follow","max-snippet":"max-snippet:-1","max-image-preview":"max-image-preview:large","max-video-preview":"max-video-preview:-1"},"canonical":"https:\/\/elettrotecnicabc.com\/it\/nuovi-modelli\/","og_locale":"es_ES","og_type":"article","og_title":"Nuevos modelos | ElettrotecnicaBC","og_description":"Elettrotecnica BC | Nuevos modelos Nuevos modelos Descrizione nuovi modelli ES Contact us to find out more! Vaya al formulario para preguntar por nuestros","og_url":"https:\/\/elettrotecnicabc.com\/it\/nuovi-modelli\/","og_site_name":"ElettrotecnicaBC","article_publisher":"https:\/\/www.facebook.com\/elettrotecnicabc\/","article_modified_time":"2023-12-14T15:15:45+00:00","og_image":[{"width":325,"height":263,"url":"https:\/\/elettrotecnicabc.com\/wp-content\/uploads\/2024\/06\/bc-nuovi-modelli-logo.png","type":"image\/png"}],"twitter_card":"summary_large_image","schema":{"@context":"https:\/\/schema.org","@graph":[{"@type":"WebPage","@id":"https:\/\/elettrotecnicabc.com\/it\/nuovi-modelli\/","url":"https:\/\/elettrotecnicabc.com\/it\/nuovi-modelli\/","name":"Nuevos modelos | ElettrotecnicaBC","isPartOf":{"@id":"https:\/\/elettrotecnicabc.com\/it\/#website"},"primaryImageOfPage":{"@id":"https:\/\/elettrotecnicabc.com\/it\/nuovi-modelli\/#primaryimage"},"image":{"@id":"https:\/\/elettrotecnicabc.com\/it\/nuovi-modelli\/#primaryimage"},"thumbnailUrl":"https:\/\/elettrotecnicabc.com\/wp-content\/uploads\/2024\/06\/bc-nuovi-modelli-logo.png","datePublished":"2023-12-12T10:50:55+00:00","dateModified":"2023-12-14T15:15:45+00:00","description":"Elettrotecnica BC | Nuevos modelos Nuevos modelos Descrizione nuovi modelli ES Contact us to find out more! Vaya al formulario para preguntar por nuestros","breadcrumb":{"@id":"https:\/\/elettrotecnicabc.com\/it\/nuovi-modelli\/#breadcrumb"},"inLanguage":"es","potentialAction":[{"@type":"ReadAction","target":["https:\/\/elettrotecnicabc.com\/it\/nuovi-modelli\/"]}]},{"@type":"ImageObject","inLanguage":"es","@id":"https:\/\/elettrotecnicabc.com\/it\/nuovi-modelli\/#primaryimage","url":"https:\/\/elettrotecnicabc.com\/wp-content\/uploads\/2024\/06\/bc-nuovi-modelli-logo.png","contentUrl":"https:\/\/elettrotecnicabc.com\/wp-content\/uploads\/2024\/06\/bc-nuovi-modelli-logo.png","width":325,"height":263},{"@type":"BreadcrumbList","@id":"https:\/\/elettrotecnicabc.com\/it\/nuovi-modelli\/#breadcrumb","itemListElement":[{"@type":"ListItem","position":1,"name":"Elettrotecnica BC","item":"https:\/\/elettrotecnicabc.com\/es\/"},{"@type":"ListItem","position":2,"name":"Nuevos modelos"}]},{"@type":"WebSite","@id":"https:\/\/elettrotecnicabc.com\/it\/#website","url":"https:\/\/elettrotecnicabc.com\/it\/","name":"ElettrotecnicaBC","description":"Produttori di macchinari per calzature","publisher":{"@id":"https:\/\/elettrotecnicabc.com\/it\/#organization"},"potentialAction":[{"@type":"SearchAction","target":{"@type":"EntryPoint","urlTemplate":"https:\/\/elettrotecnicabc.com\/it\/?s={search_term_string}"},"query-input":{"@type":"PropertyValueSpecification","valueRequired":true,"valueName":"search_term_string"}}],"inLanguage":"es"},{"@type":"Organization","@id":"https:\/\/elettrotecnicabc.com\/it\/#organization","name":"Elettrotecnica BC","url":"https:\/\/elettrotecnicabc.com\/it\/","logo":{"@type":"ImageObject","inLanguage":"es","@id":"https:\/\/elettrotecnicabc.com\/it\/#\/schema\/logo\/image\/","url":"https:\/\/elettrotecnicabc.com\/wp-content\/uploads\/2021\/06\/Logo-trasp-rifinito.png","contentUrl":"https:\/\/elettrotecnicabc.com\/wp-content\/uploads\/2021\/06\/Logo-trasp-rifinito.png","width":460,"height":365,"caption":"Elettrotecnica BC"},"image":{"@id":"https:\/\/elettrotecnicabc.com\/it\/#\/schema\/logo\/image\/"},"sameAs":["https:\/\/www.facebook.com\/elettrotecnicabc\/","https:\/\/www.instagram.com\/elettrotecnica_bc\/","https:\/\/www.linkedin.com\/company\/elettrotecnicabc\/","https:\/\/www.youtube.com\/user\/ElettrotecnicaBC\/videos"]}]}},"_links":{"self":[{"href":"https:\/\/elettrotecnicabc.com\/es\/wp-json\/wp\/v2\/pages\/8177","targetHints":{"allow":["GET"]}}],"collection":[{"href":"https:\/\/elettrotecnicabc.com\/es\/wp-json\/wp\/v2\/pages"}],"about":[{"href":"https:\/\/elettrotecnicabc.com\/es\/wp-json\/wp\/v2\/types\/page"}],"author":[{"embeddable":true,"href":"https:\/\/elettrotecnicabc.com\/es\/wp-json\/wp\/v2\/users\/1"}],"replies":[{"embeddable":true,"href":"https:\/\/elettrotecnicabc.com\/es\/wp-json\/wp\/v2\/comments?post=8177"}],"version-history":[{"count":2,"href":"https:\/\/elettrotecnicabc.com\/es\/wp-json\/wp\/v2\/pages\/8177\/revisions"}],"predecessor-version":[{"id":8190,"href":"https:\/\/elettrotecnicabc.com\/es\/wp-json\/wp\/v2\/pages\/8177\/revisions\/8190"}],"wp:featuredmedia":[{"embeddable":true,"href":"https:\/\/elettrotecnicabc.com\/es\/wp-json\/wp\/v2\/media\/8502"}],"wp:attachment":[{"href":"https:\/\/elettrotecnicabc.com\/es\/wp-json\/wp\/v2\/media?parent=8177"}],"wp:term":[{"taxonomy":"tipo-pagine","embeddable":true,"href":"https:\/\/elettrotecnicabc.com\/es\/wp-json\/wp\/v2\/tipo-pagine?post=8177"},{"taxonomy":"categoria-pagine","embeddable":true,"href":"https:\/\/elettrotecnicabc.com\/es\/wp-json\/wp\/v2\/categoria-pagine?post=8177"}],"curies":[{"name":"wp","href":"https:\/\/api.w.org\/{rel}","templated":true}]}}