{"id":6166,"date":"2021-06-07T16:43:11","date_gmt":"2021-06-07T14:43:11","guid":{"rendered":"https:\/\/elettrotecnicabc.com\/wp\/contactenos\/"},"modified":"2021-08-26T10:54:34","modified_gmt":"2021-08-26T08:54:34","slug":"contactenos","status":"publish","type":"page","link":"https:\/\/elettrotecnicabc.com\/es\/contactenos\/","title":{"rendered":"Cont\u00e1ctenos"},"content":{"rendered":"\n\n\t<a href=\"https:\/\/elettrotecnicabc.com\/wp\/es\/\">Elettronica BC<\/a> | Cont\u00e1ctenos\n\tElettrotecnica B.C. S.r.l.<br \/>\n<a href=\"https:\/\/www.google.com\/maps\/place\/Elettrotecnica+B.C.+Spa\/@45.3205757,8.8848333,15z\/data=!4m5!3m4!1s0x0:0x47362d54ec925bec!8m2!3d45.320475!4d8.8848311\" target=\"_blank\" rel=\"noopener\">Via Indipendenza, 4227029 Vigevano (PV) Italy<\/a>\n<a href=\"mailto:info@elettrotecnicabc.com\" target=\"_blank\" rel=\"noopener\">info@elettrotecnicabc.com<\/a><br \/>\n<a href=\"tel:+390381340111\">(+39) 0381 340111<\/a>\n<h2>\n\t\tCont\u00e1ctanos aqu\u00ed\n\t<\/h2>\n\t<p>Complete este formulario para solicitar informaci\u00f3n sobre nuestros productos.<\/p>\n\t<h3>\n\t\t<\/h3>\n\t\n\t\t\n <ul><\/ul>\n<form action=\"\/es\/?page_id=6166&#038;fl_builder#wpcf7-f6206-o1\" method=\"post\" novalidate=\"novalidate\" data-status=\"init\">\n<input type=\"hidden\" name=\"_wpcf7\" value=\"6206\" \/>\n<input type=\"hidden\" name=\"_wpcf7_version\" value=\"5.4.2\" \/>\n<input type=\"hidden\" name=\"_wpcf7_locale\" value=\"es_ES\" \/>\n<input type=\"hidden\" name=\"_wpcf7_unit_tag\" value=\"wpcf7-f6206-o1\" \/>\n<input type=\"hidden\" name=\"_wpcf7_container_post\" value=\"0\" \/>\n<input type=\"hidden\" name=\"_wpcf7_posted_data_hash\" value=\"\" \/>\n      <input type=\"text\" name=\"nome\" value=\"\" size=\"40\" aria-required=\"true\" aria-invalid=\"false\" placeholder=\"Nombre y apellido*\" \/>\n      <input type=\"text\" name=\"azienda\" value=\"\" size=\"40\" aria-invalid=\"false\" placeholder=\"Empresa\" \/>\n      <input type=\"tel\" name=\"tel\" value=\"\" size=\"40\" aria-invalid=\"false\" placeholder=\"Tel\u00e9fono\" \/>\n      <input type=\"email\" name=\"indirizzo-mail\" value=\"\" size=\"40\" aria-required=\"true\" aria-invalid=\"false\" placeholder=\"Email*\" \/>\n      <textarea name=\"messaggio\" cols=\"40\" rows=\"10\" aria-required=\"true\" aria-invalid=\"false\" placeholder=\"Mensaje\"><\/textarea>\n        <label><input type=\"checkbox\" name=\"privacy\" value=\"1\" aria-invalid=\"false\" \/><small> Confirmo que he le\u00eddo la informaci\u00f3n en el <a href=\"#\" title=\"Privacy Policy\">Privacy<\/a>.*<\/small><\/label>\n        <label><input type=\"checkbox\" name=\"marketing\" value=\"1\" aria-invalid=\"false\" \/><small> Autorizo \u200b\u200brecibir informaci\u00f3n de marketing \/ comercial<\/small><\/label>\n      <input type=\"submit\" value=\"Enviar mensaje\" \/>\n\n<!-- Chimpmail extension by Renzo Johnson -->\n<\/form>\n\n","protected":false},"excerpt":{"rendered":"<p>Elettronica BC | Cont\u00e1ctenos Elettrotecnica B.C. S.r.l. Via Indipendenza, 4227029 Vigevano (PV) Italy info@elettrotecnicabc.com (+39) 0381 340111 Cont\u00e1ctanos aqu\u00ed Complete este formulario para solicitar informaci\u00f3n sobre nuestros productos. Confirmo que he le\u00eddo la informaci\u00f3n en el Privacy.* Autorizo \u200b\u200brecibir informaci\u00f3n de marketing \/ comercial<\/p>\n","protected":false},"author":1,"featured_media":0,"parent":0,"menu_order":0,"comment_status":"closed","ping_status":"closed","template":"","meta":{"_acf_changed":false,"inline_featured_image":false,"site-sidebar-layout":"no-sidebar","site-content-layout":"page-builder","ast-site-content-layout":"default","site-content-style":"default","site-sidebar-style":"default","ast-global-header-display":"","ast-banner-title-visibility":"","ast-main-header-display":"","ast-hfb-above-header-display":"","ast-hfb-below-header-display":"","ast-hfb-mobile-header-display":"","site-post-title":"disabled","ast-breadcrumbs-content":"","ast-featured-img":"disabled","footer-sml-layout":"","theme-transparent-header-meta":"disabled","adv-header-id-meta":"","stick-header-meta":"disabled","header-above-stick-meta":"","header-main-stick-meta":"","header-below-stick-meta":"","astra-migrate-meta-layouts":"default","ast-page-background-enabled":"default","ast-page-background-meta":{"desktop":{"background-color":"","background-image":"","background-repeat":"repeat","background-position":"center center","background-size":"auto","background-attachment":"scroll","background-type":"","background-media":"","overlay-type":"","overlay-color":"","overlay-opacity":"","overlay-gradient":""},"tablet":{"background-color":"","background-image":"","background-repeat":"repeat","background-position":"center center","background-size":"auto","background-attachment":"scroll","background-type":"","background-media":"","overlay-type":"","overlay-color":"","overlay-opacity":"","overlay-gradient":""},"mobile":{"background-color":"","background-image":"","background-repeat":"repeat","background-position":"center center","background-size":"auto","background-attachment":"scroll","background-type":"","background-media":"","overlay-type":"","overlay-color":"","overlay-opacity":"","overlay-gradient":""}},"ast-content-background-meta":{"desktop":{"background-color":"var(--ast-global-color-5)","background-image":"","background-repeat":"repeat","background-position":"center center","background-size":"auto","background-attachment":"scroll","background-type":"","background-media":"","overlay-type":"","overlay-color":"","overlay-opacity":"","overlay-gradient":""},"tablet":{"background-color":"var(--ast-global-color-5)","background-image":"","background-repeat":"repeat","background-position":"center center","background-size":"auto","background-attachment":"scroll","background-type":"","background-media":"","overlay-type":"","overlay-color":"","overlay-opacity":"","overlay-gradient":""},"mobile":{"background-color":"var(--ast-global-color-5)","background-image":"","background-repeat":"repeat","background-position":"center center","background-size":"auto","background-attachment":"scroll","background-type":"","background-media":"","overlay-type":"","overlay-color":"","overlay-opacity":"","overlay-gradient":""}},"footnotes":""},"tipo-pagine":[],"categoria-pagine":[],"class_list":["post-6166","page","type-page","status-publish","hentry"],"acf":[],"yoast_head":"<!-- This site is optimized with the Yoast SEO plugin v26.3 - https:\/\/yoast.com\/wordpress\/plugins\/seo\/ -->\n<title>Cont\u00e1ctenos | ElettrotecnicaBC<\/title>\n<meta name=\"description\" content=\"Elettronica BC | Cont\u00e1ctenos Elettrotecnica B.C. S.r.l. Via Indipendenza, 4227029 Vigevano (PV) Italy info@elettrotecnicabc.com (+39) 0381 340111\" \/>\n<meta name=\"robots\" content=\"index, follow, max-snippet:-1, max-image-preview:large, max-video-preview:-1\" \/>\n<link rel=\"canonical\" href=\"https:\/\/elettrotecnicabc.com\/it\/contattaci\/\" \/>\n<meta property=\"og:locale\" content=\"es_ES\" \/>\n<meta property=\"og:type\" content=\"article\" \/>\n<meta property=\"og:title\" content=\"Cont\u00e1ctenos | ElettrotecnicaBC\" \/>\n<meta property=\"og:description\" content=\"Elettronica BC | Cont\u00e1ctenos Elettrotecnica B.C. S.r.l. Via Indipendenza, 4227029 Vigevano (PV) Italy info@elettrotecnicabc.com (+39) 0381 340111\" \/>\n<meta property=\"og:url\" content=\"https:\/\/elettrotecnicabc.com\/it\/contattaci\/\" \/>\n<meta property=\"og:site_name\" content=\"ElettrotecnicaBC\" \/>\n<meta property=\"article:publisher\" content=\"https:\/\/www.facebook.com\/elettrotecnicabc\/\" \/>\n<meta property=\"article:modified_time\" content=\"2021-08-26T08:54:34+00:00\" \/>\n<meta property=\"og:image\" content=\"https:\/\/elettrotecnicabc.com\/wp-content\/uploads\/2021\/07\/premonta-7000-v4.jpg\" \/>\n\t<meta property=\"og:image:width\" content=\"1701\" \/>\n\t<meta property=\"og:image:height\" content=\"1906\" \/>\n\t<meta property=\"og:image:type\" content=\"image\/jpeg\" \/>\n<meta name=\"twitter:card\" content=\"summary_large_image\" \/>\n<script type=\"application\/ld+json\" class=\"yoast-schema-graph\">{\"@context\":\"https:\/\/schema.org\",\"@graph\":[{\"@type\":\"WebPage\",\"@id\":\"https:\/\/elettrotecnicabc.com\/it\/contattaci\/\",\"url\":\"https:\/\/elettrotecnicabc.com\/it\/contattaci\/\",\"name\":\"Cont\u00e1ctenos | ElettrotecnicaBC\",\"isPartOf\":{\"@id\":\"https:\/\/elettrotecnicabc.com\/it\/#website\"},\"datePublished\":\"2021-06-07T14:43:11+00:00\",\"dateModified\":\"2021-08-26T08:54:34+00:00\",\"description\":\"Elettronica BC | Cont\u00e1ctenos Elettrotecnica B.C. S.r.l. Via Indipendenza, 4227029 Vigevano (PV) Italy info@elettrotecnicabc.com (+39) 0381 340111\",\"breadcrumb\":{\"@id\":\"https:\/\/elettrotecnicabc.com\/it\/contattaci\/#breadcrumb\"},\"inLanguage\":\"es\",\"potentialAction\":[{\"@type\":\"ReadAction\",\"target\":[\"https:\/\/elettrotecnicabc.com\/it\/contattaci\/\"]}]},{\"@type\":\"BreadcrumbList\",\"@id\":\"https:\/\/elettrotecnicabc.com\/it\/contattaci\/#breadcrumb\",\"itemListElement\":[{\"@type\":\"ListItem\",\"position\":1,\"name\":\"Elettrotecnica BC\",\"item\":\"https:\/\/elettrotecnicabc.com\/es\/\"},{\"@type\":\"ListItem\",\"position\":2,\"name\":\"Cont\u00e1ctenos\"}]},{\"@type\":\"WebSite\",\"@id\":\"https:\/\/elettrotecnicabc.com\/it\/#website\",\"url\":\"https:\/\/elettrotecnicabc.com\/it\/\",\"name\":\"ElettrotecnicaBC\",\"description\":\"Produttori di macchinari per calzature\",\"publisher\":{\"@id\":\"https:\/\/elettrotecnicabc.com\/it\/#organization\"},\"potentialAction\":[{\"@type\":\"SearchAction\",\"target\":{\"@type\":\"EntryPoint\",\"urlTemplate\":\"https:\/\/elettrotecnicabc.com\/it\/?s={search_term_string}\"},\"query-input\":{\"@type\":\"PropertyValueSpecification\",\"valueRequired\":true,\"valueName\":\"search_term_string\"}}],\"inLanguage\":\"es\"},{\"@type\":\"Organization\",\"@id\":\"https:\/\/elettrotecnicabc.com\/it\/#organization\",\"name\":\"Elettrotecnica BC\",\"url\":\"https:\/\/elettrotecnicabc.com\/it\/\",\"logo\":{\"@type\":\"ImageObject\",\"inLanguage\":\"es\",\"@id\":\"https:\/\/elettrotecnicabc.com\/it\/#\/schema\/logo\/image\/\",\"url\":\"https:\/\/elettrotecnicabc.com\/wp-content\/uploads\/2021\/06\/Logo-trasp-rifinito.png\",\"contentUrl\":\"https:\/\/elettrotecnicabc.com\/wp-content\/uploads\/2021\/06\/Logo-trasp-rifinito.png\",\"width\":460,\"height\":365,\"caption\":\"Elettrotecnica BC\"},\"image\":{\"@id\":\"https:\/\/elettrotecnicabc.com\/it\/#\/schema\/logo\/image\/\"},\"sameAs\":[\"https:\/\/www.facebook.com\/elettrotecnicabc\/\",\"https:\/\/www.instagram.com\/elettrotecnica_bc\/\",\"https:\/\/www.linkedin.com\/company\/elettrotecnicabc\/\",\"https:\/\/www.youtube.com\/user\/ElettrotecnicaBC\/videos\"]}]}<\/script>\n<!-- \/ Yoast SEO plugin. -->","yoast_head_json":{"title":"Cont\u00e1ctenos | ElettrotecnicaBC","description":"Elettronica BC | Cont\u00e1ctenos Elettrotecnica B.C. S.r.l. Via Indipendenza, 4227029 Vigevano (PV) Italy info@elettrotecnicabc.com (+39) 0381 340111","robots":{"index":"index","follow":"follow","max-snippet":"max-snippet:-1","max-image-preview":"max-image-preview:large","max-video-preview":"max-video-preview:-1"},"canonical":"https:\/\/elettrotecnicabc.com\/it\/contattaci\/","og_locale":"es_ES","og_type":"article","og_title":"Cont\u00e1ctenos | ElettrotecnicaBC","og_description":"Elettronica BC | Cont\u00e1ctenos Elettrotecnica B.C. S.r.l. Via Indipendenza, 4227029 Vigevano (PV) Italy info@elettrotecnicabc.com (+39) 0381 340111","og_url":"https:\/\/elettrotecnicabc.com\/it\/contattaci\/","og_site_name":"ElettrotecnicaBC","article_publisher":"https:\/\/www.facebook.com\/elettrotecnicabc\/","article_modified_time":"2021-08-26T08:54:34+00:00","og_image":[{"width":1701,"height":1906,"url":"https:\/\/elettrotecnicabc.com\/wp-content\/uploads\/2021\/07\/premonta-7000-v4.jpg","type":"image\/jpeg"}],"twitter_card":"summary_large_image","schema":{"@context":"https:\/\/schema.org","@graph":[{"@type":"WebPage","@id":"https:\/\/elettrotecnicabc.com\/it\/contattaci\/","url":"https:\/\/elettrotecnicabc.com\/it\/contattaci\/","name":"Cont\u00e1ctenos | ElettrotecnicaBC","isPartOf":{"@id":"https:\/\/elettrotecnicabc.com\/it\/#website"},"datePublished":"2021-06-07T14:43:11+00:00","dateModified":"2021-08-26T08:54:34+00:00","description":"Elettronica BC | Cont\u00e1ctenos Elettrotecnica B.C. S.r.l. Via Indipendenza, 4227029 Vigevano (PV) Italy info@elettrotecnicabc.com (+39) 0381 340111","breadcrumb":{"@id":"https:\/\/elettrotecnicabc.com\/it\/contattaci\/#breadcrumb"},"inLanguage":"es","potentialAction":[{"@type":"ReadAction","target":["https:\/\/elettrotecnicabc.com\/it\/contattaci\/"]}]},{"@type":"BreadcrumbList","@id":"https:\/\/elettrotecnicabc.com\/it\/contattaci\/#breadcrumb","itemListElement":[{"@type":"ListItem","position":1,"name":"Elettrotecnica BC","item":"https:\/\/elettrotecnicabc.com\/es\/"},{"@type":"ListItem","position":2,"name":"Cont\u00e1ctenos"}]},{"@type":"WebSite","@id":"https:\/\/elettrotecnicabc.com\/it\/#website","url":"https:\/\/elettrotecnicabc.com\/it\/","name":"ElettrotecnicaBC","description":"Produttori di macchinari per calzature","publisher":{"@id":"https:\/\/elettrotecnicabc.com\/it\/#organization"},"potentialAction":[{"@type":"SearchAction","target":{"@type":"EntryPoint","urlTemplate":"https:\/\/elettrotecnicabc.com\/it\/?s={search_term_string}"},"query-input":{"@type":"PropertyValueSpecification","valueRequired":true,"valueName":"search_term_string"}}],"inLanguage":"es"},{"@type":"Organization","@id":"https:\/\/elettrotecnicabc.com\/it\/#organization","name":"Elettrotecnica BC","url":"https:\/\/elettrotecnicabc.com\/it\/","logo":{"@type":"ImageObject","inLanguage":"es","@id":"https:\/\/elettrotecnicabc.com\/it\/#\/schema\/logo\/image\/","url":"https:\/\/elettrotecnicabc.com\/wp-content\/uploads\/2021\/06\/Logo-trasp-rifinito.png","contentUrl":"https:\/\/elettrotecnicabc.com\/wp-content\/uploads\/2021\/06\/Logo-trasp-rifinito.png","width":460,"height":365,"caption":"Elettrotecnica BC"},"image":{"@id":"https:\/\/elettrotecnicabc.com\/it\/#\/schema\/logo\/image\/"},"sameAs":["https:\/\/www.facebook.com\/elettrotecnicabc\/","https:\/\/www.instagram.com\/elettrotecnica_bc\/","https:\/\/www.linkedin.com\/company\/elettrotecnicabc\/","https:\/\/www.youtube.com\/user\/ElettrotecnicaBC\/videos"]}]}},"_links":{"self":[{"href":"https:\/\/elettrotecnicabc.com\/es\/wp-json\/wp\/v2\/pages\/6166","targetHints":{"allow":["GET"]}}],"collection":[{"href":"https:\/\/elettrotecnicabc.com\/es\/wp-json\/wp\/v2\/pages"}],"about":[{"href":"https:\/\/elettrotecnicabc.com\/es\/wp-json\/wp\/v2\/types\/page"}],"author":[{"embeddable":true,"href":"https:\/\/elettrotecnicabc.com\/es\/wp-json\/wp\/v2\/users\/1"}],"replies":[{"embeddable":true,"href":"https:\/\/elettrotecnicabc.com\/es\/wp-json\/wp\/v2\/comments?post=6166"}],"version-history":[{"count":1,"href":"https:\/\/elettrotecnicabc.com\/es\/wp-json\/wp\/v2\/pages\/6166\/revisions"}],"predecessor-version":[{"id":6886,"href":"https:\/\/elettrotecnicabc.com\/es\/wp-json\/wp\/v2\/pages\/6166\/revisions\/6886"}],"wp:attachment":[{"href":"https:\/\/elettrotecnicabc.com\/es\/wp-json\/wp\/v2\/media?parent=6166"}],"wp:term":[{"taxonomy":"tipo-pagine","embeddable":true,"href":"https:\/\/elettrotecnicabc.com\/es\/wp-json\/wp\/v2\/tipo-pagine?post=6166"},{"taxonomy":"categoria-pagine","embeddable":true,"href":"https:\/\/elettrotecnicabc.com\/es\/wp-json\/wp\/v2\/categoria-pagine?post=6166"}],"curies":[{"name":"wp","href":"https:\/\/api.w.org\/{rel}","templated":true}]}}